{"id":2835,"date":"2024-04-18T20:53:19","date_gmt":"2024-04-18T20:53:19","guid":{"rendered":"https:\/\/www.gruposdiferenciales.es\/produkte\/"},"modified":"2024-12-02T12:27:31","modified_gmt":"2024-12-02T12:27:31","slug":"produkte","status":"publish","type":"page","link":"https:\/\/www.gruposdiferenciales.es\/de\/produkte\/","title":{"rendered":"Produkte"},"content":{"rendered":"\t\t<div data-elementor-type=\"wp-page\" data-elementor-id=\"2835\" class=\"elementor elementor-2835 elementor-935\" data-elementor-post-type=\"page\">\n\t\t\t\t\t\t<section class=\"elementor-section elementor-top-section elementor-element elementor-element-ea75a71 elementor-section-boxed elementor-section-height-default elementor-section-height-default\" data-id=\"ea75a71\" data-element_type=\"section\" data-settings=\"{&quot;background_background&quot;:&quot;classic&quot;,&quot;background_motion_fx_motion_fx_scrolling&quot;:&quot;yes&quot;,&quot;background_motion_fx_translateY_effect&quot;:&quot;yes&quot;,&quot;background_motion_fx_translateY_speed&quot;:{&quot;unit&quot;:&quot;px&quot;,&quot;size&quot;:4,&quot;sizes&quot;:[]},&quot;background_motion_fx_translateY_affectedRange&quot;:{&quot;unit&quot;:&quot;%&quot;,&quot;size&quot;:&quot;&quot;,&quot;sizes&quot;:{&quot;start&quot;:0,&quot;end&quot;:100}},&quot;background_motion_fx_devices&quot;:[&quot;desktop&quot;,&quot;tablet&quot;,&quot;mobile&quot;]}\">\n\t\t\t\t\t\t<div class=\"elementor-container elementor-column-gap-default\">\n\t\t\t\t\t<div class=\"elementor-column elementor-col-100 elementor-top-column elementor-element elementor-element-0d49417\" data-id=\"0d49417\" data-element_type=\"column\">\n\t\t\t<div class=\"elementor-widget-wrap elementor-element-populated\">\n\t\t\t\t\t\t<div class=\"elementor-element elementor-element-265a698 elementor-widget elementor-widget-heading\" data-id=\"265a698\" data-element_type=\"widget\" data-widget_type=\"heading.default\">\n\t\t\t\t<div class=\"elementor-widget-container\">\n\t\t\t\t\t<h1 class=\"elementor-heading-title elementor-size-default\">Produkte<\/h1>\t\t\t\t<\/div>\n\t\t\t\t<\/div>\n\t\t\t\t<div class=\"elementor-element elementor-element-23d14c1 elementor-widget elementor-widget-text-editor\" data-id=\"23d14c1\" data-element_type=\"widget\" data-widget_type=\"text-editor.default\">\n\t\t\t\t<div class=\"elementor-widget-container\">\n\t\t\t\t\t\t\t\t\t<p>F\u00fchrende Entwicklung und Herstellung von Zahnr\u00e4dern<\/p>\n\t\t\t\t\t\t\t\t<\/div>\n\t\t\t\t<\/div>\n\t\t\t\t\t<\/div>\n\t\t<\/div>\n\t\t\t\t\t<\/div>\n\t\t<\/section>\n\t\t\t\t<section class=\"elementor-section elementor-top-section elementor-element elementor-element-dbff07f elementor-section-boxed elementor-section-height-default elementor-section-height-default\" data-id=\"dbff07f\" data-element_type=\"section\">\n\t\t\t\t\t\t<div class=\"elementor-container elementor-column-gap-default\">\n\t\t\t\t\t<div class=\"elementor-column elementor-col-100 elementor-top-column elementor-element elementor-element-3985522\" data-id=\"3985522\" data-element_type=\"column\">\n\t\t\t<div class=\"elementor-widget-wrap elementor-element-populated\">\n\t\t\t\t\t\t<div class=\"elementor-element elementor-element-0a36637 elementor-widget elementor-widget-text-editor\" data-id=\"0a36637\" data-element_type=\"widget\" data-widget_type=\"text-editor.default\">\n\t\t\t\t<div class=\"elementor-widget-container\">\n\t\t\t\t\t\t\t\t\t<p>Wir sind Spezialisten in der Herstellung von gel\u00e4ppten und geh\u00e4rteten Kegelr\u00e4dern, sowohl mit der Schleif- als auch der HPG-Methode. Wir verfolgen alle Analyse- und Pr\u00fcfverfahren durch alle Produktionsphasen, um die h\u00f6chste Qualit\u00e4t bei allen unseren Produkten zu gew\u00e4hrleisten. <\/p>\n\t\t\t\t\t\t\t\t<\/div>\n\t\t\t\t<\/div>\n\t\t\t\t\t<\/div>\n\t\t<\/div>\n\t\t\t\t\t<\/div>\n\t\t<\/section>\n\t\t\t\t<section class=\"elementor-section elementor-top-section elementor-element elementor-element-514fbb5 elementor-section-boxed elementor-section-height-default elementor-section-height-default\" data-id=\"514fbb5\" data-element_type=\"section\" data-settings=\"{&quot;background_background&quot;:&quot;classic&quot;}\">\n\t\t\t\t\t\t<div class=\"elementor-container elementor-column-gap-default\">\n\t\t\t\t\t<div class=\"elementor-column elementor-col-25 elementor-top-column elementor-element elementor-element-5b2cb7b elementor-invisible\" data-id=\"5b2cb7b\" data-element_type=\"column\" data-settings=\"{&quot;animation&quot;:&quot;fadeInUp&quot;}\">\n\t\t\t<div class=\"elementor-widget-wrap elementor-element-populated\">\n\t\t\t\t\t\t<div class=\"elementor-element elementor-element-2e4eb44 elementor-widget elementor-widget-image\" data-id=\"2e4eb44\" data-element_type=\"widget\" data-widget_type=\"image.default\">\n\t\t\t\t<div class=\"elementor-widget-container\">\n\t\t\t\t\t\t\t\t\t\t\t\t\t\t\t\t<a href=\"https:\/\/www.gruposdiferenciales.es\/de\/produkte\/spiral-getriebe\/\">\n\t\t\t\t\t\t\t<img fetchpriority=\"high\" decoding=\"async\" width=\"800\" height=\"800\" src=\"https:\/\/www.gruposdiferenciales.es\/wp-content\/uploads\/2024\/04\/productos-grupos-conicos.jpg\" class=\"attachment-full size-full wp-image-1985\" alt=\"\" srcset=\"https:\/\/www.gruposdiferenciales.es\/wp-content\/uploads\/2024\/04\/productos-grupos-conicos.jpg 800w, https:\/\/www.gruposdiferenciales.es\/wp-content\/uploads\/2024\/04\/productos-grupos-conicos-300x300.jpg 300w, https:\/\/www.gruposdiferenciales.es\/wp-content\/uploads\/2024\/04\/productos-grupos-conicos-150x150.jpg 150w, https:\/\/www.gruposdiferenciales.es\/wp-content\/uploads\/2024\/04\/productos-grupos-conicos-768x768.jpg 768w\" sizes=\"(max-width: 800px) 100vw, 800px\" \/>\t\t\t\t\t\t\t\t<\/a>\n\t\t\t\t\t\t\t\t\t\t\t\t\t\t\t<\/div>\n\t\t\t\t<\/div>\n\t\t\t\t<div class=\"elementor-element elementor-element-da468d5 elementor-widget elementor-widget-heading\" data-id=\"da468d5\" data-element_type=\"widget\" data-widget_type=\"heading.default\">\n\t\t\t\t<div class=\"elementor-widget-container\">\n\t\t\t\t\t<h3 class=\"elementor-heading-title elementor-size-default\"><a href=\"https:\/\/www.gruposdiferenciales.es\/de\/produkte\/spiral-getriebe\/\">Spiral-Getriebe<\/a><\/h3>\t\t\t\t<\/div>\n\t\t\t\t<\/div>\n\t\t\t\t<div class=\"elementor-element elementor-element-09ab1b9 elementor-widget elementor-widget-text-editor\" data-id=\"09ab1b9\" data-element_type=\"widget\" data-widget_type=\"text-editor.default\">\n\t\t\t\t<div class=\"elementor-widget-container\">\n\t\t\t\t\t\t\t\t\t<p>Wir sind auf die Herstellung von Spiral- und Hypoid-Kegelr\u00e4dern in den wichtigsten Technologien spezialisiert: Gleason, Klingelnberg und Oerlikon.<\/p>\n\t\t\t\t\t\t\t\t<\/div>\n\t\t\t\t<\/div>\n\t\t\t\t\t<\/div>\n\t\t<\/div>\n\t\t\t\t<div class=\"elementor-column elementor-col-25 elementor-top-column elementor-element elementor-element-37a65dc elementor-invisible\" data-id=\"37a65dc\" data-element_type=\"column\" data-settings=\"{&quot;animation&quot;:&quot;fadeInUp&quot;,&quot;animation_delay&quot;:300}\">\n\t\t\t<div class=\"elementor-widget-wrap elementor-element-populated\">\n\t\t\t\t\t\t<div class=\"elementor-element elementor-element-7cd2068 elementor-widget elementor-widget-image\" data-id=\"7cd2068\" data-element_type=\"widget\" data-widget_type=\"image.default\">\n\t\t\t\t<div class=\"elementor-widget-container\">\n\t\t\t\t\t\t\t\t\t\t\t\t\t\t\t\t<a href=\"https:\/\/www.gruposdiferenciales.es\/de\/produkte\/gerade-kegelraeder-differenziale\/\">\n\t\t\t\t\t\t\t<img decoding=\"async\" width=\"800\" height=\"800\" src=\"https:\/\/www.gruposdiferenciales.es\/wp-content\/uploads\/2024\/04\/productos-conicos-rectos.jpg\" class=\"attachment-full size-full wp-image-1991\" alt=\"\" srcset=\"https:\/\/www.gruposdiferenciales.es\/wp-content\/uploads\/2024\/04\/productos-conicos-rectos.jpg 800w, https:\/\/www.gruposdiferenciales.es\/wp-content\/uploads\/2024\/04\/productos-conicos-rectos-300x300.jpg 300w, https:\/\/www.gruposdiferenciales.es\/wp-content\/uploads\/2024\/04\/productos-conicos-rectos-150x150.jpg 150w, https:\/\/www.gruposdiferenciales.es\/wp-content\/uploads\/2024\/04\/productos-conicos-rectos-768x768.jpg 768w\" sizes=\"(max-width: 800px) 100vw, 800px\" \/>\t\t\t\t\t\t\t\t<\/a>\n\t\t\t\t\t\t\t\t\t\t\t\t\t\t\t<\/div>\n\t\t\t\t<\/div>\n\t\t\t\t<div class=\"elementor-element elementor-element-c085b91 elementor-widget elementor-widget-heading\" data-id=\"c085b91\" data-element_type=\"widget\" data-widget_type=\"heading.default\">\n\t\t\t\t<div class=\"elementor-widget-container\">\n\t\t\t\t\t<h3 class=\"elementor-heading-title elementor-size-default\"><a href=\"https:\/\/www.gruposdiferenciales.es\/de\/produkte\/gerade-kegelraeder-differenziale\/\">Gerade Kegelr\u00e4der und Differenzialgetriebe <\/a><\/h3>\t\t\t\t<\/div>\n\t\t\t\t<\/div>\n\t\t\t\t<div class=\"elementor-element elementor-element-c1e46e4 elementor-widget elementor-widget-text-editor\" data-id=\"c1e46e4\" data-element_type=\"widget\" data-widget_type=\"text-editor.default\">\n\t\t\t\t<div class=\"elementor-widget-container\">\n\t\t\t\t\t\t\t\t\t<p>Die geraden Kegelr\u00e4der sind mit den folgenden Technologien entworfen und hergestellt: Coniflex, Revacycle und Hipoflex.<\/p>\n\t\t\t\t\t\t\t\t<\/div>\n\t\t\t\t<\/div>\n\t\t\t\t\t<\/div>\n\t\t<\/div>\n\t\t\t\t<div class=\"elementor-column elementor-col-25 elementor-top-column elementor-element elementor-element-5dec66a elementor-invisible\" data-id=\"5dec66a\" data-element_type=\"column\" data-settings=\"{&quot;animation&quot;:&quot;fadeInUp&quot;,&quot;animation_delay&quot;:600}\">\n\t\t\t<div class=\"elementor-widget-wrap elementor-element-populated\">\n\t\t\t\t\t\t<div class=\"elementor-element elementor-element-30273d4 elementor-widget elementor-widget-image\" data-id=\"30273d4\" data-element_type=\"widget\" data-widget_type=\"image.default\">\n\t\t\t\t<div class=\"elementor-widget-container\">\n\t\t\t\t\t\t\t\t\t\t\t\t\t\t\t\t<a href=\"https:\/\/www.gruposdiferenciales.es\/de\/produkte\/zylindrische-getriebe\/\">\n\t\t\t\t\t\t\t<img decoding=\"async\" width=\"800\" height=\"800\" src=\"https:\/\/www.gruposdiferenciales.es\/wp-content\/uploads\/2024\/04\/productos-cilindricos.jpg\" class=\"attachment-full size-full wp-image-1997\" alt=\"\" srcset=\"https:\/\/www.gruposdiferenciales.es\/wp-content\/uploads\/2024\/04\/productos-cilindricos.jpg 800w, https:\/\/www.gruposdiferenciales.es\/wp-content\/uploads\/2024\/04\/productos-cilindricos-300x300.jpg 300w, https:\/\/www.gruposdiferenciales.es\/wp-content\/uploads\/2024\/04\/productos-cilindricos-150x150.jpg 150w, https:\/\/www.gruposdiferenciales.es\/wp-content\/uploads\/2024\/04\/productos-cilindricos-768x768.jpg 768w\" sizes=\"(max-width: 800px) 100vw, 800px\" \/>\t\t\t\t\t\t\t\t<\/a>\n\t\t\t\t\t\t\t\t\t\t\t\t\t\t\t<\/div>\n\t\t\t\t<\/div>\n\t\t\t\t<div class=\"elementor-element elementor-element-43aa425 elementor-widget elementor-widget-heading\" data-id=\"43aa425\" data-element_type=\"widget\" data-widget_type=\"heading.default\">\n\t\t\t\t<div class=\"elementor-widget-container\">\n\t\t\t\t\t<h3 class=\"elementor-heading-title elementor-size-default\"><a href=\"https:\/\/www.gruposdiferenciales.es\/de\/produkte\/zylindrische-getriebe\/\">Zylindrische Getriebe<\/a><\/h3>\t\t\t\t<\/div>\n\t\t\t\t<\/div>\n\t\t\t\t<div class=\"elementor-element elementor-element-1acc9dc elementor-widget elementor-widget-text-editor\" data-id=\"1acc9dc\" data-element_type=\"widget\" data-widget_type=\"text-editor.default\">\n\t\t\t\t<div class=\"elementor-widget-container\">\n\t\t\t\t\t\t\t\t\t<p>Wir entwickeln und produzieren eine breite Palette von hochpr\u00e4zisen Zylindrische Getriebe<\/p>\n\t\t\t\t\t\t\t\t<\/div>\n\t\t\t\t<\/div>\n\t\t\t\t\t<\/div>\n\t\t<\/div>\n\t\t\t\t<div class=\"elementor-column elementor-col-25 elementor-top-column elementor-element elementor-element-18e8241 elementor-invisible\" data-id=\"18e8241\" data-element_type=\"column\" data-settings=\"{&quot;animation&quot;:&quot;fadeInUp&quot;,&quot;animation_delay&quot;:600}\">\n\t\t\t<div class=\"elementor-widget-wrap elementor-element-populated\">\n\t\t\t\t\t\t<div class=\"elementor-element elementor-element-205ee8c elementor-widget elementor-widget-image\" data-id=\"205ee8c\" data-element_type=\"widget\" data-widget_type=\"image.default\">\n\t\t\t\t<div class=\"elementor-widget-container\">\n\t\t\t\t\t\t\t\t\t\t\t\t\t\t\t\t<a href=\"https:\/\/www.gruposdiferenciales.es\/de\/produkte\/anderes\/\">\n\t\t\t\t\t\t\t<img loading=\"lazy\" decoding=\"async\" width=\"800\" height=\"800\" src=\"https:\/\/www.gruposdiferenciales.es\/wp-content\/uploads\/2024\/05\/productos-otros.jpg\" class=\"attachment-full size-full wp-image-2326\" alt=\"\" srcset=\"https:\/\/www.gruposdiferenciales.es\/wp-content\/uploads\/2024\/05\/productos-otros.jpg 800w, https:\/\/www.gruposdiferenciales.es\/wp-content\/uploads\/2024\/05\/productos-otros-300x300.jpg 300w, https:\/\/www.gruposdiferenciales.es\/wp-content\/uploads\/2024\/05\/productos-otros-150x150.jpg 150w, https:\/\/www.gruposdiferenciales.es\/wp-content\/uploads\/2024\/05\/productos-otros-768x768.jpg 768w\" sizes=\"(max-width: 800px) 100vw, 800px\" \/>\t\t\t\t\t\t\t\t<\/a>\n\t\t\t\t\t\t\t\t\t\t\t\t\t\t\t<\/div>\n\t\t\t\t<\/div>\n\t\t\t\t<div class=\"elementor-element elementor-element-e71a01b elementor-widget elementor-widget-heading\" data-id=\"e71a01b\" data-element_type=\"widget\" data-widget_type=\"heading.default\">\n\t\t\t\t<div class=\"elementor-widget-container\">\n\t\t\t\t\t<h3 class=\"elementor-heading-title elementor-size-default\"><a href=\"https:\/\/www.gruposdiferenciales.es\/de\/produkte\/anderes\/\">Anderes<\/a><\/h3>\t\t\t\t<\/div>\n\t\t\t\t<\/div>\n\t\t\t\t<div class=\"elementor-element elementor-element-e622819 elementor-widget elementor-widget-text-editor\" data-id=\"e622819\" data-element_type=\"widget\" data-widget_type=\"text-editor.default\">\n\t\t\t\t<div class=\"elementor-widget-container\">\n\t\t\t\t\t\t\t\t\t<p>Wir stellen eine breite Palette von Teilen f\u00fcr verschiedene Antriebsstr\u00e4nge her. Die Entwicklung der Montagetechnik erm\u00f6glicht es uns, qualitativ hochwertige und sehr wettbewerbsf\u00e4hige montierte Produkte anzubieten. <\/p>\n\t\t\t\t\t\t\t\t<\/div>\n\t\t\t\t<\/div>\n\t\t\t\t\t<\/div>\n\t\t<\/div>\n\t\t\t\t\t<\/div>\n\t\t<\/section>\n\t\t\t\t<\/div>\n\t\t","protected":false},"excerpt":{"rendered":"<p>Produkte F\u00fchrende Entwicklung und Herstellung von Zahnr\u00e4dern Wir sind Spezialisten in der Herstellung von gel\u00e4ppten und geh\u00e4rteten Kegelr\u00e4dern, sowohl mit der Schleif- als auch der HPG-Methode. Wir verfolgen alle Analyse- und Pr\u00fcfverfahren durch alle Produktionsphasen, um die h\u00f6chste Qualit\u00e4t bei allen unseren Produkten zu gew\u00e4hrleisten. Spiral-Getriebe Wir sind auf die Herstellung von Spiral- und Hypoid-Kegelr\u00e4dern [&hellip;]<\/p>\n","protected":false},"author":1,"featured_media":0,"parent":0,"menu_order":0,"comment_status":"closed","ping_status":"closed","template":"","meta":{"inline_featured_image":false,"footnotes":""},"class_list":["post-2835","page","type-page","status-publish","hentry"],"yoast_head":"<!-- This site is optimized with the Yoast SEO plugin v26.3 - https:\/\/yoast.com\/wordpress\/plugins\/seo\/ -->\n<title>Produkte - Grupos Diferenciales<\/title>\n<meta name=\"description\" content=\"Herstellung von konischen und geschliffenen Zahnr\u00e4dern mit hoher Pr\u00e4zision. Spezialisten f\u00fcr konische, zylindrische Gruppen und Getriebeteile.\" \/>\n<meta name=\"robots\" content=\"index, follow, max-snippet:-1, max-image-preview:large, max-video-preview:-1\" \/>\n<link rel=\"canonical\" href=\"https:\/\/www.gruposdiferenciales.es\/de\/produkte\/\" \/>\n<meta property=\"og:locale\" content=\"de_DE\" \/>\n<meta property=\"og:type\" content=\"article\" \/>\n<meta property=\"og:title\" content=\"Produkte - Grupos Diferenciales\" \/>\n<meta property=\"og:description\" content=\"Herstellung von konischen und geschliffenen Zahnr\u00e4dern mit hoher Pr\u00e4zision. Spezialisten f\u00fcr konische, zylindrische Gruppen und Getriebeteile.\" \/>\n<meta property=\"og:url\" content=\"https:\/\/www.gruposdiferenciales.es\/de\/produkte\/\" \/>\n<meta property=\"og:site_name\" content=\"Grupos Diferenciales\" \/>\n<meta property=\"article:modified_time\" content=\"2024-12-02T12:27:31+00:00\" \/>\n<meta property=\"og:image\" content=\"https:\/\/www.gruposdiferenciales.es\/wp-content\/uploads\/2024\/04\/productos-grupos-conicos.jpg\" \/>\n\t<meta property=\"og:image:width\" content=\"800\" \/>\n\t<meta property=\"og:image:height\" content=\"800\" \/>\n\t<meta property=\"og:image:type\" content=\"image\/jpeg\" \/>\n<meta name=\"twitter:card\" content=\"summary_large_image\" \/>\n<meta name=\"twitter:label1\" content=\"Gesch\u00e4tzte Lesezeit\" \/>\n\t<meta name=\"twitter:data1\" content=\"1\u00a0Minute\" \/>\n<script type=\"application\/ld+json\" class=\"yoast-schema-graph\">{\"@context\":\"https:\/\/schema.org\",\"@graph\":[{\"@type\":\"WebPage\",\"@id\":\"https:\/\/www.gruposdiferenciales.es\/de\/produkte\/\",\"url\":\"https:\/\/www.gruposdiferenciales.es\/de\/produkte\/\",\"name\":\"Produkte - Grupos Diferenciales\",\"isPartOf\":{\"@id\":\"https:\/\/www.gruposdiferenciales.es\/de\/#website\"},\"primaryImageOfPage\":{\"@id\":\"https:\/\/www.gruposdiferenciales.es\/de\/produkte\/#primaryimage\"},\"image\":{\"@id\":\"https:\/\/www.gruposdiferenciales.es\/de\/produkte\/#primaryimage\"},\"thumbnailUrl\":\"https:\/\/www.gruposdiferenciales.es\/wp-content\/uploads\/2024\/04\/productos-grupos-conicos.jpg\",\"datePublished\":\"2024-04-18T20:53:19+00:00\",\"dateModified\":\"2024-12-02T12:27:31+00:00\",\"description\":\"Herstellung von konischen und geschliffenen Zahnr\u00e4dern mit hoher Pr\u00e4zision. Spezialisten f\u00fcr konische, zylindrische Gruppen und Getriebeteile.\",\"breadcrumb\":{\"@id\":\"https:\/\/www.gruposdiferenciales.es\/de\/produkte\/#breadcrumb\"},\"inLanguage\":\"de\",\"potentialAction\":[{\"@type\":\"ReadAction\",\"target\":[\"https:\/\/www.gruposdiferenciales.es\/de\/produkte\/\"]}]},{\"@type\":\"ImageObject\",\"inLanguage\":\"de\",\"@id\":\"https:\/\/www.gruposdiferenciales.es\/de\/produkte\/#primaryimage\",\"url\":\"https:\/\/www.gruposdiferenciales.es\/wp-content\/uploads\/2024\/04\/productos-grupos-conicos.jpg\",\"contentUrl\":\"https:\/\/www.gruposdiferenciales.es\/wp-content\/uploads\/2024\/04\/productos-grupos-conicos.jpg\"},{\"@type\":\"BreadcrumbList\",\"@id\":\"https:\/\/www.gruposdiferenciales.es\/de\/produkte\/#breadcrumb\",\"itemListElement\":[{\"@type\":\"ListItem\",\"position\":1,\"name\":\"Portada\",\"item\":\"https:\/\/www.gruposdiferenciales.es\/de\/grupos-diferenciales-startseite\/\"},{\"@type\":\"ListItem\",\"position\":2,\"name\":\"Produkte\"}]},{\"@type\":\"WebSite\",\"@id\":\"https:\/\/www.gruposdiferenciales.es\/de\/#website\",\"url\":\"https:\/\/www.gruposdiferenciales.es\/de\/\",\"name\":\"Grupos Diferenciales\",\"description\":\"Dise\u00f1o y fabricaci\u00f3n de engranajes y subconjuntos\",\"publisher\":{\"@id\":\"https:\/\/www.gruposdiferenciales.es\/de\/#organization\"},\"potentialAction\":[{\"@type\":\"SearchAction\",\"target\":{\"@type\":\"EntryPoint\",\"urlTemplate\":\"https:\/\/www.gruposdiferenciales.es\/de\/?s={search_term_string}\"},\"query-input\":{\"@type\":\"PropertyValueSpecification\",\"valueRequired\":true,\"valueName\":\"search_term_string\"}}],\"inLanguage\":\"de\"},{\"@type\":\"Organization\",\"@id\":\"https:\/\/www.gruposdiferenciales.es\/de\/#organization\",\"name\":\"Grupos Diferenciales\",\"url\":\"https:\/\/www.gruposdiferenciales.es\/de\/\",\"logo\":{\"@type\":\"ImageObject\",\"inLanguage\":\"de\",\"@id\":\"https:\/\/www.gruposdiferenciales.es\/de\/#\/schema\/logo\/image\/\",\"url\":\"https:\/\/www.gruposdiferenciales.es\/wp-content\/uploads\/2024\/05\/logo-grupos-diferenciales.svg\",\"contentUrl\":\"https:\/\/www.gruposdiferenciales.es\/wp-content\/uploads\/2024\/05\/logo-grupos-diferenciales.svg\",\"width\":170,\"height\":49,\"caption\":\"Grupos Diferenciales\"},\"image\":{\"@id\":\"https:\/\/www.gruposdiferenciales.es\/de\/#\/schema\/logo\/image\/\"}}]}<\/script>\n<!-- \/ Yoast SEO plugin. -->","yoast_head_json":{"title":"Produkte - Grupos Diferenciales","description":"Herstellung von konischen und geschliffenen Zahnr\u00e4dern mit hoher Pr\u00e4zision. Spezialisten f\u00fcr konische, zylindrische Gruppen und Getriebeteile.","robots":{"index":"index","follow":"follow","max-snippet":"max-snippet:-1","max-image-preview":"max-image-preview:large","max-video-preview":"max-video-preview:-1"},"canonical":"https:\/\/www.gruposdiferenciales.es\/de\/produkte\/","og_locale":"de_DE","og_type":"article","og_title":"Produkte - Grupos Diferenciales","og_description":"Herstellung von konischen und geschliffenen Zahnr\u00e4dern mit hoher Pr\u00e4zision. Spezialisten f\u00fcr konische, zylindrische Gruppen und Getriebeteile.","og_url":"https:\/\/www.gruposdiferenciales.es\/de\/produkte\/","og_site_name":"Grupos Diferenciales","article_modified_time":"2024-12-02T12:27:31+00:00","og_image":[{"width":800,"height":800,"url":"https:\/\/www.gruposdiferenciales.es\/wp-content\/uploads\/2024\/04\/productos-grupos-conicos.jpg","type":"image\/jpeg"}],"twitter_card":"summary_large_image","twitter_misc":{"Gesch\u00e4tzte Lesezeit":"1\u00a0Minute"},"schema":{"@context":"https:\/\/schema.org","@graph":[{"@type":"WebPage","@id":"https:\/\/www.gruposdiferenciales.es\/de\/produkte\/","url":"https:\/\/www.gruposdiferenciales.es\/de\/produkte\/","name":"Produkte - Grupos Diferenciales","isPartOf":{"@id":"https:\/\/www.gruposdiferenciales.es\/de\/#website"},"primaryImageOfPage":{"@id":"https:\/\/www.gruposdiferenciales.es\/de\/produkte\/#primaryimage"},"image":{"@id":"https:\/\/www.gruposdiferenciales.es\/de\/produkte\/#primaryimage"},"thumbnailUrl":"https:\/\/www.gruposdiferenciales.es\/wp-content\/uploads\/2024\/04\/productos-grupos-conicos.jpg","datePublished":"2024-04-18T20:53:19+00:00","dateModified":"2024-12-02T12:27:31+00:00","description":"Herstellung von konischen und geschliffenen Zahnr\u00e4dern mit hoher Pr\u00e4zision. Spezialisten f\u00fcr konische, zylindrische Gruppen und Getriebeteile.","breadcrumb":{"@id":"https:\/\/www.gruposdiferenciales.es\/de\/produkte\/#breadcrumb"},"inLanguage":"de","potentialAction":[{"@type":"ReadAction","target":["https:\/\/www.gruposdiferenciales.es\/de\/produkte\/"]}]},{"@type":"ImageObject","inLanguage":"de","@id":"https:\/\/www.gruposdiferenciales.es\/de\/produkte\/#primaryimage","url":"https:\/\/www.gruposdiferenciales.es\/wp-content\/uploads\/2024\/04\/productos-grupos-conicos.jpg","contentUrl":"https:\/\/www.gruposdiferenciales.es\/wp-content\/uploads\/2024\/04\/productos-grupos-conicos.jpg"},{"@type":"BreadcrumbList","@id":"https:\/\/www.gruposdiferenciales.es\/de\/produkte\/#breadcrumb","itemListElement":[{"@type":"ListItem","position":1,"name":"Portada","item":"https:\/\/www.gruposdiferenciales.es\/de\/grupos-diferenciales-startseite\/"},{"@type":"ListItem","position":2,"name":"Produkte"}]},{"@type":"WebSite","@id":"https:\/\/www.gruposdiferenciales.es\/de\/#website","url":"https:\/\/www.gruposdiferenciales.es\/de\/","name":"Grupos Diferenciales","description":"Dise\u00f1o y fabricaci\u00f3n de engranajes y subconjuntos","publisher":{"@id":"https:\/\/www.gruposdiferenciales.es\/de\/#organization"},"potentialAction":[{"@type":"SearchAction","target":{"@type":"EntryPoint","urlTemplate":"https:\/\/www.gruposdiferenciales.es\/de\/?s={search_term_string}"},"query-input":{"@type":"PropertyValueSpecification","valueRequired":true,"valueName":"search_term_string"}}],"inLanguage":"de"},{"@type":"Organization","@id":"https:\/\/www.gruposdiferenciales.es\/de\/#organization","name":"Grupos Diferenciales","url":"https:\/\/www.gruposdiferenciales.es\/de\/","logo":{"@type":"ImageObject","inLanguage":"de","@id":"https:\/\/www.gruposdiferenciales.es\/de\/#\/schema\/logo\/image\/","url":"https:\/\/www.gruposdiferenciales.es\/wp-content\/uploads\/2024\/05\/logo-grupos-diferenciales.svg","contentUrl":"https:\/\/www.gruposdiferenciales.es\/wp-content\/uploads\/2024\/05\/logo-grupos-diferenciales.svg","width":170,"height":49,"caption":"Grupos Diferenciales"},"image":{"@id":"https:\/\/www.gruposdiferenciales.es\/de\/#\/schema\/logo\/image\/"}}]}},"_links":{"self":[{"href":"https:\/\/www.gruposdiferenciales.es\/de\/wp-json\/wp\/v2\/pages\/2835","targetHints":{"allow":["GET"]}}],"collection":[{"href":"https:\/\/www.gruposdiferenciales.es\/de\/wp-json\/wp\/v2\/pages"}],"about":[{"href":"https:\/\/www.gruposdiferenciales.es\/de\/wp-json\/wp\/v2\/types\/page"}],"author":[{"embeddable":true,"href":"https:\/\/www.gruposdiferenciales.es\/de\/wp-json\/wp\/v2\/users\/1"}],"replies":[{"embeddable":true,"href":"https:\/\/www.gruposdiferenciales.es\/de\/wp-json\/wp\/v2\/comments?post=2835"}],"version-history":[{"count":5,"href":"https:\/\/www.gruposdiferenciales.es\/de\/wp-json\/wp\/v2\/pages\/2835\/revisions"}],"predecessor-version":[{"id":3565,"href":"https:\/\/www.gruposdiferenciales.es\/de\/wp-json\/wp\/v2\/pages\/2835\/revisions\/3565"}],"wp:attachment":[{"href":"https:\/\/www.gruposdiferenciales.es\/de\/wp-json\/wp\/v2\/media?parent=2835"}],"curies":[{"name":"wp","href":"https:\/\/api.w.org\/{rel}","templated":true}]}}