{"id":2857,"date":"2024-04-16T18:31:33","date_gmt":"2024-04-16T18:31:33","guid":{"rendered":"https:\/\/www.gruposdiferenciales.es\/bereiche\/bergbau\/"},"modified":"2024-12-02T12:32:04","modified_gmt":"2024-12-02T12:32:04","slug":"bergbau","status":"publish","type":"page","link":"https:\/\/www.gruposdiferenciales.es\/de\/bereiche\/bergbau\/","title":{"rendered":"Bergbau"},"content":{"rendered":"\t\t<div data-elementor-type=\"wp-page\" data-elementor-id=\"2857\" class=\"elementor elementor-2857 elementor-516\" data-elementor-post-type=\"page\">\n\t\t\t\t\t\t<section class=\"elementor-section elementor-top-section elementor-element elementor-element-ea75a71 elementor-section-boxed elementor-section-height-default elementor-section-height-default\" data-id=\"ea75a71\" data-element_type=\"section\" data-settings=\"{&quot;background_background&quot;:&quot;classic&quot;,&quot;background_motion_fx_motion_fx_scrolling&quot;:&quot;yes&quot;,&quot;background_motion_fx_translateY_effect&quot;:&quot;yes&quot;,&quot;background_motion_fx_translateY_speed&quot;:{&quot;unit&quot;:&quot;px&quot;,&quot;size&quot;:4,&quot;sizes&quot;:[]},&quot;background_motion_fx_translateY_affectedRange&quot;:{&quot;unit&quot;:&quot;%&quot;,&quot;size&quot;:&quot;&quot;,&quot;sizes&quot;:{&quot;start&quot;:0,&quot;end&quot;:100}},&quot;background_motion_fx_devices&quot;:[&quot;desktop&quot;,&quot;tablet&quot;,&quot;mobile&quot;]}\">\n\t\t\t\t\t\t<div class=\"elementor-container elementor-column-gap-default\">\n\t\t\t\t\t<div class=\"elementor-column elementor-col-100 elementor-top-column elementor-element elementor-element-0d49417\" data-id=\"0d49417\" data-element_type=\"column\">\n\t\t\t<div class=\"elementor-widget-wrap elementor-element-populated\">\n\t\t\t\t\t\t<div class=\"elementor-element elementor-element-265a698 elementor-widget elementor-widget-heading\" data-id=\"265a698\" data-element_type=\"widget\" data-widget_type=\"heading.default\">\n\t\t\t\t<div class=\"elementor-widget-container\">\n\t\t\t\t\t<h1 class=\"elementor-heading-title elementor-size-default\">Bergbau<\/h1>\t\t\t\t<\/div>\n\t\t\t\t<\/div>\n\t\t\t\t<div class=\"elementor-element elementor-element-23d14c1 elementor-widget elementor-widget-text-editor\" data-id=\"23d14c1\" data-element_type=\"widget\" data-widget_type=\"text-editor.default\">\n\t\t\t\t<div class=\"elementor-widget-container\">\n\t\t\t\t\t\t\t\t\t<p>F\u00fchrende Entwicklung und Herstellung von Zahnr\u00e4dern<\/p>\n\t\t\t\t\t\t\t\t<\/div>\n\t\t\t\t<\/div>\n\t\t\t\t\t<\/div>\n\t\t<\/div>\n\t\t\t\t\t<\/div>\n\t\t<\/section>\n\t\t\t\t<section class=\"elementor-section elementor-top-section elementor-element elementor-element-c4f562a elementor-section-boxed elementor-section-height-default elementor-section-height-default\" data-id=\"c4f562a\" data-element_type=\"section\">\n\t\t\t\t\t\t<div class=\"elementor-container elementor-column-gap-default\">\n\t\t\t\t\t<div class=\"elementor-column elementor-col-50 elementor-top-column elementor-element elementor-element-7d86d5a\" data-id=\"7d86d5a\" data-element_type=\"column\">\n\t\t\t<div class=\"elementor-widget-wrap elementor-element-populated\">\n\t\t\t\t\t\t<div class=\"elementor-element elementor-element-cbedaae elementor-widget elementor-widget-heading\" data-id=\"cbedaae\" data-element_type=\"widget\" data-widget_type=\"heading.default\">\n\t\t\t\t<div class=\"elementor-widget-container\">\n\t\t\t\t\t<h2 class=\"elementor-heading-title elementor-size-default\">Getriebe f\u00fcr bergbau<\/h2>\t\t\t\t<\/div>\n\t\t\t\t<\/div>\n\t\t\t\t<div class=\"elementor-element elementor-element-97d7b04 elementor-widget elementor-widget-text-editor\" data-id=\"97d7b04\" data-element_type=\"widget\" data-widget_type=\"text-editor.default\">\n\t\t\t\t<div class=\"elementor-widget-container\">\n\t\t\t\t\t\t\t\t\t<p>Bergbaumaschinen stehen aufgrund der extremen Betriebsbedingungen vor grossen Herausforderungen. Unsere Engineering-Abteilung widmet sich der Entwicklung optimaler Produkte f\u00fcr jede spezifische Anwendung. <\/p>\n\t\t\t\t\t\t\t\t<\/div>\n\t\t\t\t<\/div>\n\t\t\t\t\t<\/div>\n\t\t<\/div>\n\t\t\t\t<div class=\"elementor-column elementor-col-50 elementor-top-column elementor-element elementor-element-6704f07\" data-id=\"6704f07\" data-element_type=\"column\">\n\t\t\t<div class=\"elementor-widget-wrap elementor-element-populated\">\n\t\t\t\t\t\t<div class=\"elementor-element elementor-element-0e7927f elementor-widget elementor-widget-image\" data-id=\"0e7927f\" data-element_type=\"widget\" data-widget_type=\"image.default\">\n\t\t\t\t<div class=\"elementor-widget-container\">\n\t\t\t\t\t\t\t\t\t\t\t\t\t\t\t<img fetchpriority=\"high\" decoding=\"async\" width=\"693\" height=\"461\" src=\"https:\/\/www.gruposdiferenciales.es\/wp-content\/uploads\/2024\/05\/mineria-02.jpg\" class=\"attachment-full size-full wp-image-2473\" alt=\"\" srcset=\"https:\/\/www.gruposdiferenciales.es\/wp-content\/uploads\/2024\/05\/mineria-02.jpg 693w, https:\/\/www.gruposdiferenciales.es\/wp-content\/uploads\/2024\/05\/mineria-02-300x200.jpg 300w\" sizes=\"(max-width: 693px) 100vw, 693px\" \/>\t\t\t\t\t\t\t\t\t\t\t\t\t\t\t<\/div>\n\t\t\t\t<\/div>\n\t\t\t\t<div class=\"elementor-element elementor-element-ed2a110 e-transform elementor-widget elementor-widget-image\" data-id=\"ed2a110\" data-element_type=\"widget\" data-settings=\"{&quot;motion_fx_motion_fx_scrolling&quot;:&quot;yes&quot;,&quot;motion_fx_translateY_effect&quot;:&quot;yes&quot;,&quot;_transform_translateY_effect&quot;:{&quot;unit&quot;:&quot;px&quot;,&quot;size&quot;:-293,&quot;sizes&quot;:[]},&quot;motion_fx_translateY_speed&quot;:{&quot;unit&quot;:&quot;px&quot;,&quot;size&quot;:4,&quot;sizes&quot;:[]},&quot;motion_fx_translateY_affectedRange&quot;:{&quot;unit&quot;:&quot;%&quot;,&quot;size&quot;:&quot;&quot;,&quot;sizes&quot;:{&quot;start&quot;:0,&quot;end&quot;:100}},&quot;motion_fx_devices&quot;:[&quot;desktop&quot;,&quot;tablet&quot;,&quot;mobile&quot;],&quot;_transform_translateX_effect&quot;:{&quot;unit&quot;:&quot;px&quot;,&quot;size&quot;:&quot;&quot;,&quot;sizes&quot;:[]},&quot;_transform_translateX_effect_tablet&quot;:{&quot;unit&quot;:&quot;px&quot;,&quot;size&quot;:&quot;&quot;,&quot;sizes&quot;:[]},&quot;_transform_translateX_effect_mobile&quot;:{&quot;unit&quot;:&quot;px&quot;,&quot;size&quot;:&quot;&quot;,&quot;sizes&quot;:[]},&quot;_transform_translateY_effect_tablet&quot;:{&quot;unit&quot;:&quot;px&quot;,&quot;size&quot;:&quot;&quot;,&quot;sizes&quot;:[]},&quot;_transform_translateY_effect_mobile&quot;:{&quot;unit&quot;:&quot;px&quot;,&quot;size&quot;:&quot;&quot;,&quot;sizes&quot;:[]}}\" data-widget_type=\"image.default\">\n\t\t\t\t<div class=\"elementor-widget-container\">\n\t\t\t\t\t\t\t\t\t\t\t\t\t\t\t<img decoding=\"async\" width=\"306\" height=\"306\" src=\"https:\/\/www.gruposdiferenciales.es\/wp-content\/uploads\/2024\/04\/servicios-mineria-02.jpg\" class=\"attachment-full size-full wp-image-1631\" alt=\"\" srcset=\"https:\/\/www.gruposdiferenciales.es\/wp-content\/uploads\/2024\/04\/servicios-mineria-02.jpg 306w, https:\/\/www.gruposdiferenciales.es\/wp-content\/uploads\/2024\/04\/servicios-mineria-02-300x300.jpg 300w, https:\/\/www.gruposdiferenciales.es\/wp-content\/uploads\/2024\/04\/servicios-mineria-02-150x150.jpg 150w\" sizes=\"(max-width: 306px) 100vw, 306px\" \/>\t\t\t\t\t\t\t\t\t\t\t\t\t\t\t<\/div>\n\t\t\t\t<\/div>\n\t\t\t\t\t<\/div>\n\t\t<\/div>\n\t\t\t\t\t<\/div>\n\t\t<\/section>\n\t\t\t\t<\/div>\n\t\t","protected":false},"excerpt":{"rendered":"<p>Bergbau F\u00fchrende Entwicklung und Herstellung von Zahnr\u00e4dern Getriebe f\u00fcr bergbau Bergbaumaschinen stehen aufgrund der extremen Betriebsbedingungen vor grossen Herausforderungen. Unsere Engineering-Abteilung widmet sich der Entwicklung optimaler Produkte f\u00fcr jede spezifische Anwendung.<\/p>\n","protected":false},"author":1,"featured_media":0,"parent":2783,"menu_order":0,"comment_status":"closed","ping_status":"closed","template":"","meta":{"inline_featured_image":false,"footnotes":""},"class_list":["post-2857","page","type-page","status-publish","hentry"],"yoast_head":"<!-- This site is optimized with the Yoast SEO plugin v26.3 - https:\/\/yoast.com\/wordpress\/plugins\/seo\/ -->\n<title>Bergbau - Grupos Diferenciales<\/title>\n<meta name=\"description\" content=\"Bergbaugetriebe, die f\u00fcr extreme Bedingungen ausgelegt sind und optimale Leistung in Hochleistungsmaschinen garantieren.\" \/>\n<meta name=\"robots\" content=\"index, follow, max-snippet:-1, max-image-preview:large, max-video-preview:-1\" \/>\n<link rel=\"canonical\" href=\"https:\/\/www.gruposdiferenciales.es\/de\/bereiche\/bergbau\/\" \/>\n<meta property=\"og:locale\" content=\"de_DE\" \/>\n<meta property=\"og:type\" content=\"article\" \/>\n<meta property=\"og:title\" content=\"Bergbau - Grupos Diferenciales\" \/>\n<meta property=\"og:description\" content=\"Bergbaugetriebe, die f\u00fcr extreme Bedingungen ausgelegt sind und optimale Leistung in Hochleistungsmaschinen garantieren.\" \/>\n<meta property=\"og:url\" content=\"https:\/\/www.gruposdiferenciales.es\/de\/bereiche\/bergbau\/\" \/>\n<meta property=\"og:site_name\" content=\"Grupos Diferenciales\" \/>\n<meta property=\"article:modified_time\" content=\"2024-12-02T12:32:04+00:00\" \/>\n<meta property=\"og:image\" content=\"https:\/\/www.gruposdiferenciales.es\/wp-content\/uploads\/2024\/05\/mineria-02.jpg\" \/>\n\t<meta property=\"og:image:width\" content=\"693\" \/>\n\t<meta property=\"og:image:height\" content=\"461\" \/>\n\t<meta property=\"og:image:type\" content=\"image\/jpeg\" \/>\n<meta name=\"twitter:card\" content=\"summary_large_image\" \/>\n<script type=\"application\/ld+json\" class=\"yoast-schema-graph\">{\"@context\":\"https:\/\/schema.org\",\"@graph\":[{\"@type\":\"WebPage\",\"@id\":\"https:\/\/www.gruposdiferenciales.es\/de\/bereiche\/bergbau\/\",\"url\":\"https:\/\/www.gruposdiferenciales.es\/de\/bereiche\/bergbau\/\",\"name\":\"Bergbau - Grupos Diferenciales\",\"isPartOf\":{\"@id\":\"https:\/\/www.gruposdiferenciales.es\/de\/#website\"},\"primaryImageOfPage\":{\"@id\":\"https:\/\/www.gruposdiferenciales.es\/de\/bereiche\/bergbau\/#primaryimage\"},\"image\":{\"@id\":\"https:\/\/www.gruposdiferenciales.es\/de\/bereiche\/bergbau\/#primaryimage\"},\"thumbnailUrl\":\"https:\/\/www.gruposdiferenciales.es\/wp-content\/uploads\/2024\/05\/mineria-02.jpg\",\"datePublished\":\"2024-04-16T18:31:33+00:00\",\"dateModified\":\"2024-12-02T12:32:04+00:00\",\"description\":\"Bergbaugetriebe, die f\u00fcr extreme Bedingungen ausgelegt sind und optimale Leistung in Hochleistungsmaschinen garantieren.\",\"breadcrumb\":{\"@id\":\"https:\/\/www.gruposdiferenciales.es\/de\/bereiche\/bergbau\/#breadcrumb\"},\"inLanguage\":\"de\",\"potentialAction\":[{\"@type\":\"ReadAction\",\"target\":[\"https:\/\/www.gruposdiferenciales.es\/de\/bereiche\/bergbau\/\"]}]},{\"@type\":\"ImageObject\",\"inLanguage\":\"de\",\"@id\":\"https:\/\/www.gruposdiferenciales.es\/de\/bereiche\/bergbau\/#primaryimage\",\"url\":\"https:\/\/www.gruposdiferenciales.es\/wp-content\/uploads\/2024\/05\/mineria-02.jpg\",\"contentUrl\":\"https:\/\/www.gruposdiferenciales.es\/wp-content\/uploads\/2024\/05\/mineria-02.jpg\"},{\"@type\":\"BreadcrumbList\",\"@id\":\"https:\/\/www.gruposdiferenciales.es\/de\/bereiche\/bergbau\/#breadcrumb\",\"itemListElement\":[{\"@type\":\"ListItem\",\"position\":1,\"name\":\"Portada\",\"item\":\"https:\/\/www.gruposdiferenciales.es\/de\/grupos-diferenciales-startseite\/\"},{\"@type\":\"ListItem\",\"position\":2,\"name\":\"Bereiche\",\"item\":\"https:\/\/www.gruposdiferenciales.es\/de\/bereiche\/\"},{\"@type\":\"ListItem\",\"position\":3,\"name\":\"Bergbau\"}]},{\"@type\":\"WebSite\",\"@id\":\"https:\/\/www.gruposdiferenciales.es\/de\/#website\",\"url\":\"https:\/\/www.gruposdiferenciales.es\/de\/\",\"name\":\"Grupos Diferenciales\",\"description\":\"Dise\u00f1o y fabricaci\u00f3n de engranajes y subconjuntos\",\"publisher\":{\"@id\":\"https:\/\/www.gruposdiferenciales.es\/de\/#organization\"},\"potentialAction\":[{\"@type\":\"SearchAction\",\"target\":{\"@type\":\"EntryPoint\",\"urlTemplate\":\"https:\/\/www.gruposdiferenciales.es\/de\/?s={search_term_string}\"},\"query-input\":{\"@type\":\"PropertyValueSpecification\",\"valueRequired\":true,\"valueName\":\"search_term_string\"}}],\"inLanguage\":\"de\"},{\"@type\":\"Organization\",\"@id\":\"https:\/\/www.gruposdiferenciales.es\/de\/#organization\",\"name\":\"Grupos Diferenciales\",\"url\":\"https:\/\/www.gruposdiferenciales.es\/de\/\",\"logo\":{\"@type\":\"ImageObject\",\"inLanguage\":\"de\",\"@id\":\"https:\/\/www.gruposdiferenciales.es\/de\/#\/schema\/logo\/image\/\",\"url\":\"https:\/\/www.gruposdiferenciales.es\/wp-content\/uploads\/2024\/05\/logo-grupos-diferenciales.svg\",\"contentUrl\":\"https:\/\/www.gruposdiferenciales.es\/wp-content\/uploads\/2024\/05\/logo-grupos-diferenciales.svg\",\"width\":170,\"height\":49,\"caption\":\"Grupos Diferenciales\"},\"image\":{\"@id\":\"https:\/\/www.gruposdiferenciales.es\/de\/#\/schema\/logo\/image\/\"}}]}<\/script>\n<!-- \/ Yoast SEO plugin. -->","yoast_head_json":{"title":"Bergbau - Grupos Diferenciales","description":"Bergbaugetriebe, die f\u00fcr extreme Bedingungen ausgelegt sind und optimale Leistung in Hochleistungsmaschinen garantieren.","robots":{"index":"index","follow":"follow","max-snippet":"max-snippet:-1","max-image-preview":"max-image-preview:large","max-video-preview":"max-video-preview:-1"},"canonical":"https:\/\/www.gruposdiferenciales.es\/de\/bereiche\/bergbau\/","og_locale":"de_DE","og_type":"article","og_title":"Bergbau - Grupos Diferenciales","og_description":"Bergbaugetriebe, die f\u00fcr extreme Bedingungen ausgelegt sind und optimale Leistung in Hochleistungsmaschinen garantieren.","og_url":"https:\/\/www.gruposdiferenciales.es\/de\/bereiche\/bergbau\/","og_site_name":"Grupos Diferenciales","article_modified_time":"2024-12-02T12:32:04+00:00","og_image":[{"width":693,"height":461,"url":"https:\/\/www.gruposdiferenciales.es\/wp-content\/uploads\/2024\/05\/mineria-02.jpg","type":"image\/jpeg"}],"twitter_card":"summary_large_image","schema":{"@context":"https:\/\/schema.org","@graph":[{"@type":"WebPage","@id":"https:\/\/www.gruposdiferenciales.es\/de\/bereiche\/bergbau\/","url":"https:\/\/www.gruposdiferenciales.es\/de\/bereiche\/bergbau\/","name":"Bergbau - Grupos Diferenciales","isPartOf":{"@id":"https:\/\/www.gruposdiferenciales.es\/de\/#website"},"primaryImageOfPage":{"@id":"https:\/\/www.gruposdiferenciales.es\/de\/bereiche\/bergbau\/#primaryimage"},"image":{"@id":"https:\/\/www.gruposdiferenciales.es\/de\/bereiche\/bergbau\/#primaryimage"},"thumbnailUrl":"https:\/\/www.gruposdiferenciales.es\/wp-content\/uploads\/2024\/05\/mineria-02.jpg","datePublished":"2024-04-16T18:31:33+00:00","dateModified":"2024-12-02T12:32:04+00:00","description":"Bergbaugetriebe, die f\u00fcr extreme Bedingungen ausgelegt sind und optimale Leistung in Hochleistungsmaschinen garantieren.","breadcrumb":{"@id":"https:\/\/www.gruposdiferenciales.es\/de\/bereiche\/bergbau\/#breadcrumb"},"inLanguage":"de","potentialAction":[{"@type":"ReadAction","target":["https:\/\/www.gruposdiferenciales.es\/de\/bereiche\/bergbau\/"]}]},{"@type":"ImageObject","inLanguage":"de","@id":"https:\/\/www.gruposdiferenciales.es\/de\/bereiche\/bergbau\/#primaryimage","url":"https:\/\/www.gruposdiferenciales.es\/wp-content\/uploads\/2024\/05\/mineria-02.jpg","contentUrl":"https:\/\/www.gruposdiferenciales.es\/wp-content\/uploads\/2024\/05\/mineria-02.jpg"},{"@type":"BreadcrumbList","@id":"https:\/\/www.gruposdiferenciales.es\/de\/bereiche\/bergbau\/#breadcrumb","itemListElement":[{"@type":"ListItem","position":1,"name":"Portada","item":"https:\/\/www.gruposdiferenciales.es\/de\/grupos-diferenciales-startseite\/"},{"@type":"ListItem","position":2,"name":"Bereiche","item":"https:\/\/www.gruposdiferenciales.es\/de\/bereiche\/"},{"@type":"ListItem","position":3,"name":"Bergbau"}]},{"@type":"WebSite","@id":"https:\/\/www.gruposdiferenciales.es\/de\/#website","url":"https:\/\/www.gruposdiferenciales.es\/de\/","name":"Grupos Diferenciales","description":"Dise\u00f1o y fabricaci\u00f3n de engranajes y subconjuntos","publisher":{"@id":"https:\/\/www.gruposdiferenciales.es\/de\/#organization"},"potentialAction":[{"@type":"SearchAction","target":{"@type":"EntryPoint","urlTemplate":"https:\/\/www.gruposdiferenciales.es\/de\/?s={search_term_string}"},"query-input":{"@type":"PropertyValueSpecification","valueRequired":true,"valueName":"search_term_string"}}],"inLanguage":"de"},{"@type":"Organization","@id":"https:\/\/www.gruposdiferenciales.es\/de\/#organization","name":"Grupos Diferenciales","url":"https:\/\/www.gruposdiferenciales.es\/de\/","logo":{"@type":"ImageObject","inLanguage":"de","@id":"https:\/\/www.gruposdiferenciales.es\/de\/#\/schema\/logo\/image\/","url":"https:\/\/www.gruposdiferenciales.es\/wp-content\/uploads\/2024\/05\/logo-grupos-diferenciales.svg","contentUrl":"https:\/\/www.gruposdiferenciales.es\/wp-content\/uploads\/2024\/05\/logo-grupos-diferenciales.svg","width":170,"height":49,"caption":"Grupos Diferenciales"},"image":{"@id":"https:\/\/www.gruposdiferenciales.es\/de\/#\/schema\/logo\/image\/"}}]}},"_links":{"self":[{"href":"https:\/\/www.gruposdiferenciales.es\/de\/wp-json\/wp\/v2\/pages\/2857","targetHints":{"allow":["GET"]}}],"collection":[{"href":"https:\/\/www.gruposdiferenciales.es\/de\/wp-json\/wp\/v2\/pages"}],"about":[{"href":"https:\/\/www.gruposdiferenciales.es\/de\/wp-json\/wp\/v2\/types\/page"}],"author":[{"embeddable":true,"href":"https:\/\/www.gruposdiferenciales.es\/de\/wp-json\/wp\/v2\/users\/1"}],"replies":[{"embeddable":true,"href":"https:\/\/www.gruposdiferenciales.es\/de\/wp-json\/wp\/v2\/comments?post=2857"}],"version-history":[{"count":2,"href":"https:\/\/www.gruposdiferenciales.es\/de\/wp-json\/wp\/v2\/pages\/2857\/revisions"}],"predecessor-version":[{"id":3571,"href":"https:\/\/www.gruposdiferenciales.es\/de\/wp-json\/wp\/v2\/pages\/2857\/revisions\/3571"}],"up":[{"embeddable":true,"href":"https:\/\/www.gruposdiferenciales.es\/de\/wp-json\/wp\/v2\/pages\/2783"}],"wp:attachment":[{"href":"https:\/\/www.gruposdiferenciales.es\/de\/wp-json\/wp\/v2\/media?parent=2857"}],"curies":[{"name":"wp","href":"https:\/\/api.w.org\/{rel}","templated":true}]}}