{"id":2927,"date":"2024-04-18T20:57:36","date_gmt":"2024-04-18T20:57:36","guid":{"rendered":"https:\/\/www.gruposdiferenciales.es\/produkte\/spiral-getriebe\/"},"modified":"2024-12-02T12:15:34","modified_gmt":"2024-12-02T12:15:34","slug":"spiral-getriebe","status":"publish","type":"page","link":"https:\/\/www.gruposdiferenciales.es\/de\/produkte\/spiral-getriebe\/","title":{"rendered":"Spiral-Getriebe"},"content":{"rendered":"\t\t<div data-elementor-type=\"wp-page\" data-elementor-id=\"2927\" class=\"elementor elementor-2927 elementor-941\" data-elementor-post-type=\"page\">\n\t\t\t\t\t\t<section class=\"elementor-section elementor-top-section elementor-element elementor-element-ea75a71 elementor-section-boxed elementor-section-height-default elementor-section-height-default\" data-id=\"ea75a71\" data-element_type=\"section\" data-settings=\"{&quot;background_background&quot;:&quot;classic&quot;,&quot;background_motion_fx_motion_fx_scrolling&quot;:&quot;yes&quot;,&quot;background_motion_fx_translateY_effect&quot;:&quot;yes&quot;,&quot;background_motion_fx_translateY_speed&quot;:{&quot;unit&quot;:&quot;px&quot;,&quot;size&quot;:4,&quot;sizes&quot;:[]},&quot;background_motion_fx_translateY_affectedRange&quot;:{&quot;unit&quot;:&quot;%&quot;,&quot;size&quot;:&quot;&quot;,&quot;sizes&quot;:{&quot;start&quot;:0,&quot;end&quot;:100}},&quot;background_motion_fx_devices&quot;:[&quot;desktop&quot;,&quot;tablet&quot;,&quot;mobile&quot;]}\">\n\t\t\t\t\t\t<div class=\"elementor-container elementor-column-gap-default\">\n\t\t\t\t\t<div class=\"elementor-column elementor-col-100 elementor-top-column elementor-element elementor-element-0d49417\" data-id=\"0d49417\" data-element_type=\"column\">\n\t\t\t<div class=\"elementor-widget-wrap elementor-element-populated\">\n\t\t\t\t\t\t<div class=\"elementor-element elementor-element-265a698 elementor-widget elementor-widget-heading\" data-id=\"265a698\" data-element_type=\"widget\" data-widget_type=\"heading.default\">\n\t\t\t\t<div class=\"elementor-widget-container\">\n\t\t\t\t\t<h1 class=\"elementor-heading-title elementor-size-default\">Spiral-Getriebe<\/h1>\t\t\t\t<\/div>\n\t\t\t\t<\/div>\n\t\t\t\t<div class=\"elementor-element elementor-element-23d14c1 elementor-widget elementor-widget-text-editor\" data-id=\"23d14c1\" data-element_type=\"widget\" data-widget_type=\"text-editor.default\">\n\t\t\t\t<div class=\"elementor-widget-container\">\n\t\t\t\t\t\t\t\t\t<p>F\u00fchrende Entwicklung und Herstellung von Zahnr\u00e4dern<\/p>\n\t\t\t\t\t\t\t\t<\/div>\n\t\t\t\t<\/div>\n\t\t\t\t\t<\/div>\n\t\t<\/div>\n\t\t\t\t\t<\/div>\n\t\t<\/section>\n\t\t\t\t<section class=\"elementor-section elementor-top-section elementor-element elementor-element-401b143 elementor-section-boxed elementor-section-height-default elementor-section-height-default\" data-id=\"401b143\" data-element_type=\"section\">\n\t\t\t\t\t\t<div class=\"elementor-container elementor-column-gap-default\">\n\t\t\t\t\t<div class=\"elementor-column elementor-col-33 elementor-top-column elementor-element elementor-element-cb657b6\" data-id=\"cb657b6\" data-element_type=\"column\">\n\t\t\t<div class=\"elementor-widget-wrap elementor-element-populated\">\n\t\t\t\t\t\t<div class=\"elementor-element elementor-element-97d7b04 elementor-widget elementor-widget-text-editor\" data-id=\"97d7b04\" data-element_type=\"widget\" data-widget_type=\"text-editor.default\">\n\t\t\t\t<div class=\"elementor-widget-container\">\n\t\t\t\t\t\t\t\t\t<p>Wir sind auf die Herstellung von Spiral- und Hypoid-Kegelr\u00e4dern in den wichtigsten Technologien spezialisiert: Gleason, Klingelnberg und Oerlikon, in beiden Versionen <strong>GEL\u00c4PPT<\/strong> oder <strong>GEH\u00c4RTETE<\/strong>.<\/p>\n<p>Um Berechnungen zu entwickeln, verwenden wir Finite-Elemente-Programme f\u00fcr alle Fece-Fr\u00e4sen, Stirnw\u00e4lzfr\u00e4sen und Cyclopalloid-Geometrien in drei Systemen: Gleason, Oerlikon und Klingelnberg. Die h\u00e4rtenden Veredelungsverfahren (<strong>ERDGESCHOSS<\/strong> und <strong>HPG<\/strong>) garantieren eine h\u00f6here Genauigkeit und Qualit\u00e4t bei gel\u00e4ppten Zahnr\u00e4dern. <\/p>\n\t\t\t\t\t\t\t\t<\/div>\n\t\t\t\t<\/div>\n\t\t\t\t\t<\/div>\n\t\t<\/div>\n\t\t\t\t<div class=\"elementor-column elementor-col-66 elementor-top-column elementor-element elementor-element-7708b1d\" data-id=\"7708b1d\" data-element_type=\"column\">\n\t\t\t<div class=\"elementor-widget-wrap elementor-element-populated\">\n\t\t\t\t\t\t<div class=\"elementor-element elementor-element-86ed277 elementor-widget elementor-widget-text-editor\" data-id=\"86ed277\" data-element_type=\"widget\" data-widget_type=\"text-editor.default\">\n\t\t\t\t<div class=\"elementor-widget-container\">\n\t\t\t\t\t\t\t\t\t<p>Um die Qualit\u00e4t und Festigkeit der Zahnflanke zu erh\u00f6hen, k\u00f6nnen wir auch eine Oberfl\u00e4chenbehandlung wie Kugelstrahlen und Isotrop-Superfinish einsetzen.<\/p>\n<p>Wir k\u00f6nnen Spiral- und Hypoid-Kegelr\u00e4der bis 1150 mm (45&#8243;) Au\u00dfendurchmesser und 23\u201d Normal-Module mit hoher Pr\u00e4zision und Qualit\u00e4t herzustellen. Zu unseren Qualit\u00e4tspr\u00fcfungen geh\u00f6ren Flanken-Rauhigkeits-Tests, Hitzetests, magnetische Partikel, \u00dcberpr\u00fcfung der Kontaktpunkte, CMM-Topographie und DIN\/AGMA-G\u00fctepr\u00fcfsystem und L\u00e4rm-\u00dcberpr\u00fcfungen durch Einflankenkontakt-Test SFT und Struktur-Borne-Analyse SBN. <\/p>\n\t\t\t\t\t\t\t\t<\/div>\n\t\t\t\t<\/div>\n\t\t\t\t\t<\/div>\n\t\t<\/div>\n\t\t\t\t\t<\/div>\n\t\t<\/section>\n\t\t\t\t<section class=\"elementor-section elementor-top-section elementor-element elementor-element-69b2945 elementor-section-boxed elementor-section-height-default elementor-section-height-default\" data-id=\"69b2945\" data-element_type=\"section\">\n\t\t\t\t\t\t<div class=\"elementor-container elementor-column-gap-default\">\n\t\t\t\t\t<div class=\"elementor-column elementor-col-100 elementor-top-column elementor-element elementor-element-e159001\" data-id=\"e159001\" data-element_type=\"column\">\n\t\t\t<div class=\"elementor-widget-wrap elementor-element-populated\">\n\t\t\t\t\t\t<div class=\"elementor-element elementor-element-8bb187e elementor-widget elementor-widget-video\" data-id=\"8bb187e\" data-element_type=\"widget\" data-settings=\"{&quot;video_type&quot;:&quot;hosted&quot;,&quot;controls&quot;:&quot;yes&quot;}\" data-widget_type=\"video.default\">\n\t\t\t\t<div class=\"elementor-widget-container\">\n\t\t\t\t\t\t\t<div class=\"e-hosted-video elementor-wrapper elementor-open-inline\">\n\t\t\t\t\t<video class=\"elementor-video\" src=\"https:\/\/www.gruposdiferenciales.es\/wp-content\/uploads\/2024\/04\/grupos-conicos.mp4\" controls=\"\" preload=\"metadata\" controlsList=\"nodownload\"><\/video>\n\t\t\t\t<\/div>\n\t\t\t\t\t\t<\/div>\n\t\t\t\t<\/div>\n\t\t\t\t\t<\/div>\n\t\t<\/div>\n\t\t\t\t\t<\/div>\n\t\t<\/section>\n\t\t\t\t<\/div>\n\t\t","protected":false},"excerpt":{"rendered":"<p>Spiral-Getriebe F\u00fchrende Entwicklung und Herstellung von Zahnr\u00e4dern Wir sind auf die Herstellung von Spiral- und Hypoid-Kegelr\u00e4dern in den wichtigsten Technologien spezialisiert: Gleason, Klingelnberg und Oerlikon, in beiden Versionen GEL\u00c4PPT oder GEH\u00c4RTETE. Um Berechnungen zu entwickeln, verwenden wir Finite-Elemente-Programme f\u00fcr alle Fece-Fr\u00e4sen, Stirnw\u00e4lzfr\u00e4sen und Cyclopalloid-Geometrien in drei Systemen: Gleason, Oerlikon und Klingelnberg. Die h\u00e4rtenden Veredelungsverfahren (ERDGESCHOSS [&hellip;]<\/p>\n","protected":false},"author":1,"featured_media":0,"parent":2835,"menu_order":0,"comment_status":"closed","ping_status":"closed","template":"","meta":{"inline_featured_image":false,"footnotes":""},"class_list":["post-2927","page","type-page","status-publish","hentry"],"yoast_head":"<!-- This site is optimized with the Yoast SEO plugin v26.3 - https:\/\/yoast.com\/wordpress\/plugins\/seo\/ -->\n<title>Spiral-Getriebe - Grupos Diferenciales<\/title>\n<meta name=\"description\" content=\"Herstellung von Spiral- und Hypoidkegelr\u00e4dern mit fortschrittlichen Technologien, hoher Pr\u00e4zision und Qualit\u00e4tspr\u00fcfungen.\" \/>\n<meta name=\"robots\" content=\"index, follow, max-snippet:-1, max-image-preview:large, max-video-preview:-1\" \/>\n<link rel=\"canonical\" href=\"https:\/\/www.gruposdiferenciales.es\/de\/produkte\/spiral-getriebe\/\" \/>\n<meta property=\"og:locale\" content=\"de_DE\" \/>\n<meta property=\"og:type\" content=\"article\" \/>\n<meta property=\"og:title\" content=\"Spiral-Getriebe - Grupos Diferenciales\" \/>\n<meta property=\"og:description\" content=\"Herstellung von Spiral- und Hypoidkegelr\u00e4dern mit fortschrittlichen Technologien, hoher Pr\u00e4zision und Qualit\u00e4tspr\u00fcfungen.\" \/>\n<meta property=\"og:url\" content=\"https:\/\/www.gruposdiferenciales.es\/de\/produkte\/spiral-getriebe\/\" \/>\n<meta property=\"og:site_name\" content=\"Grupos Diferenciales\" \/>\n<meta property=\"article:modified_time\" content=\"2024-12-02T12:15:34+00:00\" \/>\n<meta name=\"twitter:card\" content=\"summary_large_image\" \/>\n<meta name=\"twitter:label1\" content=\"Gesch\u00e4tzte Lesezeit\" \/>\n\t<meta name=\"twitter:data1\" content=\"1\u00a0Minute\" \/>\n<script type=\"application\/ld+json\" class=\"yoast-schema-graph\">{\"@context\":\"https:\/\/schema.org\",\"@graph\":[{\"@type\":\"WebPage\",\"@id\":\"https:\/\/www.gruposdiferenciales.es\/de\/produkte\/spiral-getriebe\/\",\"url\":\"https:\/\/www.gruposdiferenciales.es\/de\/produkte\/spiral-getriebe\/\",\"name\":\"Spiral-Getriebe - Grupos Diferenciales\",\"isPartOf\":{\"@id\":\"https:\/\/www.gruposdiferenciales.es\/de\/#website\"},\"datePublished\":\"2024-04-18T20:57:36+00:00\",\"dateModified\":\"2024-12-02T12:15:34+00:00\",\"description\":\"Herstellung von Spiral- und Hypoidkegelr\u00e4dern mit fortschrittlichen Technologien, hoher Pr\u00e4zision und Qualit\u00e4tspr\u00fcfungen.\",\"breadcrumb\":{\"@id\":\"https:\/\/www.gruposdiferenciales.es\/de\/produkte\/spiral-getriebe\/#breadcrumb\"},\"inLanguage\":\"de\",\"potentialAction\":[{\"@type\":\"ReadAction\",\"target\":[\"https:\/\/www.gruposdiferenciales.es\/de\/produkte\/spiral-getriebe\/\"]}]},{\"@type\":\"BreadcrumbList\",\"@id\":\"https:\/\/www.gruposdiferenciales.es\/de\/produkte\/spiral-getriebe\/#breadcrumb\",\"itemListElement\":[{\"@type\":\"ListItem\",\"position\":1,\"name\":\"Portada\",\"item\":\"https:\/\/www.gruposdiferenciales.es\/de\/grupos-diferenciales-startseite\/\"},{\"@type\":\"ListItem\",\"position\":2,\"name\":\"Produkte\",\"item\":\"https:\/\/www.gruposdiferenciales.es\/de\/produkte\/\"},{\"@type\":\"ListItem\",\"position\":3,\"name\":\"Spiral-Getriebe\"}]},{\"@type\":\"WebSite\",\"@id\":\"https:\/\/www.gruposdiferenciales.es\/de\/#website\",\"url\":\"https:\/\/www.gruposdiferenciales.es\/de\/\",\"name\":\"Grupos Diferenciales\",\"description\":\"Dise\u00f1o y fabricaci\u00f3n de engranajes y subconjuntos\",\"publisher\":{\"@id\":\"https:\/\/www.gruposdiferenciales.es\/de\/#organization\"},\"potentialAction\":[{\"@type\":\"SearchAction\",\"target\":{\"@type\":\"EntryPoint\",\"urlTemplate\":\"https:\/\/www.gruposdiferenciales.es\/de\/?s={search_term_string}\"},\"query-input\":{\"@type\":\"PropertyValueSpecification\",\"valueRequired\":true,\"valueName\":\"search_term_string\"}}],\"inLanguage\":\"de\"},{\"@type\":\"Organization\",\"@id\":\"https:\/\/www.gruposdiferenciales.es\/de\/#organization\",\"name\":\"Grupos Diferenciales\",\"url\":\"https:\/\/www.gruposdiferenciales.es\/de\/\",\"logo\":{\"@type\":\"ImageObject\",\"inLanguage\":\"de\",\"@id\":\"https:\/\/www.gruposdiferenciales.es\/de\/#\/schema\/logo\/image\/\",\"url\":\"https:\/\/www.gruposdiferenciales.es\/wp-content\/uploads\/2024\/05\/logo-grupos-diferenciales.svg\",\"contentUrl\":\"https:\/\/www.gruposdiferenciales.es\/wp-content\/uploads\/2024\/05\/logo-grupos-diferenciales.svg\",\"width\":170,\"height\":49,\"caption\":\"Grupos Diferenciales\"},\"image\":{\"@id\":\"https:\/\/www.gruposdiferenciales.es\/de\/#\/schema\/logo\/image\/\"}}]}<\/script>\n<!-- \/ Yoast SEO plugin. -->","yoast_head_json":{"title":"Spiral-Getriebe - Grupos Diferenciales","description":"Herstellung von Spiral- und Hypoidkegelr\u00e4dern mit fortschrittlichen Technologien, hoher Pr\u00e4zision und Qualit\u00e4tspr\u00fcfungen.","robots":{"index":"index","follow":"follow","max-snippet":"max-snippet:-1","max-image-preview":"max-image-preview:large","max-video-preview":"max-video-preview:-1"},"canonical":"https:\/\/www.gruposdiferenciales.es\/de\/produkte\/spiral-getriebe\/","og_locale":"de_DE","og_type":"article","og_title":"Spiral-Getriebe - Grupos Diferenciales","og_description":"Herstellung von Spiral- und Hypoidkegelr\u00e4dern mit fortschrittlichen Technologien, hoher Pr\u00e4zision und Qualit\u00e4tspr\u00fcfungen.","og_url":"https:\/\/www.gruposdiferenciales.es\/de\/produkte\/spiral-getriebe\/","og_site_name":"Grupos Diferenciales","article_modified_time":"2024-12-02T12:15:34+00:00","twitter_card":"summary_large_image","twitter_misc":{"Gesch\u00e4tzte Lesezeit":"1\u00a0Minute"},"schema":{"@context":"https:\/\/schema.org","@graph":[{"@type":"WebPage","@id":"https:\/\/www.gruposdiferenciales.es\/de\/produkte\/spiral-getriebe\/","url":"https:\/\/www.gruposdiferenciales.es\/de\/produkte\/spiral-getriebe\/","name":"Spiral-Getriebe - Grupos Diferenciales","isPartOf":{"@id":"https:\/\/www.gruposdiferenciales.es\/de\/#website"},"datePublished":"2024-04-18T20:57:36+00:00","dateModified":"2024-12-02T12:15:34+00:00","description":"Herstellung von Spiral- und Hypoidkegelr\u00e4dern mit fortschrittlichen Technologien, hoher Pr\u00e4zision und Qualit\u00e4tspr\u00fcfungen.","breadcrumb":{"@id":"https:\/\/www.gruposdiferenciales.es\/de\/produkte\/spiral-getriebe\/#breadcrumb"},"inLanguage":"de","potentialAction":[{"@type":"ReadAction","target":["https:\/\/www.gruposdiferenciales.es\/de\/produkte\/spiral-getriebe\/"]}]},{"@type":"BreadcrumbList","@id":"https:\/\/www.gruposdiferenciales.es\/de\/produkte\/spiral-getriebe\/#breadcrumb","itemListElement":[{"@type":"ListItem","position":1,"name":"Portada","item":"https:\/\/www.gruposdiferenciales.es\/de\/grupos-diferenciales-startseite\/"},{"@type":"ListItem","position":2,"name":"Produkte","item":"https:\/\/www.gruposdiferenciales.es\/de\/produkte\/"},{"@type":"ListItem","position":3,"name":"Spiral-Getriebe"}]},{"@type":"WebSite","@id":"https:\/\/www.gruposdiferenciales.es\/de\/#website","url":"https:\/\/www.gruposdiferenciales.es\/de\/","name":"Grupos Diferenciales","description":"Dise\u00f1o y fabricaci\u00f3n de engranajes y subconjuntos","publisher":{"@id":"https:\/\/www.gruposdiferenciales.es\/de\/#organization"},"potentialAction":[{"@type":"SearchAction","target":{"@type":"EntryPoint","urlTemplate":"https:\/\/www.gruposdiferenciales.es\/de\/?s={search_term_string}"},"query-input":{"@type":"PropertyValueSpecification","valueRequired":true,"valueName":"search_term_string"}}],"inLanguage":"de"},{"@type":"Organization","@id":"https:\/\/www.gruposdiferenciales.es\/de\/#organization","name":"Grupos Diferenciales","url":"https:\/\/www.gruposdiferenciales.es\/de\/","logo":{"@type":"ImageObject","inLanguage":"de","@id":"https:\/\/www.gruposdiferenciales.es\/de\/#\/schema\/logo\/image\/","url":"https:\/\/www.gruposdiferenciales.es\/wp-content\/uploads\/2024\/05\/logo-grupos-diferenciales.svg","contentUrl":"https:\/\/www.gruposdiferenciales.es\/wp-content\/uploads\/2024\/05\/logo-grupos-diferenciales.svg","width":170,"height":49,"caption":"Grupos Diferenciales"},"image":{"@id":"https:\/\/www.gruposdiferenciales.es\/de\/#\/schema\/logo\/image\/"}}]}},"_links":{"self":[{"href":"https:\/\/www.gruposdiferenciales.es\/de\/wp-json\/wp\/v2\/pages\/2927","targetHints":{"allow":["GET"]}}],"collection":[{"href":"https:\/\/www.gruposdiferenciales.es\/de\/wp-json\/wp\/v2\/pages"}],"about":[{"href":"https:\/\/www.gruposdiferenciales.es\/de\/wp-json\/wp\/v2\/types\/page"}],"author":[{"embeddable":true,"href":"https:\/\/www.gruposdiferenciales.es\/de\/wp-json\/wp\/v2\/users\/1"}],"replies":[{"embeddable":true,"href":"https:\/\/www.gruposdiferenciales.es\/de\/wp-json\/wp\/v2\/comments?post=2927"}],"version-history":[{"count":2,"href":"https:\/\/www.gruposdiferenciales.es\/de\/wp-json\/wp\/v2\/pages\/2927\/revisions"}],"predecessor-version":[{"id":3548,"href":"https:\/\/www.gruposdiferenciales.es\/de\/wp-json\/wp\/v2\/pages\/2927\/revisions\/3548"}],"up":[{"embeddable":true,"href":"https:\/\/www.gruposdiferenciales.es\/de\/wp-json\/wp\/v2\/pages\/2835"}],"wp:attachment":[{"href":"https:\/\/www.gruposdiferenciales.es\/de\/wp-json\/wp\/v2\/media?parent=2927"}],"curies":[{"name":"wp","href":"https:\/\/api.w.org\/{rel}","templated":true}]}}