{"id":2936,"date":"2024-04-18T20:59:28","date_gmt":"2024-04-18T20:59:28","guid":{"rendered":"https:\/\/www.gruposdiferenciales.es\/produkte\/zylindrische-getriebe\/"},"modified":"2024-12-02T12:21:05","modified_gmt":"2024-12-02T12:21:05","slug":"zylindrische-getriebe","status":"publish","type":"page","link":"https:\/\/www.gruposdiferenciales.es\/de\/produkte\/zylindrische-getriebe\/","title":{"rendered":"Zylindrische Getriebe"},"content":{"rendered":"\t\t<div data-elementor-type=\"wp-page\" data-elementor-id=\"2936\" class=\"elementor elementor-2936 elementor-945\" data-elementor-post-type=\"page\">\n\t\t\t\t\t\t<section class=\"elementor-section elementor-top-section elementor-element elementor-element-ea75a71 elementor-section-boxed elementor-section-height-default elementor-section-height-default\" data-id=\"ea75a71\" data-element_type=\"section\" data-settings=\"{&quot;background_background&quot;:&quot;classic&quot;,&quot;background_motion_fx_motion_fx_scrolling&quot;:&quot;yes&quot;,&quot;background_motion_fx_translateY_effect&quot;:&quot;yes&quot;,&quot;background_motion_fx_translateY_speed&quot;:{&quot;unit&quot;:&quot;px&quot;,&quot;size&quot;:4,&quot;sizes&quot;:[]},&quot;background_motion_fx_translateY_affectedRange&quot;:{&quot;unit&quot;:&quot;%&quot;,&quot;size&quot;:&quot;&quot;,&quot;sizes&quot;:{&quot;start&quot;:0,&quot;end&quot;:100}},&quot;background_motion_fx_devices&quot;:[&quot;desktop&quot;,&quot;tablet&quot;,&quot;mobile&quot;]}\">\n\t\t\t\t\t\t<div class=\"elementor-container elementor-column-gap-default\">\n\t\t\t\t\t<div class=\"elementor-column elementor-col-100 elementor-top-column elementor-element elementor-element-0d49417\" data-id=\"0d49417\" data-element_type=\"column\">\n\t\t\t<div class=\"elementor-widget-wrap elementor-element-populated\">\n\t\t\t\t\t\t<div class=\"elementor-element elementor-element-265a698 elementor-widget elementor-widget-heading\" data-id=\"265a698\" data-element_type=\"widget\" data-widget_type=\"heading.default\">\n\t\t\t\t<div class=\"elementor-widget-container\">\n\t\t\t\t\t<h1 class=\"elementor-heading-title elementor-size-default\">Zylindrische Getriebe<\/h1>\t\t\t\t<\/div>\n\t\t\t\t<\/div>\n\t\t\t\t<div class=\"elementor-element elementor-element-23d14c1 elementor-widget elementor-widget-text-editor\" data-id=\"23d14c1\" data-element_type=\"widget\" data-widget_type=\"text-editor.default\">\n\t\t\t\t<div class=\"elementor-widget-container\">\n\t\t\t\t\t\t\t\t\t<p>F\u00fchrende Entwicklung und Herstellung von Zahnr\u00e4dern<\/p>\n\t\t\t\t\t\t\t\t<\/div>\n\t\t\t\t<\/div>\n\t\t\t\t\t<\/div>\n\t\t<\/div>\n\t\t\t\t\t<\/div>\n\t\t<\/section>\n\t\t\t\t<section class=\"elementor-section elementor-top-section elementor-element elementor-element-99ae42c elementor-section-boxed elementor-section-height-default elementor-section-height-default\" data-id=\"99ae42c\" data-element_type=\"section\">\n\t\t\t\t\t\t<div class=\"elementor-container elementor-column-gap-default\">\n\t\t\t\t\t<div class=\"elementor-column elementor-col-33 elementor-top-column elementor-element elementor-element-72bf852\" data-id=\"72bf852\" data-element_type=\"column\">\n\t\t\t<div class=\"elementor-widget-wrap elementor-element-populated\">\n\t\t\t\t\t\t<div class=\"elementor-element elementor-element-17e52bf elementor-widget elementor-widget-text-editor\" data-id=\"17e52bf\" data-element_type=\"widget\" data-widget_type=\"text-editor.default\">\n\t\t\t\t<div class=\"elementor-widget-container\">\n\t\t\t\t\t\t\t\t\t<p>Wir entwickeln und produzieren <strong>eine breite Palette von Zylindrische Getriebe f\u00fcr \u00e4ussere und innere Z\u00e4hne<\/strong>. Die maximalen Abmessungen erreicht 1.250 mm (49&#8243;) und Modul 26. Sowohl \u00e4u\u00dfere als auch innere Zahngeometrien k\u00f6nnen geschliffen werden.  <\/p>\n\t\t\t\t\t\t\t\t<\/div>\n\t\t\t\t<\/div>\n\t\t\t\t\t<\/div>\n\t\t<\/div>\n\t\t\t\t<div class=\"elementor-column elementor-col-66 elementor-top-column elementor-element elementor-element-a13f9b8\" data-id=\"a13f9b8\" data-element_type=\"column\">\n\t\t\t<div class=\"elementor-widget-wrap elementor-element-populated\">\n\t\t\t\t\t\t<div class=\"elementor-element elementor-element-2c3d4b3 elementor-widget elementor-widget-text-editor\" data-id=\"2c3d4b3\" data-element_type=\"widget\" data-widget_type=\"text-editor.default\">\n\t\t\t\t<div class=\"elementor-widget-container\">\n\t\t\t\t\t\t\t\t\t<p>Unsere Qualit\u00e4tspr\u00fcfungen betreffen Hitzetests, sowie Blei\/Involute-Tests in den Flanken, um optimale Ergebnisse in DIN\/AGMA-Qualit\u00e4t zu garantieren. Wir messen auch Rauheit und k\u00f6nnen Oberfl\u00e4chenbehandlungen liefern, um den Sicherheitsfaktor der Oberflachenh\u00e4rte zu verbessern. Dann gibt es noch die M\u00f6glichkeit bei Baugruppen, die eine sehr hohe Pr\u00e4zision brauchen, eine dynamische Auswuchtung durchzuf\u00fchren. Auf diese Weise k\u00f6nnen Schwingungen bei hohen Geschwindigkeitsbereichen so gut wie m\u00f6glich vermieden werden.  <\/p>\n\t\t\t\t\t\t\t\t<\/div>\n\t\t\t\t<\/div>\n\t\t\t\t\t<\/div>\n\t\t<\/div>\n\t\t\t\t\t<\/div>\n\t\t<\/section>\n\t\t\t\t<section class=\"elementor-section elementor-top-section elementor-element elementor-element-3234805 elementor-section-boxed elementor-section-height-default elementor-section-height-default\" data-id=\"3234805\" data-element_type=\"section\">\n\t\t\t\t\t\t<div class=\"elementor-container elementor-column-gap-default\">\n\t\t\t\t\t<div class=\"elementor-column elementor-col-100 elementor-top-column elementor-element elementor-element-fbb1cdf\" data-id=\"fbb1cdf\" data-element_type=\"column\">\n\t\t\t<div class=\"elementor-widget-wrap elementor-element-populated\">\n\t\t\t\t\t\t<div class=\"elementor-element elementor-element-32dc8df elementor-widget elementor-widget-video\" data-id=\"32dc8df\" data-element_type=\"widget\" data-settings=\"{&quot;video_type&quot;:&quot;hosted&quot;,&quot;controls&quot;:&quot;yes&quot;}\" data-widget_type=\"video.default\">\n\t\t\t\t<div class=\"elementor-widget-container\">\n\t\t\t\t\t\t\t<div class=\"e-hosted-video elementor-wrapper elementor-open-inline\">\n\t\t\t\t\t<video class=\"elementor-video\" src=\"https:\/\/www.gruposdiferenciales.es\/wp-content\/uploads\/2024\/04\/cilindricos.mp4\" controls=\"\" preload=\"metadata\" controlsList=\"nodownload\"><\/video>\n\t\t\t\t<\/div>\n\t\t\t\t\t\t<\/div>\n\t\t\t\t<\/div>\n\t\t\t\t\t<\/div>\n\t\t<\/div>\n\t\t\t\t\t<\/div>\n\t\t<\/section>\n\t\t\t\t<\/div>\n\t\t","protected":false},"excerpt":{"rendered":"<p>Zylindrische Getriebe F\u00fchrende Entwicklung und Herstellung von Zahnr\u00e4dern Wir entwickeln und produzieren eine breite Palette von Zylindrische Getriebe f\u00fcr \u00e4ussere und innere Z\u00e4hne. Die maximalen Abmessungen erreicht 1.250 mm (49&#8243;) und Modul 26. Sowohl \u00e4u\u00dfere als auch innere Zahngeometrien k\u00f6nnen geschliffen werden. Unsere Qualit\u00e4tspr\u00fcfungen betreffen Hitzetests, sowie Blei\/Involute-Tests in den Flanken, um optimale Ergebnisse in [&hellip;]<\/p>\n","protected":false},"author":1,"featured_media":0,"parent":2835,"menu_order":0,"comment_status":"closed","ping_status":"closed","template":"","meta":{"inline_featured_image":false,"footnotes":""},"class_list":["post-2936","page","type-page","status-publish","hentry"],"yoast_head":"<!-- This site is optimized with the Yoast SEO plugin v26.3 - https:\/\/yoast.com\/wordpress\/plugins\/seo\/ -->\n<title>Zylindrische Getriebe - Grupos Diferenciales<\/title>\n<meta name=\"description\" content=\"Herstellung von zylindrischen und schr\u00e4gverzahnten Zahnr\u00e4dern bis 1.250 mm mit hoher Pr\u00e4zision, Oberfl\u00e4chenbehandlung und dynamischer Auswuchtung.\" \/>\n<meta name=\"robots\" content=\"index, follow, max-snippet:-1, max-image-preview:large, max-video-preview:-1\" \/>\n<link rel=\"canonical\" href=\"https:\/\/www.gruposdiferenciales.es\/de\/produkte\/zylindrische-getriebe\/\" \/>\n<meta property=\"og:locale\" content=\"de_DE\" \/>\n<meta property=\"og:type\" content=\"article\" \/>\n<meta property=\"og:title\" content=\"Zylindrische Getriebe - Grupos Diferenciales\" \/>\n<meta property=\"og:description\" content=\"Herstellung von zylindrischen und schr\u00e4gverzahnten Zahnr\u00e4dern bis 1.250 mm mit hoher Pr\u00e4zision, Oberfl\u00e4chenbehandlung und dynamischer Auswuchtung.\" \/>\n<meta property=\"og:url\" content=\"https:\/\/www.gruposdiferenciales.es\/de\/produkte\/zylindrische-getriebe\/\" \/>\n<meta property=\"og:site_name\" content=\"Grupos Diferenciales\" \/>\n<meta property=\"article:modified_time\" content=\"2024-12-02T12:21:05+00:00\" \/>\n<meta name=\"twitter:card\" content=\"summary_large_image\" \/>\n<meta name=\"twitter:label1\" content=\"Gesch\u00e4tzte Lesezeit\" \/>\n\t<meta name=\"twitter:data1\" content=\"1\u00a0Minute\" \/>\n<script type=\"application\/ld+json\" class=\"yoast-schema-graph\">{\"@context\":\"https:\/\/schema.org\",\"@graph\":[{\"@type\":\"WebPage\",\"@id\":\"https:\/\/www.gruposdiferenciales.es\/de\/produkte\/zylindrische-getriebe\/\",\"url\":\"https:\/\/www.gruposdiferenciales.es\/de\/produkte\/zylindrische-getriebe\/\",\"name\":\"Zylindrische Getriebe - Grupos Diferenciales\",\"isPartOf\":{\"@id\":\"https:\/\/www.gruposdiferenciales.es\/de\/#website\"},\"datePublished\":\"2024-04-18T20:59:28+00:00\",\"dateModified\":\"2024-12-02T12:21:05+00:00\",\"description\":\"Herstellung von zylindrischen und schr\u00e4gverzahnten Zahnr\u00e4dern bis 1.250 mm mit hoher Pr\u00e4zision, Oberfl\u00e4chenbehandlung und dynamischer Auswuchtung.\",\"breadcrumb\":{\"@id\":\"https:\/\/www.gruposdiferenciales.es\/de\/produkte\/zylindrische-getriebe\/#breadcrumb\"},\"inLanguage\":\"de\",\"potentialAction\":[{\"@type\":\"ReadAction\",\"target\":[\"https:\/\/www.gruposdiferenciales.es\/de\/produkte\/zylindrische-getriebe\/\"]}]},{\"@type\":\"BreadcrumbList\",\"@id\":\"https:\/\/www.gruposdiferenciales.es\/de\/produkte\/zylindrische-getriebe\/#breadcrumb\",\"itemListElement\":[{\"@type\":\"ListItem\",\"position\":1,\"name\":\"Portada\",\"item\":\"https:\/\/www.gruposdiferenciales.es\/de\/grupos-diferenciales-startseite\/\"},{\"@type\":\"ListItem\",\"position\":2,\"name\":\"Produkte\",\"item\":\"https:\/\/www.gruposdiferenciales.es\/de\/produkte\/\"},{\"@type\":\"ListItem\",\"position\":3,\"name\":\"Zylindrische Getriebe\"}]},{\"@type\":\"WebSite\",\"@id\":\"https:\/\/www.gruposdiferenciales.es\/de\/#website\",\"url\":\"https:\/\/www.gruposdiferenciales.es\/de\/\",\"name\":\"Grupos Diferenciales\",\"description\":\"Dise\u00f1o y fabricaci\u00f3n de engranajes y subconjuntos\",\"publisher\":{\"@id\":\"https:\/\/www.gruposdiferenciales.es\/de\/#organization\"},\"potentialAction\":[{\"@type\":\"SearchAction\",\"target\":{\"@type\":\"EntryPoint\",\"urlTemplate\":\"https:\/\/www.gruposdiferenciales.es\/de\/?s={search_term_string}\"},\"query-input\":{\"@type\":\"PropertyValueSpecification\",\"valueRequired\":true,\"valueName\":\"search_term_string\"}}],\"inLanguage\":\"de\"},{\"@type\":\"Organization\",\"@id\":\"https:\/\/www.gruposdiferenciales.es\/de\/#organization\",\"name\":\"Grupos Diferenciales\",\"url\":\"https:\/\/www.gruposdiferenciales.es\/de\/\",\"logo\":{\"@type\":\"ImageObject\",\"inLanguage\":\"de\",\"@id\":\"https:\/\/www.gruposdiferenciales.es\/de\/#\/schema\/logo\/image\/\",\"url\":\"https:\/\/www.gruposdiferenciales.es\/wp-content\/uploads\/2024\/05\/logo-grupos-diferenciales.svg\",\"contentUrl\":\"https:\/\/www.gruposdiferenciales.es\/wp-content\/uploads\/2024\/05\/logo-grupos-diferenciales.svg\",\"width\":170,\"height\":49,\"caption\":\"Grupos Diferenciales\"},\"image\":{\"@id\":\"https:\/\/www.gruposdiferenciales.es\/de\/#\/schema\/logo\/image\/\"}}]}<\/script>\n<!-- \/ Yoast SEO plugin. -->","yoast_head_json":{"title":"Zylindrische Getriebe - Grupos Diferenciales","description":"Herstellung von zylindrischen und schr\u00e4gverzahnten Zahnr\u00e4dern bis 1.250 mm mit hoher Pr\u00e4zision, Oberfl\u00e4chenbehandlung und dynamischer Auswuchtung.","robots":{"index":"index","follow":"follow","max-snippet":"max-snippet:-1","max-image-preview":"max-image-preview:large","max-video-preview":"max-video-preview:-1"},"canonical":"https:\/\/www.gruposdiferenciales.es\/de\/produkte\/zylindrische-getriebe\/","og_locale":"de_DE","og_type":"article","og_title":"Zylindrische Getriebe - Grupos Diferenciales","og_description":"Herstellung von zylindrischen und schr\u00e4gverzahnten Zahnr\u00e4dern bis 1.250 mm mit hoher Pr\u00e4zision, Oberfl\u00e4chenbehandlung und dynamischer Auswuchtung.","og_url":"https:\/\/www.gruposdiferenciales.es\/de\/produkte\/zylindrische-getriebe\/","og_site_name":"Grupos Diferenciales","article_modified_time":"2024-12-02T12:21:05+00:00","twitter_card":"summary_large_image","twitter_misc":{"Gesch\u00e4tzte Lesezeit":"1\u00a0Minute"},"schema":{"@context":"https:\/\/schema.org","@graph":[{"@type":"WebPage","@id":"https:\/\/www.gruposdiferenciales.es\/de\/produkte\/zylindrische-getriebe\/","url":"https:\/\/www.gruposdiferenciales.es\/de\/produkte\/zylindrische-getriebe\/","name":"Zylindrische Getriebe - Grupos Diferenciales","isPartOf":{"@id":"https:\/\/www.gruposdiferenciales.es\/de\/#website"},"datePublished":"2024-04-18T20:59:28+00:00","dateModified":"2024-12-02T12:21:05+00:00","description":"Herstellung von zylindrischen und schr\u00e4gverzahnten Zahnr\u00e4dern bis 1.250 mm mit hoher Pr\u00e4zision, Oberfl\u00e4chenbehandlung und dynamischer Auswuchtung.","breadcrumb":{"@id":"https:\/\/www.gruposdiferenciales.es\/de\/produkte\/zylindrische-getriebe\/#breadcrumb"},"inLanguage":"de","potentialAction":[{"@type":"ReadAction","target":["https:\/\/www.gruposdiferenciales.es\/de\/produkte\/zylindrische-getriebe\/"]}]},{"@type":"BreadcrumbList","@id":"https:\/\/www.gruposdiferenciales.es\/de\/produkte\/zylindrische-getriebe\/#breadcrumb","itemListElement":[{"@type":"ListItem","position":1,"name":"Portada","item":"https:\/\/www.gruposdiferenciales.es\/de\/grupos-diferenciales-startseite\/"},{"@type":"ListItem","position":2,"name":"Produkte","item":"https:\/\/www.gruposdiferenciales.es\/de\/produkte\/"},{"@type":"ListItem","position":3,"name":"Zylindrische Getriebe"}]},{"@type":"WebSite","@id":"https:\/\/www.gruposdiferenciales.es\/de\/#website","url":"https:\/\/www.gruposdiferenciales.es\/de\/","name":"Grupos Diferenciales","description":"Dise\u00f1o y fabricaci\u00f3n de engranajes y subconjuntos","publisher":{"@id":"https:\/\/www.gruposdiferenciales.es\/de\/#organization"},"potentialAction":[{"@type":"SearchAction","target":{"@type":"EntryPoint","urlTemplate":"https:\/\/www.gruposdiferenciales.es\/de\/?s={search_term_string}"},"query-input":{"@type":"PropertyValueSpecification","valueRequired":true,"valueName":"search_term_string"}}],"inLanguage":"de"},{"@type":"Organization","@id":"https:\/\/www.gruposdiferenciales.es\/de\/#organization","name":"Grupos Diferenciales","url":"https:\/\/www.gruposdiferenciales.es\/de\/","logo":{"@type":"ImageObject","inLanguage":"de","@id":"https:\/\/www.gruposdiferenciales.es\/de\/#\/schema\/logo\/image\/","url":"https:\/\/www.gruposdiferenciales.es\/wp-content\/uploads\/2024\/05\/logo-grupos-diferenciales.svg","contentUrl":"https:\/\/www.gruposdiferenciales.es\/wp-content\/uploads\/2024\/05\/logo-grupos-diferenciales.svg","width":170,"height":49,"caption":"Grupos Diferenciales"},"image":{"@id":"https:\/\/www.gruposdiferenciales.es\/de\/#\/schema\/logo\/image\/"}}]}},"_links":{"self":[{"href":"https:\/\/www.gruposdiferenciales.es\/de\/wp-json\/wp\/v2\/pages\/2936","targetHints":{"allow":["GET"]}}],"collection":[{"href":"https:\/\/www.gruposdiferenciales.es\/de\/wp-json\/wp\/v2\/pages"}],"about":[{"href":"https:\/\/www.gruposdiferenciales.es\/de\/wp-json\/wp\/v2\/types\/page"}],"author":[{"embeddable":true,"href":"https:\/\/www.gruposdiferenciales.es\/de\/wp-json\/wp\/v2\/users\/1"}],"replies":[{"embeddable":true,"href":"https:\/\/www.gruposdiferenciales.es\/de\/wp-json\/wp\/v2\/comments?post=2936"}],"version-history":[{"count":2,"href":"https:\/\/www.gruposdiferenciales.es\/de\/wp-json\/wp\/v2\/pages\/2936\/revisions"}],"predecessor-version":[{"id":3562,"href":"https:\/\/www.gruposdiferenciales.es\/de\/wp-json\/wp\/v2\/pages\/2936\/revisions\/3562"}],"up":[{"embeddable":true,"href":"https:\/\/www.gruposdiferenciales.es\/de\/wp-json\/wp\/v2\/pages\/2835"}],"wp:attachment":[{"href":"https:\/\/www.gruposdiferenciales.es\/de\/wp-json\/wp\/v2\/media?parent=2936"}],"curies":[{"name":"wp","href":"https:\/\/api.w.org\/{rel}","templated":true}]}}