{"id":2946,"date":"2024-04-18T21:00:20","date_gmt":"2024-04-18T21:00:20","guid":{"rendered":"https:\/\/www.gruposdiferenciales.es\/produkte\/anderes\/"},"modified":"2024-12-02T12:21:05","modified_gmt":"2024-12-02T12:21:05","slug":"anderes","status":"publish","type":"page","link":"https:\/\/www.gruposdiferenciales.es\/de\/produkte\/anderes\/","title":{"rendered":"Anderes"},"content":{"rendered":"\t\t<div data-elementor-type=\"wp-page\" data-elementor-id=\"2946\" class=\"elementor elementor-2946 elementor-947\" data-elementor-post-type=\"page\">\n\t\t\t\t\t\t<section class=\"elementor-section elementor-top-section elementor-element elementor-element-ea75a71 elementor-section-boxed elementor-section-height-default elementor-section-height-default\" data-id=\"ea75a71\" data-element_type=\"section\" data-settings=\"{&quot;background_background&quot;:&quot;classic&quot;,&quot;background_motion_fx_motion_fx_scrolling&quot;:&quot;yes&quot;,&quot;background_motion_fx_translateY_effect&quot;:&quot;yes&quot;,&quot;background_motion_fx_translateY_speed&quot;:{&quot;unit&quot;:&quot;px&quot;,&quot;size&quot;:4,&quot;sizes&quot;:[]},&quot;background_motion_fx_translateY_affectedRange&quot;:{&quot;unit&quot;:&quot;%&quot;,&quot;size&quot;:&quot;&quot;,&quot;sizes&quot;:{&quot;start&quot;:0,&quot;end&quot;:100}},&quot;background_motion_fx_devices&quot;:[&quot;desktop&quot;,&quot;tablet&quot;,&quot;mobile&quot;]}\">\n\t\t\t\t\t\t<div class=\"elementor-container elementor-column-gap-default\">\n\t\t\t\t\t<div class=\"elementor-column elementor-col-100 elementor-top-column elementor-element elementor-element-0d49417\" data-id=\"0d49417\" data-element_type=\"column\">\n\t\t\t<div class=\"elementor-widget-wrap elementor-element-populated\">\n\t\t\t\t\t\t<div class=\"elementor-element elementor-element-265a698 elementor-widget elementor-widget-heading\" data-id=\"265a698\" data-element_type=\"widget\" data-widget_type=\"heading.default\">\n\t\t\t\t<div class=\"elementor-widget-container\">\n\t\t\t\t\t<h1 class=\"elementor-heading-title elementor-size-default\">Anderes<\/h1>\t\t\t\t<\/div>\n\t\t\t\t<\/div>\n\t\t\t\t<div class=\"elementor-element elementor-element-23d14c1 elementor-widget elementor-widget-text-editor\" data-id=\"23d14c1\" data-element_type=\"widget\" data-widget_type=\"text-editor.default\">\n\t\t\t\t<div class=\"elementor-widget-container\">\n\t\t\t\t\t\t\t\t\t<p>F\u00fchrende Entwicklung und Herstellung von Zahnr\u00e4dern<\/p>\n\t\t\t\t\t\t\t\t<\/div>\n\t\t\t\t<\/div>\n\t\t\t\t\t<\/div>\n\t\t<\/div>\n\t\t\t\t\t<\/div>\n\t\t<\/section>\n\t\t\t\t<section class=\"elementor-section elementor-top-section elementor-element elementor-element-844bf4a elementor-section-boxed elementor-section-height-default elementor-section-height-default\" data-id=\"844bf4a\" data-element_type=\"section\">\n\t\t\t\t\t\t<div class=\"elementor-container elementor-column-gap-default\">\n\t\t\t\t\t<div class=\"elementor-column elementor-col-33 elementor-top-column elementor-element elementor-element-96c1170\" data-id=\"96c1170\" data-element_type=\"column\">\n\t\t\t<div class=\"elementor-widget-wrap elementor-element-populated\">\n\t\t\t\t\t\t<div class=\"elementor-element elementor-element-75250cc elementor-widget elementor-widget-text-editor\" data-id=\"75250cc\" data-element_type=\"widget\" data-widget_type=\"text-editor.default\">\n\t\t\t\t<div class=\"elementor-widget-container\">\n\t\t\t\t\t\t\t\t\t<p>Wir stellen eine Vielzahl von Teilen f\u00fcr die verschiedenen Mechanismen von Getrieben her. Die Entwicklung der Montagetechnik erm\u00f6glicht es uns, qualitativ hochwertige montierte Produkte anzubieten. <\/p>\n<p>Dazu geh\u00f6rt eine breite Palette von Artikeln, die die Zahnr\u00e4der erg\u00e4nzen: Produkte wie gerippte Wellen, gebogene Kupplungen, Differentialkreuze und -wellen, aber auch Baugruppen verschiedener Unterbaugruppen und Geh\u00e4use erg\u00e4nzen unser Fertigungsprogramm.<\/p>\n\t\t\t\t\t\t\t\t<\/div>\n\t\t\t\t<\/div>\n\t\t\t\t\t<\/div>\n\t\t<\/div>\n\t\t\t\t<div class=\"elementor-column elementor-col-66 elementor-top-column elementor-element elementor-element-9cf8e4f\" data-id=\"9cf8e4f\" data-element_type=\"column\">\n\t\t\t<div class=\"elementor-widget-wrap elementor-element-populated\">\n\t\t\t\t\t\t<div class=\"elementor-element elementor-element-a3fbd69 elementor-widget elementor-widget-text-editor\" data-id=\"a3fbd69\" data-element_type=\"widget\" data-widget_type=\"text-editor.default\">\n\t\t\t\t<div class=\"elementor-widget-container\">\n\t\t\t\t\t\t\t\t\t<p>Durch unsere eigene Schmiede bieten wir eine gro\u00dfe Flexibilit\u00e4t bei der Herstellung der verschiedenen Teiletypen, indem wir alle kritischen Prozesse in unsere Einrichtungen integrieren.<\/p>\n<p>Unser Materiallabor garantiert die Qualit\u00e4t der St\u00e4hle und die Umformung w\u00e4hrend der W\u00e4rmebehandlung.<\/p>\n\t\t\t\t\t\t\t\t<\/div>\n\t\t\t\t<\/div>\n\t\t\t\t\t<\/div>\n\t\t<\/div>\n\t\t\t\t\t<\/div>\n\t\t<\/section>\n\t\t\t\t<section class=\"elementor-section elementor-top-section elementor-element elementor-element-eab6e58 elementor-section-boxed elementor-section-height-default elementor-section-height-default\" data-id=\"eab6e58\" data-element_type=\"section\">\n\t\t\t\t\t\t<div class=\"elementor-container elementor-column-gap-default\">\n\t\t\t\t\t<div class=\"elementor-column elementor-col-100 elementor-top-column elementor-element elementor-element-c8457f5\" data-id=\"c8457f5\" data-element_type=\"column\">\n\t\t\t<div class=\"elementor-widget-wrap elementor-element-populated\">\n\t\t\t\t\t\t<div class=\"elementor-element elementor-element-36ef0e2 elementor-widget elementor-widget-video\" data-id=\"36ef0e2\" data-element_type=\"widget\" data-settings=\"{&quot;video_type&quot;:&quot;hosted&quot;,&quot;controls&quot;:&quot;yes&quot;}\" data-widget_type=\"video.default\">\n\t\t\t\t<div class=\"elementor-widget-container\">\n\t\t\t\t\t\t\t<div class=\"e-hosted-video elementor-wrapper elementor-open-inline\">\n\t\t\t\t\t<video class=\"elementor-video\" src=\"https:\/\/www.gruposdiferenciales.es\/wp-content\/uploads\/2024\/04\/otros.mp4\" controls=\"\" preload=\"metadata\" controlsList=\"nodownload\"><\/video>\n\t\t\t\t<\/div>\n\t\t\t\t\t\t<\/div>\n\t\t\t\t<\/div>\n\t\t\t\t\t<\/div>\n\t\t<\/div>\n\t\t\t\t\t<\/div>\n\t\t<\/section>\n\t\t\t\t<\/div>\n\t\t","protected":false},"excerpt":{"rendered":"<p>Anderes F\u00fchrende Entwicklung und Herstellung von Zahnr\u00e4dern Wir stellen eine Vielzahl von Teilen f\u00fcr die verschiedenen Mechanismen von Getrieben her. Die Entwicklung der Montagetechnik erm\u00f6glicht es uns, qualitativ hochwertige montierte Produkte anzubieten. Dazu geh\u00f6rt eine breite Palette von Artikeln, die die Zahnr\u00e4der erg\u00e4nzen: Produkte wie gerippte Wellen, gebogene Kupplungen, Differentialkreuze und -wellen, aber auch Baugruppen [&hellip;]<\/p>\n","protected":false},"author":1,"featured_media":0,"parent":2835,"menu_order":0,"comment_status":"closed","ping_status":"closed","template":"","meta":{"inline_featured_image":false,"footnotes":""},"class_list":["post-2946","page","type-page","status-publish","hentry"],"yoast_head":"<!-- This site is optimized with the Yoast SEO plugin v26.3 - https:\/\/yoast.com\/wordpress\/plugins\/seo\/ -->\n<title>Anderes - Grupos Diferenciales<\/title>\n<meta name=\"description\" content=\"Herstellung von Getriebebaugruppen und -teilen. Achsen, Kupplungen und Baugruppen, mit hoher Qualit\u00e4t und Flexibilit\u00e4t in integrierten Prozessen.\" \/>\n<meta name=\"robots\" content=\"index, follow, max-snippet:-1, max-image-preview:large, max-video-preview:-1\" \/>\n<link rel=\"canonical\" href=\"https:\/\/www.gruposdiferenciales.es\/de\/produkte\/anderes\/\" \/>\n<meta property=\"og:locale\" content=\"de_DE\" \/>\n<meta property=\"og:type\" content=\"article\" \/>\n<meta property=\"og:title\" content=\"Anderes - Grupos Diferenciales\" \/>\n<meta property=\"og:description\" content=\"Herstellung von Getriebebaugruppen und -teilen. Achsen, Kupplungen und Baugruppen, mit hoher Qualit\u00e4t und Flexibilit\u00e4t in integrierten Prozessen.\" \/>\n<meta property=\"og:url\" content=\"https:\/\/www.gruposdiferenciales.es\/de\/produkte\/anderes\/\" \/>\n<meta property=\"og:site_name\" content=\"Grupos Diferenciales\" \/>\n<meta property=\"article:modified_time\" content=\"2024-12-02T12:21:05+00:00\" \/>\n<meta name=\"twitter:card\" content=\"summary_large_image\" \/>\n<meta name=\"twitter:label1\" content=\"Gesch\u00e4tzte Lesezeit\" \/>\n\t<meta name=\"twitter:data1\" content=\"1\u00a0Minute\" \/>\n<script type=\"application\/ld+json\" class=\"yoast-schema-graph\">{\"@context\":\"https:\/\/schema.org\",\"@graph\":[{\"@type\":\"WebPage\",\"@id\":\"https:\/\/www.gruposdiferenciales.es\/de\/produkte\/anderes\/\",\"url\":\"https:\/\/www.gruposdiferenciales.es\/de\/produkte\/anderes\/\",\"name\":\"Anderes - Grupos Diferenciales\",\"isPartOf\":{\"@id\":\"https:\/\/www.gruposdiferenciales.es\/de\/#website\"},\"datePublished\":\"2024-04-18T21:00:20+00:00\",\"dateModified\":\"2024-12-02T12:21:05+00:00\",\"description\":\"Herstellung von Getriebebaugruppen und -teilen. Achsen, Kupplungen und Baugruppen, mit hoher Qualit\u00e4t und Flexibilit\u00e4t in integrierten Prozessen.\",\"breadcrumb\":{\"@id\":\"https:\/\/www.gruposdiferenciales.es\/de\/produkte\/anderes\/#breadcrumb\"},\"inLanguage\":\"de\",\"potentialAction\":[{\"@type\":\"ReadAction\",\"target\":[\"https:\/\/www.gruposdiferenciales.es\/de\/produkte\/anderes\/\"]}]},{\"@type\":\"BreadcrumbList\",\"@id\":\"https:\/\/www.gruposdiferenciales.es\/de\/produkte\/anderes\/#breadcrumb\",\"itemListElement\":[{\"@type\":\"ListItem\",\"position\":1,\"name\":\"Portada\",\"item\":\"https:\/\/www.gruposdiferenciales.es\/de\/grupos-diferenciales-startseite\/\"},{\"@type\":\"ListItem\",\"position\":2,\"name\":\"Produkte\",\"item\":\"https:\/\/www.gruposdiferenciales.es\/de\/produkte\/\"},{\"@type\":\"ListItem\",\"position\":3,\"name\":\"Anderes\"}]},{\"@type\":\"WebSite\",\"@id\":\"https:\/\/www.gruposdiferenciales.es\/de\/#website\",\"url\":\"https:\/\/www.gruposdiferenciales.es\/de\/\",\"name\":\"Grupos Diferenciales\",\"description\":\"Dise\u00f1o y fabricaci\u00f3n de engranajes y subconjuntos\",\"publisher\":{\"@id\":\"https:\/\/www.gruposdiferenciales.es\/de\/#organization\"},\"potentialAction\":[{\"@type\":\"SearchAction\",\"target\":{\"@type\":\"EntryPoint\",\"urlTemplate\":\"https:\/\/www.gruposdiferenciales.es\/de\/?s={search_term_string}\"},\"query-input\":{\"@type\":\"PropertyValueSpecification\",\"valueRequired\":true,\"valueName\":\"search_term_string\"}}],\"inLanguage\":\"de\"},{\"@type\":\"Organization\",\"@id\":\"https:\/\/www.gruposdiferenciales.es\/de\/#organization\",\"name\":\"Grupos Diferenciales\",\"url\":\"https:\/\/www.gruposdiferenciales.es\/de\/\",\"logo\":{\"@type\":\"ImageObject\",\"inLanguage\":\"de\",\"@id\":\"https:\/\/www.gruposdiferenciales.es\/de\/#\/schema\/logo\/image\/\",\"url\":\"https:\/\/www.gruposdiferenciales.es\/wp-content\/uploads\/2024\/05\/logo-grupos-diferenciales.svg\",\"contentUrl\":\"https:\/\/www.gruposdiferenciales.es\/wp-content\/uploads\/2024\/05\/logo-grupos-diferenciales.svg\",\"width\":170,\"height\":49,\"caption\":\"Grupos Diferenciales\"},\"image\":{\"@id\":\"https:\/\/www.gruposdiferenciales.es\/de\/#\/schema\/logo\/image\/\"}}]}<\/script>\n<!-- \/ Yoast SEO plugin. -->","yoast_head_json":{"title":"Anderes - Grupos Diferenciales","description":"Herstellung von Getriebebaugruppen und -teilen. Achsen, Kupplungen und Baugruppen, mit hoher Qualit\u00e4t und Flexibilit\u00e4t in integrierten Prozessen.","robots":{"index":"index","follow":"follow","max-snippet":"max-snippet:-1","max-image-preview":"max-image-preview:large","max-video-preview":"max-video-preview:-1"},"canonical":"https:\/\/www.gruposdiferenciales.es\/de\/produkte\/anderes\/","og_locale":"de_DE","og_type":"article","og_title":"Anderes - Grupos Diferenciales","og_description":"Herstellung von Getriebebaugruppen und -teilen. Achsen, Kupplungen und Baugruppen, mit hoher Qualit\u00e4t und Flexibilit\u00e4t in integrierten Prozessen.","og_url":"https:\/\/www.gruposdiferenciales.es\/de\/produkte\/anderes\/","og_site_name":"Grupos Diferenciales","article_modified_time":"2024-12-02T12:21:05+00:00","twitter_card":"summary_large_image","twitter_misc":{"Gesch\u00e4tzte Lesezeit":"1\u00a0Minute"},"schema":{"@context":"https:\/\/schema.org","@graph":[{"@type":"WebPage","@id":"https:\/\/www.gruposdiferenciales.es\/de\/produkte\/anderes\/","url":"https:\/\/www.gruposdiferenciales.es\/de\/produkte\/anderes\/","name":"Anderes - Grupos Diferenciales","isPartOf":{"@id":"https:\/\/www.gruposdiferenciales.es\/de\/#website"},"datePublished":"2024-04-18T21:00:20+00:00","dateModified":"2024-12-02T12:21:05+00:00","description":"Herstellung von Getriebebaugruppen und -teilen. Achsen, Kupplungen und Baugruppen, mit hoher Qualit\u00e4t und Flexibilit\u00e4t in integrierten Prozessen.","breadcrumb":{"@id":"https:\/\/www.gruposdiferenciales.es\/de\/produkte\/anderes\/#breadcrumb"},"inLanguage":"de","potentialAction":[{"@type":"ReadAction","target":["https:\/\/www.gruposdiferenciales.es\/de\/produkte\/anderes\/"]}]},{"@type":"BreadcrumbList","@id":"https:\/\/www.gruposdiferenciales.es\/de\/produkte\/anderes\/#breadcrumb","itemListElement":[{"@type":"ListItem","position":1,"name":"Portada","item":"https:\/\/www.gruposdiferenciales.es\/de\/grupos-diferenciales-startseite\/"},{"@type":"ListItem","position":2,"name":"Produkte","item":"https:\/\/www.gruposdiferenciales.es\/de\/produkte\/"},{"@type":"ListItem","position":3,"name":"Anderes"}]},{"@type":"WebSite","@id":"https:\/\/www.gruposdiferenciales.es\/de\/#website","url":"https:\/\/www.gruposdiferenciales.es\/de\/","name":"Grupos Diferenciales","description":"Dise\u00f1o y fabricaci\u00f3n de engranajes y subconjuntos","publisher":{"@id":"https:\/\/www.gruposdiferenciales.es\/de\/#organization"},"potentialAction":[{"@type":"SearchAction","target":{"@type":"EntryPoint","urlTemplate":"https:\/\/www.gruposdiferenciales.es\/de\/?s={search_term_string}"},"query-input":{"@type":"PropertyValueSpecification","valueRequired":true,"valueName":"search_term_string"}}],"inLanguage":"de"},{"@type":"Organization","@id":"https:\/\/www.gruposdiferenciales.es\/de\/#organization","name":"Grupos Diferenciales","url":"https:\/\/www.gruposdiferenciales.es\/de\/","logo":{"@type":"ImageObject","inLanguage":"de","@id":"https:\/\/www.gruposdiferenciales.es\/de\/#\/schema\/logo\/image\/","url":"https:\/\/www.gruposdiferenciales.es\/wp-content\/uploads\/2024\/05\/logo-grupos-diferenciales.svg","contentUrl":"https:\/\/www.gruposdiferenciales.es\/wp-content\/uploads\/2024\/05\/logo-grupos-diferenciales.svg","width":170,"height":49,"caption":"Grupos Diferenciales"},"image":{"@id":"https:\/\/www.gruposdiferenciales.es\/de\/#\/schema\/logo\/image\/"}}]}},"_links":{"self":[{"href":"https:\/\/www.gruposdiferenciales.es\/de\/wp-json\/wp\/v2\/pages\/2946","targetHints":{"allow":["GET"]}}],"collection":[{"href":"https:\/\/www.gruposdiferenciales.es\/de\/wp-json\/wp\/v2\/pages"}],"about":[{"href":"https:\/\/www.gruposdiferenciales.es\/de\/wp-json\/wp\/v2\/types\/page"}],"author":[{"embeddable":true,"href":"https:\/\/www.gruposdiferenciales.es\/de\/wp-json\/wp\/v2\/users\/1"}],"replies":[{"embeddable":true,"href":"https:\/\/www.gruposdiferenciales.es\/de\/wp-json\/wp\/v2\/comments?post=2946"}],"version-history":[{"count":2,"href":"https:\/\/www.gruposdiferenciales.es\/de\/wp-json\/wp\/v2\/pages\/2946\/revisions"}],"predecessor-version":[{"id":3560,"href":"https:\/\/www.gruposdiferenciales.es\/de\/wp-json\/wp\/v2\/pages\/2946\/revisions\/3560"}],"up":[{"embeddable":true,"href":"https:\/\/www.gruposdiferenciales.es\/de\/wp-json\/wp\/v2\/pages\/2835"}],"wp:attachment":[{"href":"https:\/\/www.gruposdiferenciales.es\/de\/wp-json\/wp\/v2\/media?parent=2946"}],"curies":[{"name":"wp","href":"https:\/\/api.w.org\/{rel}","templated":true}]}}