{"id":2893,"date":"2024-04-16T18:29:21","date_gmt":"2024-04-16T18:29:21","guid":{"rendered":"https:\/\/www.gruposdiferenciales.es\/secteurs\/aeronautique\/"},"modified":"2024-12-02T12:05:37","modified_gmt":"2024-12-02T12:05:37","slug":"aeronautique","status":"publish","type":"page","link":"https:\/\/www.gruposdiferenciales.es\/fr\/secteurs\/aeronautique\/","title":{"rendered":"A\u00e9ronautique"},"content":{"rendered":"\t\t<div data-elementor-type=\"wp-page\" data-elementor-id=\"2893\" class=\"elementor elementor-2893 elementor-508\" data-elementor-post-type=\"page\">\n\t\t\t\t\t\t<section class=\"elementor-section elementor-top-section elementor-element elementor-element-ea75a71 elementor-section-boxed elementor-section-height-default elementor-section-height-default\" data-id=\"ea75a71\" data-element_type=\"section\" data-settings=\"{&quot;background_background&quot;:&quot;classic&quot;,&quot;background_motion_fx_motion_fx_scrolling&quot;:&quot;yes&quot;,&quot;background_motion_fx_translateY_effect&quot;:&quot;yes&quot;,&quot;background_motion_fx_translateY_speed&quot;:{&quot;unit&quot;:&quot;px&quot;,&quot;size&quot;:4,&quot;sizes&quot;:[]},&quot;background_motion_fx_translateY_affectedRange&quot;:{&quot;unit&quot;:&quot;%&quot;,&quot;size&quot;:&quot;&quot;,&quot;sizes&quot;:{&quot;start&quot;:0,&quot;end&quot;:100}},&quot;background_motion_fx_devices&quot;:[&quot;desktop&quot;,&quot;tablet&quot;,&quot;mobile&quot;]}\">\n\t\t\t\t\t\t<div class=\"elementor-container elementor-column-gap-default\">\n\t\t\t\t\t<div class=\"elementor-column elementor-col-100 elementor-top-column elementor-element elementor-element-0d49417\" data-id=\"0d49417\" data-element_type=\"column\">\n\t\t\t<div class=\"elementor-widget-wrap elementor-element-populated\">\n\t\t\t\t\t\t<div class=\"elementor-element elementor-element-265a698 elementor-widget elementor-widget-heading\" data-id=\"265a698\" data-element_type=\"widget\" data-widget_type=\"heading.default\">\n\t\t\t\t<div class=\"elementor-widget-container\">\n\t\t\t\t\t<h1 class=\"elementor-heading-title elementor-size-default\">A\u00e9ronautique<\/h1>\t\t\t\t<\/div>\n\t\t\t\t<\/div>\n\t\t\t\t<div class=\"elementor-element elementor-element-23d14c1 elementor-widget elementor-widget-text-editor\" data-id=\"23d14c1\" data-element_type=\"widget\" data-widget_type=\"text-editor.default\">\n\t\t\t\t<div class=\"elementor-widget-container\">\n\t\t\t\t\t\t\t\t\t<p>Leaders en conception et fabrication d&#8217;engrenages<\/p>\n\t\t\t\t\t\t\t\t<\/div>\n\t\t\t\t<\/div>\n\t\t\t\t\t<\/div>\n\t\t<\/div>\n\t\t\t\t\t<\/div>\n\t\t<\/section>\n\t\t\t\t<section class=\"elementor-section elementor-top-section elementor-element elementor-element-c4f562a elementor-section-boxed elementor-section-height-default elementor-section-height-default\" data-id=\"c4f562a\" data-element_type=\"section\">\n\t\t\t\t\t\t<div class=\"elementor-container elementor-column-gap-default\">\n\t\t\t\t\t<div class=\"elementor-column elementor-col-50 elementor-top-column elementor-element elementor-element-7d86d5a\" data-id=\"7d86d5a\" data-element_type=\"column\">\n\t\t\t<div class=\"elementor-widget-wrap elementor-element-populated\">\n\t\t\t\t\t\t<div class=\"elementor-element elementor-element-cbedaae elementor-widget elementor-widget-heading\" data-id=\"cbedaae\" data-element_type=\"widget\" data-widget_type=\"heading.default\">\n\t\t\t\t<div class=\"elementor-widget-container\">\n\t\t\t\t\t<h2 class=\"elementor-heading-title elementor-size-default\">Engrenages pour le secteur a\u00e9ronautique<\/h2>\t\t\t\t<\/div>\n\t\t\t\t<\/div>\n\t\t\t\t<div class=\"elementor-element elementor-element-97d7b04 elementor-widget elementor-widget-text-editor\" data-id=\"97d7b04\" data-element_type=\"widget\" data-widget_type=\"text-editor.default\">\n\t\t\t\t<div class=\"elementor-widget-container\">\n\t\t\t\t\t\t\t\t\t<p>Notre ing\u00e9nierie dispose de protocoles sp\u00e9ciaux pour la fabrication de composants pour le secteur a\u00e9ronautique. La conception, la d\u00e9finition, le d\u00e9veloppement et contr\u00f4le des processus, la consistance de la fabrication sont essentiels pour garantir le respect des exigences dans ce secteur. <\/p>\n\t\t\t\t\t\t\t\t<\/div>\n\t\t\t\t<\/div>\n\t\t\t\t\t<\/div>\n\t\t<\/div>\n\t\t\t\t<div class=\"elementor-column elementor-col-50 elementor-top-column elementor-element elementor-element-6704f07\" data-id=\"6704f07\" data-element_type=\"column\">\n\t\t\t<div class=\"elementor-widget-wrap elementor-element-populated\">\n\t\t\t\t\t\t<div class=\"elementor-element elementor-element-0e7927f elementor-widget elementor-widget-image\" data-id=\"0e7927f\" data-element_type=\"widget\" data-widget_type=\"image.default\">\n\t\t\t\t<div class=\"elementor-widget-container\">\n\t\t\t\t\t\t\t\t\t\t\t\t\t\t\t<img fetchpriority=\"high\" decoding=\"async\" width=\"693\" height=\"461\" src=\"https:\/\/www.gruposdiferenciales.es\/wp-content\/uploads\/2024\/05\/aeronautico-01.jpg\" class=\"attachment-full size-full wp-image-2207\" alt=\"Aeron\u00e1utico\" srcset=\"https:\/\/www.gruposdiferenciales.es\/wp-content\/uploads\/2024\/05\/aeronautico-01.jpg 693w, https:\/\/www.gruposdiferenciales.es\/wp-content\/uploads\/2024\/05\/aeronautico-01-300x200.jpg 300w\" sizes=\"(max-width: 693px) 100vw, 693px\" \/>\t\t\t\t\t\t\t\t\t\t\t\t\t\t\t<\/div>\n\t\t\t\t<\/div>\n\t\t\t\t<div class=\"elementor-element elementor-element-ed2a110 e-transform elementor-widget elementor-widget-image\" data-id=\"ed2a110\" data-element_type=\"widget\" data-settings=\"{&quot;motion_fx_motion_fx_scrolling&quot;:&quot;yes&quot;,&quot;motion_fx_translateY_effect&quot;:&quot;yes&quot;,&quot;_transform_translateY_effect&quot;:{&quot;unit&quot;:&quot;px&quot;,&quot;size&quot;:-293,&quot;sizes&quot;:[]},&quot;motion_fx_translateY_speed&quot;:{&quot;unit&quot;:&quot;px&quot;,&quot;size&quot;:4,&quot;sizes&quot;:[]},&quot;motion_fx_translateY_affectedRange&quot;:{&quot;unit&quot;:&quot;%&quot;,&quot;size&quot;:&quot;&quot;,&quot;sizes&quot;:{&quot;start&quot;:0,&quot;end&quot;:100}},&quot;motion_fx_devices&quot;:[&quot;desktop&quot;,&quot;tablet&quot;,&quot;mobile&quot;],&quot;_transform_translateX_effect&quot;:{&quot;unit&quot;:&quot;px&quot;,&quot;size&quot;:&quot;&quot;,&quot;sizes&quot;:[]},&quot;_transform_translateX_effect_tablet&quot;:{&quot;unit&quot;:&quot;px&quot;,&quot;size&quot;:&quot;&quot;,&quot;sizes&quot;:[]},&quot;_transform_translateX_effect_mobile&quot;:{&quot;unit&quot;:&quot;px&quot;,&quot;size&quot;:&quot;&quot;,&quot;sizes&quot;:[]},&quot;_transform_translateY_effect_tablet&quot;:{&quot;unit&quot;:&quot;px&quot;,&quot;size&quot;:&quot;&quot;,&quot;sizes&quot;:[]},&quot;_transform_translateY_effect_mobile&quot;:{&quot;unit&quot;:&quot;px&quot;,&quot;size&quot;:&quot;&quot;,&quot;sizes&quot;:[]}}\" data-widget_type=\"image.default\">\n\t\t\t\t<div class=\"elementor-widget-container\">\n\t\t\t\t\t\t\t\t\t\t\t\t\t\t\t<img decoding=\"async\" width=\"306\" height=\"306\" src=\"https:\/\/www.gruposdiferenciales.es\/wp-content\/uploads\/2024\/05\/aeronautico-02.jpg\" class=\"attachment-full size-full wp-image-2214\" alt=\"Aeron\u00e1utico\" srcset=\"https:\/\/www.gruposdiferenciales.es\/wp-content\/uploads\/2024\/05\/aeronautico-02.jpg 306w, https:\/\/www.gruposdiferenciales.es\/wp-content\/uploads\/2024\/05\/aeronautico-02-300x300.jpg 300w, https:\/\/www.gruposdiferenciales.es\/wp-content\/uploads\/2024\/05\/aeronautico-02-150x150.jpg 150w\" sizes=\"(max-width: 306px) 100vw, 306px\" \/>\t\t\t\t\t\t\t\t\t\t\t\t\t\t\t<\/div>\n\t\t\t\t<\/div>\n\t\t\t\t\t<\/div>\n\t\t<\/div>\n\t\t\t\t\t<\/div>\n\t\t<\/section>\n\t\t\t\t<section class=\"elementor-section elementor-top-section elementor-element elementor-element-a1e253a elementor-section-boxed elementor-section-height-default elementor-section-height-default\" data-id=\"a1e253a\" data-element_type=\"section\">\n\t\t\t\t\t\t<div class=\"elementor-container elementor-column-gap-default\">\n\t\t\t\t\t<div class=\"elementor-column elementor-col-100 elementor-top-column elementor-element elementor-element-8310654\" data-id=\"8310654\" data-element_type=\"column\">\n\t\t\t<div class=\"elementor-widget-wrap elementor-element-populated\">\n\t\t\t\t\t\t<div class=\"elementor-element elementor-element-029bf47 elementor-widget elementor-widget-video\" data-id=\"029bf47\" data-element_type=\"widget\" data-settings=\"{&quot;video_type&quot;:&quot;hosted&quot;,&quot;controls&quot;:&quot;yes&quot;}\" data-widget_type=\"video.default\">\n\t\t\t\t<div class=\"elementor-widget-container\">\n\t\t\t\t\t\t\t<div class=\"e-hosted-video elementor-wrapper elementor-open-inline\">\n\t\t\t\t\t<video class=\"elementor-video\" src=\"https:\/\/www.gruposdiferenciales.es\/wp-content\/uploads\/2024\/04\/helicopteros.mp4\" controls=\"\" preload=\"metadata\" controlsList=\"nodownload\"><\/video>\n\t\t\t\t<\/div>\n\t\t\t\t\t\t<\/div>\n\t\t\t\t<\/div>\n\t\t\t\t\t<\/div>\n\t\t<\/div>\n\t\t\t\t\t<\/div>\n\t\t<\/section>\n\t\t\t\t<\/div>\n\t\t","protected":false},"excerpt":{"rendered":"<p>A\u00e9ronautique Leaders en conception et fabrication d&#8217;engrenages Engrenages pour le secteur a\u00e9ronautique Notre ing\u00e9nierie dispose de protocoles sp\u00e9ciaux pour la fabrication de composants pour le secteur a\u00e9ronautique. La conception, la d\u00e9finition, le d\u00e9veloppement et contr\u00f4le des processus, la consistance de la fabrication sont essentiels pour garantir le respect des exigences dans ce secteur. https:\/\/www.gruposdiferenciales.es\/wp-content\/uploads\/2024\/04\/helicopteros.mp4<\/p>\n","protected":false},"author":1,"featured_media":0,"parent":2779,"menu_order":0,"comment_status":"closed","ping_status":"closed","template":"","meta":{"inline_featured_image":false,"footnotes":""},"class_list":["post-2893","page","type-page","status-publish","hentry"],"yoast_head":"<!-- This site is optimized with the Yoast SEO plugin v26.3 - https:\/\/yoast.com\/wordpress\/plugins\/seo\/ -->\n<title>A\u00e9ronautique - Grupos Diferenciales<\/title>\n<meta name=\"description\" content=\"Engrenages a\u00e9ronautiques fabriqu\u00e9s selon des protocoles sp\u00e9cialis\u00e9s, garantissant la conformit\u00e9 et la haute qualit\u00e9 dans le secteur a\u00e9rospatial.\" \/>\n<meta name=\"robots\" content=\"index, follow, max-snippet:-1, max-image-preview:large, max-video-preview:-1\" \/>\n<link rel=\"canonical\" href=\"https:\/\/www.gruposdiferenciales.es\/fr\/secteurs\/aeronautique\/\" \/>\n<meta property=\"og:locale\" content=\"fr_FR\" \/>\n<meta property=\"og:type\" content=\"article\" \/>\n<meta property=\"og:title\" content=\"A\u00e9ronautique - Grupos Diferenciales\" \/>\n<meta property=\"og:description\" content=\"Engrenages a\u00e9ronautiques fabriqu\u00e9s selon des protocoles sp\u00e9cialis\u00e9s, garantissant la conformit\u00e9 et la haute qualit\u00e9 dans le secteur a\u00e9rospatial.\" \/>\n<meta property=\"og:url\" content=\"https:\/\/www.gruposdiferenciales.es\/fr\/secteurs\/aeronautique\/\" \/>\n<meta property=\"og:site_name\" content=\"Grupos Diferenciales\" \/>\n<meta property=\"article:modified_time\" content=\"2024-12-02T12:05:37+00:00\" \/>\n<meta property=\"og:image\" content=\"https:\/\/www.gruposdiferenciales.es\/wp-content\/uploads\/2024\/05\/aeronautico-01.jpg\" \/>\n\t<meta property=\"og:image:width\" content=\"693\" \/>\n\t<meta property=\"og:image:height\" content=\"461\" \/>\n\t<meta property=\"og:image:type\" content=\"image\/jpeg\" \/>\n<meta name=\"twitter:card\" content=\"summary_large_image\" \/>\n<script type=\"application\/ld+json\" class=\"yoast-schema-graph\">{\"@context\":\"https:\/\/schema.org\",\"@graph\":[{\"@type\":\"WebPage\",\"@id\":\"https:\/\/www.gruposdiferenciales.es\/fr\/secteurs\/aeronautique\/\",\"url\":\"https:\/\/www.gruposdiferenciales.es\/fr\/secteurs\/aeronautique\/\",\"name\":\"A\u00e9ronautique - Grupos Diferenciales\",\"isPartOf\":{\"@id\":\"https:\/\/www.gruposdiferenciales.es\/fr\/#website\"},\"primaryImageOfPage\":{\"@id\":\"https:\/\/www.gruposdiferenciales.es\/fr\/secteurs\/aeronautique\/#primaryimage\"},\"image\":{\"@id\":\"https:\/\/www.gruposdiferenciales.es\/fr\/secteurs\/aeronautique\/#primaryimage\"},\"thumbnailUrl\":\"https:\/\/www.gruposdiferenciales.es\/wp-content\/uploads\/2024\/05\/aeronautico-01.jpg\",\"datePublished\":\"2024-04-16T18:29:21+00:00\",\"dateModified\":\"2024-12-02T12:05:37+00:00\",\"description\":\"Engrenages a\u00e9ronautiques fabriqu\u00e9s selon des protocoles sp\u00e9cialis\u00e9s, garantissant la conformit\u00e9 et la haute qualit\u00e9 dans le secteur a\u00e9rospatial.\",\"breadcrumb\":{\"@id\":\"https:\/\/www.gruposdiferenciales.es\/fr\/secteurs\/aeronautique\/#breadcrumb\"},\"inLanguage\":\"fr-FR\",\"potentialAction\":[{\"@type\":\"ReadAction\",\"target\":[\"https:\/\/www.gruposdiferenciales.es\/fr\/secteurs\/aeronautique\/\"]}]},{\"@type\":\"ImageObject\",\"inLanguage\":\"fr-FR\",\"@id\":\"https:\/\/www.gruposdiferenciales.es\/fr\/secteurs\/aeronautique\/#primaryimage\",\"url\":\"https:\/\/www.gruposdiferenciales.es\/wp-content\/uploads\/2024\/05\/aeronautico-01.jpg\",\"contentUrl\":\"https:\/\/www.gruposdiferenciales.es\/wp-content\/uploads\/2024\/05\/aeronautico-01.jpg\"},{\"@type\":\"BreadcrumbList\",\"@id\":\"https:\/\/www.gruposdiferenciales.es\/fr\/secteurs\/aeronautique\/#breadcrumb\",\"itemListElement\":[{\"@type\":\"ListItem\",\"position\":1,\"name\":\"Portada\",\"item\":\"https:\/\/www.gruposdiferenciales.es\/fr\/grupos-diferenciales-accueil\/\"},{\"@type\":\"ListItem\",\"position\":2,\"name\":\"Secteurs\",\"item\":\"https:\/\/www.gruposdiferenciales.es\/fr\/secteurs\/\"},{\"@type\":\"ListItem\",\"position\":3,\"name\":\"A\u00e9ronautique\"}]},{\"@type\":\"WebSite\",\"@id\":\"https:\/\/www.gruposdiferenciales.es\/fr\/#website\",\"url\":\"https:\/\/www.gruposdiferenciales.es\/fr\/\",\"name\":\"Grupos Diferenciales\",\"description\":\"Dise\u00f1o y fabricaci\u00f3n de engranajes y subconjuntos\",\"publisher\":{\"@id\":\"https:\/\/www.gruposdiferenciales.es\/fr\/#organization\"},\"potentialAction\":[{\"@type\":\"SearchAction\",\"target\":{\"@type\":\"EntryPoint\",\"urlTemplate\":\"https:\/\/www.gruposdiferenciales.es\/fr\/?s={search_term_string}\"},\"query-input\":{\"@type\":\"PropertyValueSpecification\",\"valueRequired\":true,\"valueName\":\"search_term_string\"}}],\"inLanguage\":\"fr-FR\"},{\"@type\":\"Organization\",\"@id\":\"https:\/\/www.gruposdiferenciales.es\/fr\/#organization\",\"name\":\"Grupos Diferenciales\",\"url\":\"https:\/\/www.gruposdiferenciales.es\/fr\/\",\"logo\":{\"@type\":\"ImageObject\",\"inLanguage\":\"fr-FR\",\"@id\":\"https:\/\/www.gruposdiferenciales.es\/fr\/#\/schema\/logo\/image\/\",\"url\":\"https:\/\/www.gruposdiferenciales.es\/wp-content\/uploads\/2024\/05\/logo-grupos-diferenciales.svg\",\"contentUrl\":\"https:\/\/www.gruposdiferenciales.es\/wp-content\/uploads\/2024\/05\/logo-grupos-diferenciales.svg\",\"width\":170,\"height\":49,\"caption\":\"Grupos Diferenciales\"},\"image\":{\"@id\":\"https:\/\/www.gruposdiferenciales.es\/fr\/#\/schema\/logo\/image\/\"}}]}<\/script>\n<!-- \/ Yoast SEO plugin. -->","yoast_head_json":{"title":"A\u00e9ronautique - Grupos Diferenciales","description":"Engrenages a\u00e9ronautiques fabriqu\u00e9s selon des protocoles sp\u00e9cialis\u00e9s, garantissant la conformit\u00e9 et la haute qualit\u00e9 dans le secteur a\u00e9rospatial.","robots":{"index":"index","follow":"follow","max-snippet":"max-snippet:-1","max-image-preview":"max-image-preview:large","max-video-preview":"max-video-preview:-1"},"canonical":"https:\/\/www.gruposdiferenciales.es\/fr\/secteurs\/aeronautique\/","og_locale":"fr_FR","og_type":"article","og_title":"A\u00e9ronautique - Grupos Diferenciales","og_description":"Engrenages a\u00e9ronautiques fabriqu\u00e9s selon des protocoles sp\u00e9cialis\u00e9s, garantissant la conformit\u00e9 et la haute qualit\u00e9 dans le secteur a\u00e9rospatial.","og_url":"https:\/\/www.gruposdiferenciales.es\/fr\/secteurs\/aeronautique\/","og_site_name":"Grupos Diferenciales","article_modified_time":"2024-12-02T12:05:37+00:00","og_image":[{"width":693,"height":461,"url":"https:\/\/www.gruposdiferenciales.es\/wp-content\/uploads\/2024\/05\/aeronautico-01.jpg","type":"image\/jpeg"}],"twitter_card":"summary_large_image","schema":{"@context":"https:\/\/schema.org","@graph":[{"@type":"WebPage","@id":"https:\/\/www.gruposdiferenciales.es\/fr\/secteurs\/aeronautique\/","url":"https:\/\/www.gruposdiferenciales.es\/fr\/secteurs\/aeronautique\/","name":"A\u00e9ronautique - Grupos Diferenciales","isPartOf":{"@id":"https:\/\/www.gruposdiferenciales.es\/fr\/#website"},"primaryImageOfPage":{"@id":"https:\/\/www.gruposdiferenciales.es\/fr\/secteurs\/aeronautique\/#primaryimage"},"image":{"@id":"https:\/\/www.gruposdiferenciales.es\/fr\/secteurs\/aeronautique\/#primaryimage"},"thumbnailUrl":"https:\/\/www.gruposdiferenciales.es\/wp-content\/uploads\/2024\/05\/aeronautico-01.jpg","datePublished":"2024-04-16T18:29:21+00:00","dateModified":"2024-12-02T12:05:37+00:00","description":"Engrenages a\u00e9ronautiques fabriqu\u00e9s selon des protocoles sp\u00e9cialis\u00e9s, garantissant la conformit\u00e9 et la haute qualit\u00e9 dans le secteur a\u00e9rospatial.","breadcrumb":{"@id":"https:\/\/www.gruposdiferenciales.es\/fr\/secteurs\/aeronautique\/#breadcrumb"},"inLanguage":"fr-FR","potentialAction":[{"@type":"ReadAction","target":["https:\/\/www.gruposdiferenciales.es\/fr\/secteurs\/aeronautique\/"]}]},{"@type":"ImageObject","inLanguage":"fr-FR","@id":"https:\/\/www.gruposdiferenciales.es\/fr\/secteurs\/aeronautique\/#primaryimage","url":"https:\/\/www.gruposdiferenciales.es\/wp-content\/uploads\/2024\/05\/aeronautico-01.jpg","contentUrl":"https:\/\/www.gruposdiferenciales.es\/wp-content\/uploads\/2024\/05\/aeronautico-01.jpg"},{"@type":"BreadcrumbList","@id":"https:\/\/www.gruposdiferenciales.es\/fr\/secteurs\/aeronautique\/#breadcrumb","itemListElement":[{"@type":"ListItem","position":1,"name":"Portada","item":"https:\/\/www.gruposdiferenciales.es\/fr\/grupos-diferenciales-accueil\/"},{"@type":"ListItem","position":2,"name":"Secteurs","item":"https:\/\/www.gruposdiferenciales.es\/fr\/secteurs\/"},{"@type":"ListItem","position":3,"name":"A\u00e9ronautique"}]},{"@type":"WebSite","@id":"https:\/\/www.gruposdiferenciales.es\/fr\/#website","url":"https:\/\/www.gruposdiferenciales.es\/fr\/","name":"Grupos Diferenciales","description":"Dise\u00f1o y fabricaci\u00f3n de engranajes y subconjuntos","publisher":{"@id":"https:\/\/www.gruposdiferenciales.es\/fr\/#organization"},"potentialAction":[{"@type":"SearchAction","target":{"@type":"EntryPoint","urlTemplate":"https:\/\/www.gruposdiferenciales.es\/fr\/?s={search_term_string}"},"query-input":{"@type":"PropertyValueSpecification","valueRequired":true,"valueName":"search_term_string"}}],"inLanguage":"fr-FR"},{"@type":"Organization","@id":"https:\/\/www.gruposdiferenciales.es\/fr\/#organization","name":"Grupos Diferenciales","url":"https:\/\/www.gruposdiferenciales.es\/fr\/","logo":{"@type":"ImageObject","inLanguage":"fr-FR","@id":"https:\/\/www.gruposdiferenciales.es\/fr\/#\/schema\/logo\/image\/","url":"https:\/\/www.gruposdiferenciales.es\/wp-content\/uploads\/2024\/05\/logo-grupos-diferenciales.svg","contentUrl":"https:\/\/www.gruposdiferenciales.es\/wp-content\/uploads\/2024\/05\/logo-grupos-diferenciales.svg","width":170,"height":49,"caption":"Grupos Diferenciales"},"image":{"@id":"https:\/\/www.gruposdiferenciales.es\/fr\/#\/schema\/logo\/image\/"}}]}},"_links":{"self":[{"href":"https:\/\/www.gruposdiferenciales.es\/fr\/wp-json\/wp\/v2\/pages\/2893","targetHints":{"allow":["GET"]}}],"collection":[{"href":"https:\/\/www.gruposdiferenciales.es\/fr\/wp-json\/wp\/v2\/pages"}],"about":[{"href":"https:\/\/www.gruposdiferenciales.es\/fr\/wp-json\/wp\/v2\/types\/page"}],"author":[{"embeddable":true,"href":"https:\/\/www.gruposdiferenciales.es\/fr\/wp-json\/wp\/v2\/users\/1"}],"replies":[{"embeddable":true,"href":"https:\/\/www.gruposdiferenciales.es\/fr\/wp-json\/wp\/v2\/comments?post=2893"}],"version-history":[{"count":2,"href":"https:\/\/www.gruposdiferenciales.es\/fr\/wp-json\/wp\/v2\/pages\/2893\/revisions"}],"predecessor-version":[{"id":3538,"href":"https:\/\/www.gruposdiferenciales.es\/fr\/wp-json\/wp\/v2\/pages\/2893\/revisions\/3538"}],"up":[{"embeddable":true,"href":"https:\/\/www.gruposdiferenciales.es\/fr\/wp-json\/wp\/v2\/pages\/2779"}],"wp:attachment":[{"href":"https:\/\/www.gruposdiferenciales.es\/fr\/wp-json\/wp\/v2\/media?parent=2893"}],"curies":[{"name":"wp","href":"https:\/\/api.w.org\/{rel}","templated":true}]}}