{"id":2925,"date":"2024-04-18T20:57:36","date_gmt":"2024-04-18T20:57:36","guid":{"rendered":"https:\/\/www.gruposdiferenciales.es\/produits\/couples-coniques\/"},"modified":"2024-12-02T12:05:37","modified_gmt":"2024-12-02T12:05:37","slug":"couples-coniques","status":"publish","type":"page","link":"https:\/\/www.gruposdiferenciales.es\/fr\/produits\/couples-coniques\/","title":{"rendered":"Couples coniques"},"content":{"rendered":"\t\t<div data-elementor-type=\"wp-page\" data-elementor-id=\"2925\" class=\"elementor elementor-2925 elementor-941\" data-elementor-post-type=\"page\">\n\t\t\t\t\t\t<section class=\"elementor-section elementor-top-section elementor-element elementor-element-ea75a71 elementor-section-boxed elementor-section-height-default elementor-section-height-default\" data-id=\"ea75a71\" data-element_type=\"section\" data-settings=\"{&quot;background_background&quot;:&quot;classic&quot;,&quot;background_motion_fx_motion_fx_scrolling&quot;:&quot;yes&quot;,&quot;background_motion_fx_translateY_effect&quot;:&quot;yes&quot;,&quot;background_motion_fx_translateY_speed&quot;:{&quot;unit&quot;:&quot;px&quot;,&quot;size&quot;:4,&quot;sizes&quot;:[]},&quot;background_motion_fx_translateY_affectedRange&quot;:{&quot;unit&quot;:&quot;%&quot;,&quot;size&quot;:&quot;&quot;,&quot;sizes&quot;:{&quot;start&quot;:0,&quot;end&quot;:100}},&quot;background_motion_fx_devices&quot;:[&quot;desktop&quot;,&quot;tablet&quot;,&quot;mobile&quot;]}\">\n\t\t\t\t\t\t<div class=\"elementor-container elementor-column-gap-default\">\n\t\t\t\t\t<div class=\"elementor-column elementor-col-100 elementor-top-column elementor-element elementor-element-0d49417\" data-id=\"0d49417\" data-element_type=\"column\">\n\t\t\t<div class=\"elementor-widget-wrap elementor-element-populated\">\n\t\t\t\t\t\t<div class=\"elementor-element elementor-element-265a698 elementor-widget elementor-widget-heading\" data-id=\"265a698\" data-element_type=\"widget\" data-widget_type=\"heading.default\">\n\t\t\t\t<div class=\"elementor-widget-container\">\n\t\t\t\t\t<h1 class=\"elementor-heading-title elementor-size-default\">Couples coniques<\/h1>\t\t\t\t<\/div>\n\t\t\t\t<\/div>\n\t\t\t\t<div class=\"elementor-element elementor-element-23d14c1 elementor-widget elementor-widget-text-editor\" data-id=\"23d14c1\" data-element_type=\"widget\" data-widget_type=\"text-editor.default\">\n\t\t\t\t<div class=\"elementor-widget-container\">\n\t\t\t\t\t\t\t\t\t<p>Leaders en conception et fabrication d&#8217;engrenages<\/p>\n\t\t\t\t\t\t\t\t<\/div>\n\t\t\t\t<\/div>\n\t\t\t\t\t<\/div>\n\t\t<\/div>\n\t\t\t\t\t<\/div>\n\t\t<\/section>\n\t\t\t\t<section class=\"elementor-section elementor-top-section elementor-element elementor-element-401b143 elementor-section-boxed elementor-section-height-default elementor-section-height-default\" data-id=\"401b143\" data-element_type=\"section\">\n\t\t\t\t\t\t<div class=\"elementor-container elementor-column-gap-default\">\n\t\t\t\t\t<div class=\"elementor-column elementor-col-33 elementor-top-column elementor-element elementor-element-cb657b6\" data-id=\"cb657b6\" data-element_type=\"column\">\n\t\t\t<div class=\"elementor-widget-wrap elementor-element-populated\">\n\t\t\t\t\t\t<div class=\"elementor-element elementor-element-97d7b04 elementor-widget elementor-widget-text-editor\" data-id=\"97d7b04\" data-element_type=\"widget\" data-widget_type=\"text-editor.default\">\n\t\t\t\t<div class=\"elementor-widget-container\">\n\t\t\t\t\t\t\t\t\t<p>Notre sp\u00e9cialit\u00e9 est la fabrication d&#8217;engrenages coniques et hypo\u00efdes dans les technologies les plus importantes : Gleason, Klingelnberg et Oerlikon, en version <strong>STAPED<\/strong> ou <strong>HARD FINISHED<\/strong>.<\/p>\n<p>Pour le calcul nous utilisons la m\u00e9thode des \u00e9l\u00e9ments finis pour les g\u00e9om\u00e9tries Face Milling, Face Hobbing et ciclopaloide en 3 diff\u00e9rents syst\u00e8mes : Gleason, Oerlikon et Klingelnberg. Les op\u00e9rations de finition en dur, <strong>RECTIFICATION<\/strong> et <strong>HPG<\/strong>, garantissent une meilleure pr\u00e9cision et une meilleure qualit\u00e9 de finition en comparaison aux engrenages rod\u00e9s. <\/p>\n\t\t\t\t\t\t\t\t<\/div>\n\t\t\t\t<\/div>\n\t\t\t\t\t<\/div>\n\t\t<\/div>\n\t\t\t\t<div class=\"elementor-column elementor-col-66 elementor-top-column elementor-element elementor-element-7708b1d\" data-id=\"7708b1d\" data-element_type=\"column\">\n\t\t\t<div class=\"elementor-widget-wrap elementor-element-populated\">\n\t\t\t\t\t\t<div class=\"elementor-element elementor-element-86ed277 elementor-widget elementor-widget-text-editor\" data-id=\"86ed277\" data-element_type=\"widget\" data-widget_type=\"text-editor.default\">\n\t\t\t\t<div class=\"elementor-widget-container\">\n\t\t\t\t\t\t\t\t\t<p>Pour l\u2019am\u00e9lioration de la qualit\u00e9 superficielle et de la r\u00e9sistance nous pouvons appliquer des traitements superficiels comme par exemple le Shot Peening ou le traitement Isotropique.<\/p>\n<p>Nous pouvons fabriquer des engrenages coniques jusqu\u2019\u00e0 1150 mm de diam\u00e8tre ext\u00e9rieur et jusqu\u2019\u00e0 un Module 23 avec une qualit\u00e9 de haute pr\u00e9cision. Nos contr\u00f4les incluent la v\u00e9rification de la rugosit\u00e9 des flancs, la d\u00e9tection de br\u00fblures, l\u2019inspection par particules magn\u00e9tiques, la v\u00e9rification des port\u00e9es, la topographie dimensionnelle ( qualit\u00e9 DIN\/AGMA ) et la v\u00e9rification du bruit au moyen de la proc\u00e9dure du flanc individuel et de l\u2019acc\u00e9l\u00e9rom\u00e9trie structurale. <\/p>\n\t\t\t\t\t\t\t\t<\/div>\n\t\t\t\t<\/div>\n\t\t\t\t\t<\/div>\n\t\t<\/div>\n\t\t\t\t\t<\/div>\n\t\t<\/section>\n\t\t\t\t<section class=\"elementor-section elementor-top-section elementor-element elementor-element-69b2945 elementor-section-boxed elementor-section-height-default elementor-section-height-default\" data-id=\"69b2945\" data-element_type=\"section\">\n\t\t\t\t\t\t<div class=\"elementor-container elementor-column-gap-default\">\n\t\t\t\t\t<div class=\"elementor-column elementor-col-100 elementor-top-column elementor-element elementor-element-e159001\" data-id=\"e159001\" data-element_type=\"column\">\n\t\t\t<div class=\"elementor-widget-wrap elementor-element-populated\">\n\t\t\t\t\t\t<div class=\"elementor-element elementor-element-8bb187e elementor-widget elementor-widget-video\" data-id=\"8bb187e\" data-element_type=\"widget\" data-settings=\"{&quot;video_type&quot;:&quot;hosted&quot;,&quot;controls&quot;:&quot;yes&quot;}\" data-widget_type=\"video.default\">\n\t\t\t\t<div class=\"elementor-widget-container\">\n\t\t\t\t\t\t\t<div class=\"e-hosted-video elementor-wrapper elementor-open-inline\">\n\t\t\t\t\t<video class=\"elementor-video\" src=\"https:\/\/www.gruposdiferenciales.es\/wp-content\/uploads\/2024\/04\/grupos-conicos.mp4\" controls=\"\" preload=\"metadata\" controlsList=\"nodownload\"><\/video>\n\t\t\t\t<\/div>\n\t\t\t\t\t\t<\/div>\n\t\t\t\t<\/div>\n\t\t\t\t\t<\/div>\n\t\t<\/div>\n\t\t\t\t\t<\/div>\n\t\t<\/section>\n\t\t\t\t<\/div>\n\t\t","protected":false},"excerpt":{"rendered":"<p>Couples coniques Leaders en conception et fabrication d&#8217;engrenages Notre sp\u00e9cialit\u00e9 est la fabrication d&#8217;engrenages coniques et hypo\u00efdes dans les technologies les plus importantes : Gleason, Klingelnberg et Oerlikon, en version STAPED ou HARD FINISHED. Pour le calcul nous utilisons la m\u00e9thode des \u00e9l\u00e9ments finis pour les g\u00e9om\u00e9tries Face Milling, Face Hobbing et ciclopaloide en 3 [&hellip;]<\/p>\n","protected":false},"author":1,"featured_media":0,"parent":2837,"menu_order":0,"comment_status":"closed","ping_status":"closed","template":"","meta":{"inline_featured_image":false,"footnotes":""},"class_list":["post-2925","page","type-page","status-publish","hentry"],"yoast_head":"<!-- This site is optimized with the Yoast SEO plugin v26.3 - https:\/\/yoast.com\/wordpress\/plugins\/seo\/ -->\n<title>Couples coniques - Grupos Diferenciales<\/title>\n<meta name=\"description\" content=\"Fabrication d&#039;engrenages coniques h\u00e9lico\u00efdaux et hypo\u00efdes avec des technologies avanc\u00e9es, avec des tests de haute pr\u00e9cision et de qualit\u00e9.\" \/>\n<meta name=\"robots\" content=\"index, follow, max-snippet:-1, max-image-preview:large, max-video-preview:-1\" \/>\n<link rel=\"canonical\" href=\"https:\/\/www.gruposdiferenciales.es\/fr\/produits\/couples-coniques\/\" \/>\n<meta property=\"og:locale\" content=\"fr_FR\" \/>\n<meta property=\"og:type\" content=\"article\" \/>\n<meta property=\"og:title\" content=\"Couples coniques - Grupos Diferenciales\" \/>\n<meta property=\"og:description\" content=\"Fabrication d&#039;engrenages coniques h\u00e9lico\u00efdaux et hypo\u00efdes avec des technologies avanc\u00e9es, avec des tests de haute pr\u00e9cision et de qualit\u00e9.\" \/>\n<meta property=\"og:url\" content=\"https:\/\/www.gruposdiferenciales.es\/fr\/produits\/couples-coniques\/\" \/>\n<meta property=\"og:site_name\" content=\"Grupos Diferenciales\" \/>\n<meta property=\"article:modified_time\" content=\"2024-12-02T12:05:37+00:00\" \/>\n<meta name=\"twitter:card\" content=\"summary_large_image\" \/>\n<meta name=\"twitter:label1\" content=\"Dur\u00e9e de lecture estim\u00e9e\" \/>\n\t<meta name=\"twitter:data1\" content=\"1 minute\" \/>\n<script type=\"application\/ld+json\" class=\"yoast-schema-graph\">{\"@context\":\"https:\/\/schema.org\",\"@graph\":[{\"@type\":\"WebPage\",\"@id\":\"https:\/\/www.gruposdiferenciales.es\/fr\/produits\/couples-coniques\/\",\"url\":\"https:\/\/www.gruposdiferenciales.es\/fr\/produits\/couples-coniques\/\",\"name\":\"Couples coniques - Grupos Diferenciales\",\"isPartOf\":{\"@id\":\"https:\/\/www.gruposdiferenciales.es\/fr\/#website\"},\"datePublished\":\"2024-04-18T20:57:36+00:00\",\"dateModified\":\"2024-12-02T12:05:37+00:00\",\"description\":\"Fabrication d'engrenages coniques h\u00e9lico\u00efdaux et hypo\u00efdes avec des technologies avanc\u00e9es, avec des tests de haute pr\u00e9cision et de qualit\u00e9.\",\"breadcrumb\":{\"@id\":\"https:\/\/www.gruposdiferenciales.es\/fr\/produits\/couples-coniques\/#breadcrumb\"},\"inLanguage\":\"fr-FR\",\"potentialAction\":[{\"@type\":\"ReadAction\",\"target\":[\"https:\/\/www.gruposdiferenciales.es\/fr\/produits\/couples-coniques\/\"]}]},{\"@type\":\"BreadcrumbList\",\"@id\":\"https:\/\/www.gruposdiferenciales.es\/fr\/produits\/couples-coniques\/#breadcrumb\",\"itemListElement\":[{\"@type\":\"ListItem\",\"position\":1,\"name\":\"Portada\",\"item\":\"https:\/\/www.gruposdiferenciales.es\/fr\/grupos-diferenciales-accueil\/\"},{\"@type\":\"ListItem\",\"position\":2,\"name\":\"Produits\",\"item\":\"https:\/\/www.gruposdiferenciales.es\/fr\/produits\/\"},{\"@type\":\"ListItem\",\"position\":3,\"name\":\"Couples coniques\"}]},{\"@type\":\"WebSite\",\"@id\":\"https:\/\/www.gruposdiferenciales.es\/fr\/#website\",\"url\":\"https:\/\/www.gruposdiferenciales.es\/fr\/\",\"name\":\"Grupos Diferenciales\",\"description\":\"Dise\u00f1o y fabricaci\u00f3n de engranajes y subconjuntos\",\"publisher\":{\"@id\":\"https:\/\/www.gruposdiferenciales.es\/fr\/#organization\"},\"potentialAction\":[{\"@type\":\"SearchAction\",\"target\":{\"@type\":\"EntryPoint\",\"urlTemplate\":\"https:\/\/www.gruposdiferenciales.es\/fr\/?s={search_term_string}\"},\"query-input\":{\"@type\":\"PropertyValueSpecification\",\"valueRequired\":true,\"valueName\":\"search_term_string\"}}],\"inLanguage\":\"fr-FR\"},{\"@type\":\"Organization\",\"@id\":\"https:\/\/www.gruposdiferenciales.es\/fr\/#organization\",\"name\":\"Grupos Diferenciales\",\"url\":\"https:\/\/www.gruposdiferenciales.es\/fr\/\",\"logo\":{\"@type\":\"ImageObject\",\"inLanguage\":\"fr-FR\",\"@id\":\"https:\/\/www.gruposdiferenciales.es\/fr\/#\/schema\/logo\/image\/\",\"url\":\"https:\/\/www.gruposdiferenciales.es\/wp-content\/uploads\/2024\/05\/logo-grupos-diferenciales.svg\",\"contentUrl\":\"https:\/\/www.gruposdiferenciales.es\/wp-content\/uploads\/2024\/05\/logo-grupos-diferenciales.svg\",\"width\":170,\"height\":49,\"caption\":\"Grupos Diferenciales\"},\"image\":{\"@id\":\"https:\/\/www.gruposdiferenciales.es\/fr\/#\/schema\/logo\/image\/\"}}]}<\/script>\n<!-- \/ Yoast SEO plugin. -->","yoast_head_json":{"title":"Couples coniques - Grupos Diferenciales","description":"Fabrication d'engrenages coniques h\u00e9lico\u00efdaux et hypo\u00efdes avec des technologies avanc\u00e9es, avec des tests de haute pr\u00e9cision et de qualit\u00e9.","robots":{"index":"index","follow":"follow","max-snippet":"max-snippet:-1","max-image-preview":"max-image-preview:large","max-video-preview":"max-video-preview:-1"},"canonical":"https:\/\/www.gruposdiferenciales.es\/fr\/produits\/couples-coniques\/","og_locale":"fr_FR","og_type":"article","og_title":"Couples coniques - Grupos Diferenciales","og_description":"Fabrication d'engrenages coniques h\u00e9lico\u00efdaux et hypo\u00efdes avec des technologies avanc\u00e9es, avec des tests de haute pr\u00e9cision et de qualit\u00e9.","og_url":"https:\/\/www.gruposdiferenciales.es\/fr\/produits\/couples-coniques\/","og_site_name":"Grupos Diferenciales","article_modified_time":"2024-12-02T12:05:37+00:00","twitter_card":"summary_large_image","twitter_misc":{"Dur\u00e9e de lecture estim\u00e9e":"1 minute"},"schema":{"@context":"https:\/\/schema.org","@graph":[{"@type":"WebPage","@id":"https:\/\/www.gruposdiferenciales.es\/fr\/produits\/couples-coniques\/","url":"https:\/\/www.gruposdiferenciales.es\/fr\/produits\/couples-coniques\/","name":"Couples coniques - Grupos Diferenciales","isPartOf":{"@id":"https:\/\/www.gruposdiferenciales.es\/fr\/#website"},"datePublished":"2024-04-18T20:57:36+00:00","dateModified":"2024-12-02T12:05:37+00:00","description":"Fabrication d'engrenages coniques h\u00e9lico\u00efdaux et hypo\u00efdes avec des technologies avanc\u00e9es, avec des tests de haute pr\u00e9cision et de qualit\u00e9.","breadcrumb":{"@id":"https:\/\/www.gruposdiferenciales.es\/fr\/produits\/couples-coniques\/#breadcrumb"},"inLanguage":"fr-FR","potentialAction":[{"@type":"ReadAction","target":["https:\/\/www.gruposdiferenciales.es\/fr\/produits\/couples-coniques\/"]}]},{"@type":"BreadcrumbList","@id":"https:\/\/www.gruposdiferenciales.es\/fr\/produits\/couples-coniques\/#breadcrumb","itemListElement":[{"@type":"ListItem","position":1,"name":"Portada","item":"https:\/\/www.gruposdiferenciales.es\/fr\/grupos-diferenciales-accueil\/"},{"@type":"ListItem","position":2,"name":"Produits","item":"https:\/\/www.gruposdiferenciales.es\/fr\/produits\/"},{"@type":"ListItem","position":3,"name":"Couples coniques"}]},{"@type":"WebSite","@id":"https:\/\/www.gruposdiferenciales.es\/fr\/#website","url":"https:\/\/www.gruposdiferenciales.es\/fr\/","name":"Grupos Diferenciales","description":"Dise\u00f1o y fabricaci\u00f3n de engranajes y subconjuntos","publisher":{"@id":"https:\/\/www.gruposdiferenciales.es\/fr\/#organization"},"potentialAction":[{"@type":"SearchAction","target":{"@type":"EntryPoint","urlTemplate":"https:\/\/www.gruposdiferenciales.es\/fr\/?s={search_term_string}"},"query-input":{"@type":"PropertyValueSpecification","valueRequired":true,"valueName":"search_term_string"}}],"inLanguage":"fr-FR"},{"@type":"Organization","@id":"https:\/\/www.gruposdiferenciales.es\/fr\/#organization","name":"Grupos Diferenciales","url":"https:\/\/www.gruposdiferenciales.es\/fr\/","logo":{"@type":"ImageObject","inLanguage":"fr-FR","@id":"https:\/\/www.gruposdiferenciales.es\/fr\/#\/schema\/logo\/image\/","url":"https:\/\/www.gruposdiferenciales.es\/wp-content\/uploads\/2024\/05\/logo-grupos-diferenciales.svg","contentUrl":"https:\/\/www.gruposdiferenciales.es\/wp-content\/uploads\/2024\/05\/logo-grupos-diferenciales.svg","width":170,"height":49,"caption":"Grupos Diferenciales"},"image":{"@id":"https:\/\/www.gruposdiferenciales.es\/fr\/#\/schema\/logo\/image\/"}}]}},"_links":{"self":[{"href":"https:\/\/www.gruposdiferenciales.es\/fr\/wp-json\/wp\/v2\/pages\/2925","targetHints":{"allow":["GET"]}}],"collection":[{"href":"https:\/\/www.gruposdiferenciales.es\/fr\/wp-json\/wp\/v2\/pages"}],"about":[{"href":"https:\/\/www.gruposdiferenciales.es\/fr\/wp-json\/wp\/v2\/types\/page"}],"author":[{"embeddable":true,"href":"https:\/\/www.gruposdiferenciales.es\/fr\/wp-json\/wp\/v2\/users\/1"}],"replies":[{"embeddable":true,"href":"https:\/\/www.gruposdiferenciales.es\/fr\/wp-json\/wp\/v2\/comments?post=2925"}],"version-history":[{"count":2,"href":"https:\/\/www.gruposdiferenciales.es\/fr\/wp-json\/wp\/v2\/pages\/2925\/revisions"}],"predecessor-version":[{"id":3539,"href":"https:\/\/www.gruposdiferenciales.es\/fr\/wp-json\/wp\/v2\/pages\/2925\/revisions\/3539"}],"up":[{"embeddable":true,"href":"https:\/\/www.gruposdiferenciales.es\/fr\/wp-json\/wp\/v2\/pages\/2837"}],"wp:attachment":[{"href":"https:\/\/www.gruposdiferenciales.es\/fr\/wp-json\/wp\/v2\/media?parent=2925"}],"curies":[{"name":"wp","href":"https:\/\/api.w.org\/{rel}","templated":true}]}}