{"id":2948,"date":"2024-04-18T20:58:50","date_gmt":"2024-04-18T20:58:50","guid":{"rendered":"https:\/\/www.gruposdiferenciales.es\/produits\/coniques-droits-et-engrenages-differentiels\/"},"modified":"2024-12-02T11:55:12","modified_gmt":"2024-12-02T11:55:12","slug":"coniques-droits-et-engrenages-differentiels","status":"publish","type":"page","link":"https:\/\/www.gruposdiferenciales.es\/fr\/produits\/coniques-droits-et-engrenages-differentiels\/","title":{"rendered":"Coniques droits et engrenages diff\u00e9rentiels"},"content":{"rendered":"\t\t<div data-elementor-type=\"wp-page\" data-elementor-id=\"2948\" class=\"elementor elementor-2948 elementor-943\" data-elementor-post-type=\"page\">\n\t\t\t\t\t\t<section class=\"elementor-section elementor-top-section elementor-element elementor-element-ea75a71 elementor-section-boxed elementor-section-height-default elementor-section-height-default\" data-id=\"ea75a71\" data-element_type=\"section\" data-settings=\"{&quot;background_background&quot;:&quot;classic&quot;,&quot;background_motion_fx_motion_fx_scrolling&quot;:&quot;yes&quot;,&quot;background_motion_fx_translateY_effect&quot;:&quot;yes&quot;,&quot;background_motion_fx_translateY_speed&quot;:{&quot;unit&quot;:&quot;px&quot;,&quot;size&quot;:4,&quot;sizes&quot;:[]},&quot;background_motion_fx_translateY_affectedRange&quot;:{&quot;unit&quot;:&quot;%&quot;,&quot;size&quot;:&quot;&quot;,&quot;sizes&quot;:{&quot;start&quot;:0,&quot;end&quot;:100}},&quot;background_motion_fx_devices&quot;:[&quot;desktop&quot;,&quot;tablet&quot;,&quot;mobile&quot;]}\">\n\t\t\t\t\t\t<div class=\"elementor-container elementor-column-gap-default\">\n\t\t\t\t\t<div class=\"elementor-column elementor-col-100 elementor-top-column elementor-element elementor-element-0d49417\" data-id=\"0d49417\" data-element_type=\"column\">\n\t\t\t<div class=\"elementor-widget-wrap elementor-element-populated\">\n\t\t\t\t\t\t<div class=\"elementor-element elementor-element-265a698 elementor-widget elementor-widget-heading\" data-id=\"265a698\" data-element_type=\"widget\" data-widget_type=\"heading.default\">\n\t\t\t\t<div class=\"elementor-widget-container\">\n\t\t\t\t\t<h1 class=\"elementor-heading-title elementor-size-default\">Coniques droits et engrenages diff\u00e9rentiels <\/h1>\t\t\t\t<\/div>\n\t\t\t\t<\/div>\n\t\t\t\t<div class=\"elementor-element elementor-element-23d14c1 elementor-widget elementor-widget-text-editor\" data-id=\"23d14c1\" data-element_type=\"widget\" data-widget_type=\"text-editor.default\">\n\t\t\t\t<div class=\"elementor-widget-container\">\n\t\t\t\t\t\t\t\t\t<p>Leaders en conception et fabrication d&#8217;engrenages<\/p>\n\t\t\t\t\t\t\t\t<\/div>\n\t\t\t\t<\/div>\n\t\t\t\t\t<\/div>\n\t\t<\/div>\n\t\t\t\t\t<\/div>\n\t\t<\/section>\n\t\t\t\t<section class=\"elementor-section elementor-top-section elementor-element elementor-element-6a02229 elementor-section-boxed elementor-section-height-default elementor-section-height-default\" data-id=\"6a02229\" data-element_type=\"section\">\n\t\t\t\t\t\t<div class=\"elementor-container elementor-column-gap-default\">\n\t\t\t\t\t<div class=\"elementor-column elementor-col-33 elementor-top-column elementor-element elementor-element-e379f19\" data-id=\"e379f19\" data-element_type=\"column\">\n\t\t\t<div class=\"elementor-widget-wrap elementor-element-populated\">\n\t\t\t\t\t\t<div class=\"elementor-element elementor-element-791447e elementor-widget elementor-widget-text-editor\" data-id=\"791447e\" data-element_type=\"widget\" data-widget_type=\"text-editor.default\">\n\t\t\t\t<div class=\"elementor-widget-container\">\n\t\t\t\t\t\t\t\t\t<p>Les dentures coniques droites sont con\u00e7ues et fabriqu\u00e9es par les m\u00e9thodes <b>Coniflex et Hipoflex<\/b>.<\/p>\n<p>Les dimensions maximales de fabrication atteignent 450mm en diam\u00e8tre ext\u00e9rieur. Dans tous les cas il s\u2019agit de m\u00e9thode de g\u00e9n\u00e9ration de profil circulaire ou hypocyclo\u00efdal. <\/p>\n\t\t\t\t\t\t\t\t<\/div>\n\t\t\t\t<\/div>\n\t\t\t\t\t<\/div>\n\t\t<\/div>\n\t\t\t\t<div class=\"elementor-column elementor-col-66 elementor-top-column elementor-element elementor-element-98d36c0\" data-id=\"98d36c0\" data-element_type=\"column\">\n\t\t\t<div class=\"elementor-widget-wrap elementor-element-populated\">\n\t\t\t\t\t\t<div class=\"elementor-element elementor-element-2f6e799 elementor-widget elementor-widget-text-editor\" data-id=\"2f6e799\" data-element_type=\"widget\" data-widget_type=\"text-editor.default\">\n\t\t\t\t<div class=\"elementor-widget-container\">\n\t\t\t\t\t\t\t\t\t<p>N\u2019ayant pas d\u2019angle de spirale, la denture conique droite est utilis\u00e9e dans une vaste gamme de m\u00e9canismes d\u2019axes concourants dont les angles des axes varient en fonction des contraintes de conception.<\/p>\n\t\t\t\t\t\t\t\t<\/div>\n\t\t\t\t<\/div>\n\t\t\t\t\t<\/div>\n\t\t<\/div>\n\t\t\t\t\t<\/div>\n\t\t<\/section>\n\t\t\t\t<section class=\"elementor-section elementor-top-section elementor-element elementor-element-f1911d1 elementor-section-boxed elementor-section-height-default elementor-section-height-default\" data-id=\"f1911d1\" data-element_type=\"section\">\n\t\t\t\t\t\t<div class=\"elementor-container elementor-column-gap-default\">\n\t\t\t\t\t<div class=\"elementor-column elementor-col-100 elementor-top-column elementor-element elementor-element-a6a3ea0\" data-id=\"a6a3ea0\" data-element_type=\"column\">\n\t\t\t<div class=\"elementor-widget-wrap elementor-element-populated\">\n\t\t\t\t\t\t<div class=\"elementor-element elementor-element-ae40b5f elementor-widget elementor-widget-video\" data-id=\"ae40b5f\" data-element_type=\"widget\" data-settings=\"{&quot;video_type&quot;:&quot;hosted&quot;,&quot;controls&quot;:&quot;yes&quot;}\" data-widget_type=\"video.default\">\n\t\t\t\t<div class=\"elementor-widget-container\">\n\t\t\t\t\t\t\t<div class=\"e-hosted-video elementor-wrapper elementor-open-inline\">\n\t\t\t\t\t<video class=\"elementor-video\" src=\"https:\/\/www.gruposdiferenciales.es\/wp-content\/uploads\/2024\/04\/conicos-rectos.mp4\" controls=\"\" preload=\"metadata\" controlsList=\"nodownload\"><\/video>\n\t\t\t\t<\/div>\n\t\t\t\t\t\t<\/div>\n\t\t\t\t<\/div>\n\t\t\t\t\t<\/div>\n\t\t<\/div>\n\t\t\t\t\t<\/div>\n\t\t<\/section>\n\t\t\t\t<\/div>\n\t\t","protected":false},"excerpt":{"rendered":"<p>Coniques droits et engrenages diff\u00e9rentiels Leaders en conception et fabrication d&#8217;engrenages Les dentures coniques droites sont con\u00e7ues et fabriqu\u00e9es par les m\u00e9thodes Coniflex et Hipoflex. Les dimensions maximales de fabrication atteignent 450mm en diam\u00e8tre ext\u00e9rieur. Dans tous les cas il s\u2019agit de m\u00e9thode de g\u00e9n\u00e9ration de profil circulaire ou hypocyclo\u00efdal. N\u2019ayant pas d\u2019angle de spirale, [&hellip;]<\/p>\n","protected":false},"author":1,"featured_media":0,"parent":2837,"menu_order":0,"comment_status":"closed","ping_status":"closed","template":"","meta":{"inline_featured_image":false,"footnotes":""},"class_list":["post-2948","page","type-page","status-publish","hentry"],"yoast_head":"<!-- This site is optimized with the Yoast SEO plugin v26.3 - https:\/\/yoast.com\/wordpress\/plugins\/seo\/ -->\n<title>Coniques droits et engrenages diff\u00e9rentiels - Grupos Diferenciales<\/title>\n<meta name=\"description\" content=\"Fabrication d&#039;engrenages coniques droits jusqu&#039;\u00e0 450 mm, avec les technologies Coniflex et Hypoflex, pour axes concurrents et conceptions personnalis\u00e9es.\" \/>\n<meta name=\"robots\" content=\"index, follow, max-snippet:-1, max-image-preview:large, max-video-preview:-1\" \/>\n<link rel=\"canonical\" href=\"https:\/\/www.gruposdiferenciales.es\/fr\/produits\/coniques-droits-et-engrenages-differentiels\/\" \/>\n<meta property=\"og:locale\" content=\"fr_FR\" \/>\n<meta property=\"og:type\" content=\"article\" \/>\n<meta property=\"og:title\" content=\"Coniques droits et engrenages diff\u00e9rentiels - Grupos Diferenciales\" \/>\n<meta property=\"og:description\" content=\"Fabrication d&#039;engrenages coniques droits jusqu&#039;\u00e0 450 mm, avec les technologies Coniflex et Hypoflex, pour axes concurrents et conceptions personnalis\u00e9es.\" \/>\n<meta property=\"og:url\" content=\"https:\/\/www.gruposdiferenciales.es\/fr\/produits\/coniques-droits-et-engrenages-differentiels\/\" \/>\n<meta property=\"og:site_name\" content=\"Grupos Diferenciales\" \/>\n<meta property=\"article:modified_time\" content=\"2024-12-02T11:55:12+00:00\" \/>\n<meta name=\"twitter:card\" content=\"summary_large_image\" \/>\n<meta name=\"twitter:label1\" content=\"Dur\u00e9e de lecture estim\u00e9e\" \/>\n\t<meta name=\"twitter:data1\" content=\"1 minute\" \/>\n<script type=\"application\/ld+json\" class=\"yoast-schema-graph\">{\"@context\":\"https:\/\/schema.org\",\"@graph\":[{\"@type\":\"WebPage\",\"@id\":\"https:\/\/www.gruposdiferenciales.es\/fr\/produits\/coniques-droits-et-engrenages-differentiels\/\",\"url\":\"https:\/\/www.gruposdiferenciales.es\/fr\/produits\/coniques-droits-et-engrenages-differentiels\/\",\"name\":\"Coniques droits et engrenages diff\u00e9rentiels - Grupos Diferenciales\",\"isPartOf\":{\"@id\":\"https:\/\/www.gruposdiferenciales.es\/fr\/#website\"},\"datePublished\":\"2024-04-18T20:58:50+00:00\",\"dateModified\":\"2024-12-02T11:55:12+00:00\",\"description\":\"Fabrication d'engrenages coniques droits jusqu'\u00e0 450 mm, avec les technologies Coniflex et Hypoflex, pour axes concurrents et conceptions personnalis\u00e9es.\",\"breadcrumb\":{\"@id\":\"https:\/\/www.gruposdiferenciales.es\/fr\/produits\/coniques-droits-et-engrenages-differentiels\/#breadcrumb\"},\"inLanguage\":\"fr-FR\",\"potentialAction\":[{\"@type\":\"ReadAction\",\"target\":[\"https:\/\/www.gruposdiferenciales.es\/fr\/produits\/coniques-droits-et-engrenages-differentiels\/\"]}]},{\"@type\":\"BreadcrumbList\",\"@id\":\"https:\/\/www.gruposdiferenciales.es\/fr\/produits\/coniques-droits-et-engrenages-differentiels\/#breadcrumb\",\"itemListElement\":[{\"@type\":\"ListItem\",\"position\":1,\"name\":\"Portada\",\"item\":\"https:\/\/www.gruposdiferenciales.es\/fr\/grupos-diferenciales-accueil\/\"},{\"@type\":\"ListItem\",\"position\":2,\"name\":\"Produits\",\"item\":\"https:\/\/www.gruposdiferenciales.es\/fr\/produits\/\"},{\"@type\":\"ListItem\",\"position\":3,\"name\":\"Coniques droits et engrenages diff\u00e9rentiels\"}]},{\"@type\":\"WebSite\",\"@id\":\"https:\/\/www.gruposdiferenciales.es\/fr\/#website\",\"url\":\"https:\/\/www.gruposdiferenciales.es\/fr\/\",\"name\":\"Grupos Diferenciales\",\"description\":\"Dise\u00f1o y fabricaci\u00f3n de engranajes y subconjuntos\",\"publisher\":{\"@id\":\"https:\/\/www.gruposdiferenciales.es\/fr\/#organization\"},\"potentialAction\":[{\"@type\":\"SearchAction\",\"target\":{\"@type\":\"EntryPoint\",\"urlTemplate\":\"https:\/\/www.gruposdiferenciales.es\/fr\/?s={search_term_string}\"},\"query-input\":{\"@type\":\"PropertyValueSpecification\",\"valueRequired\":true,\"valueName\":\"search_term_string\"}}],\"inLanguage\":\"fr-FR\"},{\"@type\":\"Organization\",\"@id\":\"https:\/\/www.gruposdiferenciales.es\/fr\/#organization\",\"name\":\"Grupos Diferenciales\",\"url\":\"https:\/\/www.gruposdiferenciales.es\/fr\/\",\"logo\":{\"@type\":\"ImageObject\",\"inLanguage\":\"fr-FR\",\"@id\":\"https:\/\/www.gruposdiferenciales.es\/fr\/#\/schema\/logo\/image\/\",\"url\":\"https:\/\/www.gruposdiferenciales.es\/wp-content\/uploads\/2024\/05\/logo-grupos-diferenciales.svg\",\"contentUrl\":\"https:\/\/www.gruposdiferenciales.es\/wp-content\/uploads\/2024\/05\/logo-grupos-diferenciales.svg\",\"width\":170,\"height\":49,\"caption\":\"Grupos Diferenciales\"},\"image\":{\"@id\":\"https:\/\/www.gruposdiferenciales.es\/fr\/#\/schema\/logo\/image\/\"}}]}<\/script>\n<!-- \/ Yoast SEO plugin. -->","yoast_head_json":{"title":"Coniques droits et engrenages diff\u00e9rentiels - Grupos Diferenciales","description":"Fabrication d'engrenages coniques droits jusqu'\u00e0 450 mm, avec les technologies Coniflex et Hypoflex, pour axes concurrents et conceptions personnalis\u00e9es.","robots":{"index":"index","follow":"follow","max-snippet":"max-snippet:-1","max-image-preview":"max-image-preview:large","max-video-preview":"max-video-preview:-1"},"canonical":"https:\/\/www.gruposdiferenciales.es\/fr\/produits\/coniques-droits-et-engrenages-differentiels\/","og_locale":"fr_FR","og_type":"article","og_title":"Coniques droits et engrenages diff\u00e9rentiels - Grupos Diferenciales","og_description":"Fabrication d'engrenages coniques droits jusqu'\u00e0 450 mm, avec les technologies Coniflex et Hypoflex, pour axes concurrents et conceptions personnalis\u00e9es.","og_url":"https:\/\/www.gruposdiferenciales.es\/fr\/produits\/coniques-droits-et-engrenages-differentiels\/","og_site_name":"Grupos Diferenciales","article_modified_time":"2024-12-02T11:55:12+00:00","twitter_card":"summary_large_image","twitter_misc":{"Dur\u00e9e de lecture estim\u00e9e":"1 minute"},"schema":{"@context":"https:\/\/schema.org","@graph":[{"@type":"WebPage","@id":"https:\/\/www.gruposdiferenciales.es\/fr\/produits\/coniques-droits-et-engrenages-differentiels\/","url":"https:\/\/www.gruposdiferenciales.es\/fr\/produits\/coniques-droits-et-engrenages-differentiels\/","name":"Coniques droits et engrenages diff\u00e9rentiels - Grupos Diferenciales","isPartOf":{"@id":"https:\/\/www.gruposdiferenciales.es\/fr\/#website"},"datePublished":"2024-04-18T20:58:50+00:00","dateModified":"2024-12-02T11:55:12+00:00","description":"Fabrication d'engrenages coniques droits jusqu'\u00e0 450 mm, avec les technologies Coniflex et Hypoflex, pour axes concurrents et conceptions personnalis\u00e9es.","breadcrumb":{"@id":"https:\/\/www.gruposdiferenciales.es\/fr\/produits\/coniques-droits-et-engrenages-differentiels\/#breadcrumb"},"inLanguage":"fr-FR","potentialAction":[{"@type":"ReadAction","target":["https:\/\/www.gruposdiferenciales.es\/fr\/produits\/coniques-droits-et-engrenages-differentiels\/"]}]},{"@type":"BreadcrumbList","@id":"https:\/\/www.gruposdiferenciales.es\/fr\/produits\/coniques-droits-et-engrenages-differentiels\/#breadcrumb","itemListElement":[{"@type":"ListItem","position":1,"name":"Portada","item":"https:\/\/www.gruposdiferenciales.es\/fr\/grupos-diferenciales-accueil\/"},{"@type":"ListItem","position":2,"name":"Produits","item":"https:\/\/www.gruposdiferenciales.es\/fr\/produits\/"},{"@type":"ListItem","position":3,"name":"Coniques droits et engrenages diff\u00e9rentiels"}]},{"@type":"WebSite","@id":"https:\/\/www.gruposdiferenciales.es\/fr\/#website","url":"https:\/\/www.gruposdiferenciales.es\/fr\/","name":"Grupos Diferenciales","description":"Dise\u00f1o y fabricaci\u00f3n de engranajes y subconjuntos","publisher":{"@id":"https:\/\/www.gruposdiferenciales.es\/fr\/#organization"},"potentialAction":[{"@type":"SearchAction","target":{"@type":"EntryPoint","urlTemplate":"https:\/\/www.gruposdiferenciales.es\/fr\/?s={search_term_string}"},"query-input":{"@type":"PropertyValueSpecification","valueRequired":true,"valueName":"search_term_string"}}],"inLanguage":"fr-FR"},{"@type":"Organization","@id":"https:\/\/www.gruposdiferenciales.es\/fr\/#organization","name":"Grupos Diferenciales","url":"https:\/\/www.gruposdiferenciales.es\/fr\/","logo":{"@type":"ImageObject","inLanguage":"fr-FR","@id":"https:\/\/www.gruposdiferenciales.es\/fr\/#\/schema\/logo\/image\/","url":"https:\/\/www.gruposdiferenciales.es\/wp-content\/uploads\/2024\/05\/logo-grupos-diferenciales.svg","contentUrl":"https:\/\/www.gruposdiferenciales.es\/wp-content\/uploads\/2024\/05\/logo-grupos-diferenciales.svg","width":170,"height":49,"caption":"Grupos Diferenciales"},"image":{"@id":"https:\/\/www.gruposdiferenciales.es\/fr\/#\/schema\/logo\/image\/"}}]}},"_links":{"self":[{"href":"https:\/\/www.gruposdiferenciales.es\/fr\/wp-json\/wp\/v2\/pages\/2948","targetHints":{"allow":["GET"]}}],"collection":[{"href":"https:\/\/www.gruposdiferenciales.es\/fr\/wp-json\/wp\/v2\/pages"}],"about":[{"href":"https:\/\/www.gruposdiferenciales.es\/fr\/wp-json\/wp\/v2\/types\/page"}],"author":[{"embeddable":true,"href":"https:\/\/www.gruposdiferenciales.es\/fr\/wp-json\/wp\/v2\/users\/1"}],"replies":[{"embeddable":true,"href":"https:\/\/www.gruposdiferenciales.es\/fr\/wp-json\/wp\/v2\/comments?post=2948"}],"version-history":[{"count":2,"href":"https:\/\/www.gruposdiferenciales.es\/fr\/wp-json\/wp\/v2\/pages\/2948\/revisions"}],"predecessor-version":[{"id":3523,"href":"https:\/\/www.gruposdiferenciales.es\/fr\/wp-json\/wp\/v2\/pages\/2948\/revisions\/3523"}],"up":[{"embeddable":true,"href":"https:\/\/www.gruposdiferenciales.es\/fr\/wp-json\/wp\/v2\/pages\/2837"}],"wp:attachment":[{"href":"https:\/\/www.gruposdiferenciales.es\/fr\/wp-json\/wp\/v2\/media?parent=2948"}],"curies":[{"name":"wp","href":"https:\/\/api.w.org\/{rel}","templated":true}]}}