{"id":2952,"date":"2024-04-18T21:00:20","date_gmt":"2024-04-18T21:00:20","guid":{"rendered":"https:\/\/www.gruposdiferenciales.es\/produits\/autres\/"},"modified":"2024-12-02T12:05:37","modified_gmt":"2024-12-02T12:05:37","slug":"autres","status":"publish","type":"page","link":"https:\/\/www.gruposdiferenciales.es\/fr\/produits\/autres\/","title":{"rendered":"Autres"},"content":{"rendered":"\t\t<div data-elementor-type=\"wp-page\" data-elementor-id=\"2952\" class=\"elementor elementor-2952 elementor-947\" data-elementor-post-type=\"page\">\n\t\t\t\t\t\t<section class=\"elementor-section elementor-top-section elementor-element elementor-element-ea75a71 elementor-section-boxed elementor-section-height-default elementor-section-height-default\" data-id=\"ea75a71\" data-element_type=\"section\" data-settings=\"{&quot;background_background&quot;:&quot;classic&quot;,&quot;background_motion_fx_motion_fx_scrolling&quot;:&quot;yes&quot;,&quot;background_motion_fx_translateY_effect&quot;:&quot;yes&quot;,&quot;background_motion_fx_translateY_speed&quot;:{&quot;unit&quot;:&quot;px&quot;,&quot;size&quot;:4,&quot;sizes&quot;:[]},&quot;background_motion_fx_translateY_affectedRange&quot;:{&quot;unit&quot;:&quot;%&quot;,&quot;size&quot;:&quot;&quot;,&quot;sizes&quot;:{&quot;start&quot;:0,&quot;end&quot;:100}},&quot;background_motion_fx_devices&quot;:[&quot;desktop&quot;,&quot;tablet&quot;,&quot;mobile&quot;]}\">\n\t\t\t\t\t\t<div class=\"elementor-container elementor-column-gap-default\">\n\t\t\t\t\t<div class=\"elementor-column elementor-col-100 elementor-top-column elementor-element elementor-element-0d49417\" data-id=\"0d49417\" data-element_type=\"column\">\n\t\t\t<div class=\"elementor-widget-wrap elementor-element-populated\">\n\t\t\t\t\t\t<div class=\"elementor-element elementor-element-265a698 elementor-widget elementor-widget-heading\" data-id=\"265a698\" data-element_type=\"widget\" data-widget_type=\"heading.default\">\n\t\t\t\t<div class=\"elementor-widget-container\">\n\t\t\t\t\t<h1 class=\"elementor-heading-title elementor-size-default\">Autres<\/h1>\t\t\t\t<\/div>\n\t\t\t\t<\/div>\n\t\t\t\t<div class=\"elementor-element elementor-element-23d14c1 elementor-widget elementor-widget-text-editor\" data-id=\"23d14c1\" data-element_type=\"widget\" data-widget_type=\"text-editor.default\">\n\t\t\t\t<div class=\"elementor-widget-container\">\n\t\t\t\t\t\t\t\t\t<p>Leaders en conception et fabrication d&#8217;engrenages<\/p>\n\t\t\t\t\t\t\t\t<\/div>\n\t\t\t\t<\/div>\n\t\t\t\t\t<\/div>\n\t\t<\/div>\n\t\t\t\t\t<\/div>\n\t\t<\/section>\n\t\t\t\t<section class=\"elementor-section elementor-top-section elementor-element elementor-element-844bf4a elementor-section-boxed elementor-section-height-default elementor-section-height-default\" data-id=\"844bf4a\" data-element_type=\"section\">\n\t\t\t\t\t\t<div class=\"elementor-container elementor-column-gap-default\">\n\t\t\t\t\t<div class=\"elementor-column elementor-col-33 elementor-top-column elementor-element elementor-element-96c1170\" data-id=\"96c1170\" data-element_type=\"column\">\n\t\t\t<div class=\"elementor-widget-wrap elementor-element-populated\">\n\t\t\t\t\t\t<div class=\"elementor-element elementor-element-75250cc elementor-widget elementor-widget-text-editor\" data-id=\"75250cc\" data-element_type=\"widget\" data-widget_type=\"text-editor.default\">\n\t\t\t\t<div class=\"elementor-widget-container\">\n\t\t\t\t\t\t\t\t\t<p>Nous fabriquons une grande vari\u00e9t\u00e9 de pi\u00e8ces pour les diff\u00e9rents m\u00e9canismes de transmission. Le d\u00e9veloppement de l&#8217;ing\u00e9nierie d&#8217;assemblage nous permet d&#8217;offrir des produits assembl\u00e9s de haute qualit\u00e9. <\/p>\n<p>Cela inclut une large gamme d&#8217;articles compl\u00e9mentaires aux engrenages : des produits tels que des arbres nervur\u00e9s, des accouplements curvilignes, des croix et arbres diff\u00e9rentiels, ou encore des assemblages de divers sous-ensembles et carters compl\u00e8tent notre gamme de fabrication.<\/p>\n\t\t\t\t\t\t\t\t<\/div>\n\t\t\t\t<\/div>\n\t\t\t\t\t<\/div>\n\t\t<\/div>\n\t\t\t\t<div class=\"elementor-column elementor-col-66 elementor-top-column elementor-element elementor-element-9cf8e4f\" data-id=\"9cf8e4f\" data-element_type=\"column\">\n\t\t\t<div class=\"elementor-widget-wrap elementor-element-populated\">\n\t\t\t\t\t\t<div class=\"elementor-element elementor-element-a3fbd69 elementor-widget elementor-widget-text-editor\" data-id=\"a3fbd69\" data-element_type=\"widget\" data-widget_type=\"text-editor.default\">\n\t\t\t\t<div class=\"elementor-widget-container\">\n\t\t\t\t\t\t\t\t\t<p>Disposant de notre propre forge, nous avons la possibilit\u00e9 d\u2019offrir une grande flexibilit\u00e9 dans l\u2019ex\u00e9cution de la fabrication de divers types de pi\u00e8ces en int\u00e9grant toutes les op\u00e9rations critiques en interne.<\/p>\n<p>Notre laboratoire de mat\u00e9riaux garantit la qualit\u00e9 d&#8217;approvisionnement des aciers et les transformations lors des traitements thermiques.<\/p>\n\t\t\t\t\t\t\t\t<\/div>\n\t\t\t\t<\/div>\n\t\t\t\t\t<\/div>\n\t\t<\/div>\n\t\t\t\t\t<\/div>\n\t\t<\/section>\n\t\t\t\t<section class=\"elementor-section elementor-top-section elementor-element elementor-element-eab6e58 elementor-section-boxed elementor-section-height-default elementor-section-height-default\" data-id=\"eab6e58\" data-element_type=\"section\">\n\t\t\t\t\t\t<div class=\"elementor-container elementor-column-gap-default\">\n\t\t\t\t\t<div class=\"elementor-column elementor-col-100 elementor-top-column elementor-element elementor-element-c8457f5\" data-id=\"c8457f5\" data-element_type=\"column\">\n\t\t\t<div class=\"elementor-widget-wrap elementor-element-populated\">\n\t\t\t\t\t\t<div class=\"elementor-element elementor-element-36ef0e2 elementor-widget elementor-widget-video\" data-id=\"36ef0e2\" data-element_type=\"widget\" data-settings=\"{&quot;video_type&quot;:&quot;hosted&quot;,&quot;controls&quot;:&quot;yes&quot;}\" data-widget_type=\"video.default\">\n\t\t\t\t<div class=\"elementor-widget-container\">\n\t\t\t\t\t\t\t<div class=\"e-hosted-video elementor-wrapper elementor-open-inline\">\n\t\t\t\t\t<video class=\"elementor-video\" src=\"https:\/\/www.gruposdiferenciales.es\/wp-content\/uploads\/2024\/04\/otros.mp4\" controls=\"\" preload=\"metadata\" controlsList=\"nodownload\"><\/video>\n\t\t\t\t<\/div>\n\t\t\t\t\t\t<\/div>\n\t\t\t\t<\/div>\n\t\t\t\t\t<\/div>\n\t\t<\/div>\n\t\t\t\t\t<\/div>\n\t\t<\/section>\n\t\t\t\t<\/div>\n\t\t","protected":false},"excerpt":{"rendered":"<p>Autres Leaders en conception et fabrication d&#8217;engrenages Nous fabriquons une grande vari\u00e9t\u00e9 de pi\u00e8ces pour les diff\u00e9rents m\u00e9canismes de transmission. Le d\u00e9veloppement de l&#8217;ing\u00e9nierie d&#8217;assemblage nous permet d&#8217;offrir des produits assembl\u00e9s de haute qualit\u00e9. Cela inclut une large gamme d&#8217;articles compl\u00e9mentaires aux engrenages : des produits tels que des arbres nervur\u00e9s, des accouplements curvilignes, des [&hellip;]<\/p>\n","protected":false},"author":1,"featured_media":0,"parent":2837,"menu_order":0,"comment_status":"closed","ping_status":"closed","template":"","meta":{"inline_featured_image":false,"footnotes":""},"class_list":["post-2952","page","type-page","status-publish","hentry"],"yoast_head":"<!-- This site is optimized with the Yoast SEO plugin v26.3 - https:\/\/yoast.com\/wordpress\/plugins\/seo\/ -->\n<title>Autres - Grupos Diferenciales<\/title>\n<meta name=\"description\" content=\"Fabrication d&#039;ensembles et de pi\u00e8ces de transmission. Essieux, accouplements et ensembles, de haute qualit\u00e9 et flexibilit\u00e9 dans les processus int\u00e9gr\u00e9s.\" \/>\n<meta name=\"robots\" content=\"index, follow, max-snippet:-1, max-image-preview:large, max-video-preview:-1\" \/>\n<link rel=\"canonical\" href=\"https:\/\/www.gruposdiferenciales.es\/fr\/produits\/autres\/\" \/>\n<meta property=\"og:locale\" content=\"fr_FR\" \/>\n<meta property=\"og:type\" content=\"article\" \/>\n<meta property=\"og:title\" content=\"Autres - Grupos Diferenciales\" \/>\n<meta property=\"og:description\" content=\"Fabrication d&#039;ensembles et de pi\u00e8ces de transmission. Essieux, accouplements et ensembles, de haute qualit\u00e9 et flexibilit\u00e9 dans les processus int\u00e9gr\u00e9s.\" \/>\n<meta property=\"og:url\" content=\"https:\/\/www.gruposdiferenciales.es\/fr\/produits\/autres\/\" \/>\n<meta property=\"og:site_name\" content=\"Grupos Diferenciales\" \/>\n<meta property=\"article:modified_time\" content=\"2024-12-02T12:05:37+00:00\" \/>\n<meta name=\"twitter:card\" content=\"summary_large_image\" \/>\n<meta name=\"twitter:label1\" content=\"Dur\u00e9e de lecture estim\u00e9e\" \/>\n\t<meta name=\"twitter:data1\" content=\"1 minute\" \/>\n<script type=\"application\/ld+json\" class=\"yoast-schema-graph\">{\"@context\":\"https:\/\/schema.org\",\"@graph\":[{\"@type\":\"WebPage\",\"@id\":\"https:\/\/www.gruposdiferenciales.es\/fr\/produits\/autres\/\",\"url\":\"https:\/\/www.gruposdiferenciales.es\/fr\/produits\/autres\/\",\"name\":\"Autres - Grupos Diferenciales\",\"isPartOf\":{\"@id\":\"https:\/\/www.gruposdiferenciales.es\/fr\/#website\"},\"datePublished\":\"2024-04-18T21:00:20+00:00\",\"dateModified\":\"2024-12-02T12:05:37+00:00\",\"description\":\"Fabrication d'ensembles et de pi\u00e8ces de transmission. Essieux, accouplements et ensembles, de haute qualit\u00e9 et flexibilit\u00e9 dans les processus int\u00e9gr\u00e9s.\",\"breadcrumb\":{\"@id\":\"https:\/\/www.gruposdiferenciales.es\/fr\/produits\/autres\/#breadcrumb\"},\"inLanguage\":\"fr-FR\",\"potentialAction\":[{\"@type\":\"ReadAction\",\"target\":[\"https:\/\/www.gruposdiferenciales.es\/fr\/produits\/autres\/\"]}]},{\"@type\":\"BreadcrumbList\",\"@id\":\"https:\/\/www.gruposdiferenciales.es\/fr\/produits\/autres\/#breadcrumb\",\"itemListElement\":[{\"@type\":\"ListItem\",\"position\":1,\"name\":\"Portada\",\"item\":\"https:\/\/www.gruposdiferenciales.es\/fr\/grupos-diferenciales-accueil\/\"},{\"@type\":\"ListItem\",\"position\":2,\"name\":\"Produits\",\"item\":\"https:\/\/www.gruposdiferenciales.es\/fr\/produits\/\"},{\"@type\":\"ListItem\",\"position\":3,\"name\":\"Autres\"}]},{\"@type\":\"WebSite\",\"@id\":\"https:\/\/www.gruposdiferenciales.es\/fr\/#website\",\"url\":\"https:\/\/www.gruposdiferenciales.es\/fr\/\",\"name\":\"Grupos Diferenciales\",\"description\":\"Dise\u00f1o y fabricaci\u00f3n de engranajes y subconjuntos\",\"publisher\":{\"@id\":\"https:\/\/www.gruposdiferenciales.es\/fr\/#organization\"},\"potentialAction\":[{\"@type\":\"SearchAction\",\"target\":{\"@type\":\"EntryPoint\",\"urlTemplate\":\"https:\/\/www.gruposdiferenciales.es\/fr\/?s={search_term_string}\"},\"query-input\":{\"@type\":\"PropertyValueSpecification\",\"valueRequired\":true,\"valueName\":\"search_term_string\"}}],\"inLanguage\":\"fr-FR\"},{\"@type\":\"Organization\",\"@id\":\"https:\/\/www.gruposdiferenciales.es\/fr\/#organization\",\"name\":\"Grupos Diferenciales\",\"url\":\"https:\/\/www.gruposdiferenciales.es\/fr\/\",\"logo\":{\"@type\":\"ImageObject\",\"inLanguage\":\"fr-FR\",\"@id\":\"https:\/\/www.gruposdiferenciales.es\/fr\/#\/schema\/logo\/image\/\",\"url\":\"https:\/\/www.gruposdiferenciales.es\/wp-content\/uploads\/2024\/05\/logo-grupos-diferenciales.svg\",\"contentUrl\":\"https:\/\/www.gruposdiferenciales.es\/wp-content\/uploads\/2024\/05\/logo-grupos-diferenciales.svg\",\"width\":170,\"height\":49,\"caption\":\"Grupos Diferenciales\"},\"image\":{\"@id\":\"https:\/\/www.gruposdiferenciales.es\/fr\/#\/schema\/logo\/image\/\"}}]}<\/script>\n<!-- \/ Yoast SEO plugin. -->","yoast_head_json":{"title":"Autres - Grupos Diferenciales","description":"Fabrication d'ensembles et de pi\u00e8ces de transmission. Essieux, accouplements et ensembles, de haute qualit\u00e9 et flexibilit\u00e9 dans les processus int\u00e9gr\u00e9s.","robots":{"index":"index","follow":"follow","max-snippet":"max-snippet:-1","max-image-preview":"max-image-preview:large","max-video-preview":"max-video-preview:-1"},"canonical":"https:\/\/www.gruposdiferenciales.es\/fr\/produits\/autres\/","og_locale":"fr_FR","og_type":"article","og_title":"Autres - Grupos Diferenciales","og_description":"Fabrication d'ensembles et de pi\u00e8ces de transmission. Essieux, accouplements et ensembles, de haute qualit\u00e9 et flexibilit\u00e9 dans les processus int\u00e9gr\u00e9s.","og_url":"https:\/\/www.gruposdiferenciales.es\/fr\/produits\/autres\/","og_site_name":"Grupos Diferenciales","article_modified_time":"2024-12-02T12:05:37+00:00","twitter_card":"summary_large_image","twitter_misc":{"Dur\u00e9e de lecture estim\u00e9e":"1 minute"},"schema":{"@context":"https:\/\/schema.org","@graph":[{"@type":"WebPage","@id":"https:\/\/www.gruposdiferenciales.es\/fr\/produits\/autres\/","url":"https:\/\/www.gruposdiferenciales.es\/fr\/produits\/autres\/","name":"Autres - Grupos Diferenciales","isPartOf":{"@id":"https:\/\/www.gruposdiferenciales.es\/fr\/#website"},"datePublished":"2024-04-18T21:00:20+00:00","dateModified":"2024-12-02T12:05:37+00:00","description":"Fabrication d'ensembles et de pi\u00e8ces de transmission. Essieux, accouplements et ensembles, de haute qualit\u00e9 et flexibilit\u00e9 dans les processus int\u00e9gr\u00e9s.","breadcrumb":{"@id":"https:\/\/www.gruposdiferenciales.es\/fr\/produits\/autres\/#breadcrumb"},"inLanguage":"fr-FR","potentialAction":[{"@type":"ReadAction","target":["https:\/\/www.gruposdiferenciales.es\/fr\/produits\/autres\/"]}]},{"@type":"BreadcrumbList","@id":"https:\/\/www.gruposdiferenciales.es\/fr\/produits\/autres\/#breadcrumb","itemListElement":[{"@type":"ListItem","position":1,"name":"Portada","item":"https:\/\/www.gruposdiferenciales.es\/fr\/grupos-diferenciales-accueil\/"},{"@type":"ListItem","position":2,"name":"Produits","item":"https:\/\/www.gruposdiferenciales.es\/fr\/produits\/"},{"@type":"ListItem","position":3,"name":"Autres"}]},{"@type":"WebSite","@id":"https:\/\/www.gruposdiferenciales.es\/fr\/#website","url":"https:\/\/www.gruposdiferenciales.es\/fr\/","name":"Grupos Diferenciales","description":"Dise\u00f1o y fabricaci\u00f3n de engranajes y subconjuntos","publisher":{"@id":"https:\/\/www.gruposdiferenciales.es\/fr\/#organization"},"potentialAction":[{"@type":"SearchAction","target":{"@type":"EntryPoint","urlTemplate":"https:\/\/www.gruposdiferenciales.es\/fr\/?s={search_term_string}"},"query-input":{"@type":"PropertyValueSpecification","valueRequired":true,"valueName":"search_term_string"}}],"inLanguage":"fr-FR"},{"@type":"Organization","@id":"https:\/\/www.gruposdiferenciales.es\/fr\/#organization","name":"Grupos Diferenciales","url":"https:\/\/www.gruposdiferenciales.es\/fr\/","logo":{"@type":"ImageObject","inLanguage":"fr-FR","@id":"https:\/\/www.gruposdiferenciales.es\/fr\/#\/schema\/logo\/image\/","url":"https:\/\/www.gruposdiferenciales.es\/wp-content\/uploads\/2024\/05\/logo-grupos-diferenciales.svg","contentUrl":"https:\/\/www.gruposdiferenciales.es\/wp-content\/uploads\/2024\/05\/logo-grupos-diferenciales.svg","width":170,"height":49,"caption":"Grupos Diferenciales"},"image":{"@id":"https:\/\/www.gruposdiferenciales.es\/fr\/#\/schema\/logo\/image\/"}}]}},"_links":{"self":[{"href":"https:\/\/www.gruposdiferenciales.es\/fr\/wp-json\/wp\/v2\/pages\/2952","targetHints":{"allow":["GET"]}}],"collection":[{"href":"https:\/\/www.gruposdiferenciales.es\/fr\/wp-json\/wp\/v2\/pages"}],"about":[{"href":"https:\/\/www.gruposdiferenciales.es\/fr\/wp-json\/wp\/v2\/types\/page"}],"author":[{"embeddable":true,"href":"https:\/\/www.gruposdiferenciales.es\/fr\/wp-json\/wp\/v2\/users\/1"}],"replies":[{"embeddable":true,"href":"https:\/\/www.gruposdiferenciales.es\/fr\/wp-json\/wp\/v2\/comments?post=2952"}],"version-history":[{"count":2,"href":"https:\/\/www.gruposdiferenciales.es\/fr\/wp-json\/wp\/v2\/pages\/2952\/revisions"}],"predecessor-version":[{"id":3540,"href":"https:\/\/www.gruposdiferenciales.es\/fr\/wp-json\/wp\/v2\/pages\/2952\/revisions\/3540"}],"up":[{"embeddable":true,"href":"https:\/\/www.gruposdiferenciales.es\/fr\/wp-json\/wp\/v2\/pages\/2837"}],"wp:attachment":[{"href":"https:\/\/www.gruposdiferenciales.es\/fr\/wp-json\/wp\/v2\/media?parent=2952"}],"curies":[{"name":"wp","href":"https:\/\/api.w.org\/{rel}","templated":true}]}}