{"id":3051,"date":"2024-04-18T20:57:36","date_gmt":"2024-04-18T20:57:36","guid":{"rendered":"https:\/\/www.gruposdiferenciales.es\/prodotti\/ingranaggi-conici\/"},"modified":"2024-12-02T13:13:10","modified_gmt":"2024-12-02T13:13:10","slug":"ingranaggi-conici","status":"publish","type":"page","link":"https:\/\/www.gruposdiferenciales.es\/it\/prodotti\/ingranaggi-conici\/","title":{"rendered":"Ingranaggi conici"},"content":{"rendered":"\t\t<div data-elementor-type=\"wp-page\" data-elementor-id=\"3051\" class=\"elementor elementor-3051 elementor-941\" data-elementor-post-type=\"page\">\n\t\t\t\t\t\t<section class=\"elementor-section elementor-top-section elementor-element elementor-element-ea75a71 elementor-section-boxed elementor-section-height-default elementor-section-height-default\" data-id=\"ea75a71\" data-element_type=\"section\" data-settings=\"{&quot;background_background&quot;:&quot;classic&quot;,&quot;background_motion_fx_motion_fx_scrolling&quot;:&quot;yes&quot;,&quot;background_motion_fx_translateY_effect&quot;:&quot;yes&quot;,&quot;background_motion_fx_translateY_speed&quot;:{&quot;unit&quot;:&quot;px&quot;,&quot;size&quot;:4,&quot;sizes&quot;:[]},&quot;background_motion_fx_translateY_affectedRange&quot;:{&quot;unit&quot;:&quot;%&quot;,&quot;size&quot;:&quot;&quot;,&quot;sizes&quot;:{&quot;start&quot;:0,&quot;end&quot;:100}},&quot;background_motion_fx_devices&quot;:[&quot;desktop&quot;,&quot;tablet&quot;,&quot;mobile&quot;]}\">\n\t\t\t\t\t\t<div class=\"elementor-container elementor-column-gap-default\">\n\t\t\t\t\t<div class=\"elementor-column elementor-col-100 elementor-top-column elementor-element elementor-element-0d49417\" data-id=\"0d49417\" data-element_type=\"column\">\n\t\t\t<div class=\"elementor-widget-wrap elementor-element-populated\">\n\t\t\t\t\t\t<div class=\"elementor-element elementor-element-265a698 elementor-widget elementor-widget-heading\" data-id=\"265a698\" data-element_type=\"widget\" data-widget_type=\"heading.default\">\n\t\t\t\t<div class=\"elementor-widget-container\">\n\t\t\t\t\t<h1 class=\"elementor-heading-title elementor-size-default\">Ingranaggi conici<\/h1>\t\t\t\t<\/div>\n\t\t\t\t<\/div>\n\t\t\t\t<div class=\"elementor-element elementor-element-23d14c1 elementor-widget elementor-widget-text-editor\" data-id=\"23d14c1\" data-element_type=\"widget\" data-widget_type=\"text-editor.default\">\n\t\t\t\t<div class=\"elementor-widget-container\">\n\t\t\t\t\t\t\t\t\t<p>Leader nella progettazione e produzione di ingranaggi<\/p>\n\t\t\t\t\t\t\t\t<\/div>\n\t\t\t\t<\/div>\n\t\t\t\t\t<\/div>\n\t\t<\/div>\n\t\t\t\t\t<\/div>\n\t\t<\/section>\n\t\t\t\t<section class=\"elementor-section elementor-top-section elementor-element elementor-element-401b143 elementor-section-boxed elementor-section-height-default elementor-section-height-default\" data-id=\"401b143\" data-element_type=\"section\">\n\t\t\t\t\t\t<div class=\"elementor-container elementor-column-gap-default\">\n\t\t\t\t\t<div class=\"elementor-column elementor-col-33 elementor-top-column elementor-element elementor-element-cb657b6\" data-id=\"cb657b6\" data-element_type=\"column\">\n\t\t\t<div class=\"elementor-widget-wrap elementor-element-populated\">\n\t\t\t\t\t\t<div class=\"elementor-element elementor-element-97d7b04 elementor-widget elementor-widget-text-editor\" data-id=\"97d7b04\" data-element_type=\"widget\" data-widget_type=\"text-editor.default\">\n\t\t\t\t<div class=\"elementor-widget-container\">\n\t\t\t\t\t\t\t\t\t<p>La nostra specialit\u00e0 \u00e8 la produzione di ingranaggi conici a spirale e ipoidi nelle pi\u00f9 importanti tecnologie: Gleason, Klingelnberg e Oerlikon, sia in versione <strong>STAPED<\/strong> che <strong>HARD FINISHED<\/strong>.<\/p>\n<p>Per lo sviluppo dei calcoli utilizziamo algoritmi a elementi finiti nella fresatura frontale, nella dentatura frontale e nelle geometrie ciclopaloidi in 3 sistemi: Gleason, Oerlikon e Klingelnberg. I processi di finitura dura, <strong>RECTIFIED<\/strong> e <strong>HPG<\/strong> garantiscono una maggiore precisione e una migliore qualit\u00e0 di finitura rispetto agli ingranaggi lappati. <\/p>\n\t\t\t\t\t\t\t\t<\/div>\n\t\t\t\t<\/div>\n\t\t\t\t\t<\/div>\n\t\t<\/div>\n\t\t\t\t<div class=\"elementor-column elementor-col-66 elementor-top-column elementor-element elementor-element-7708b1d\" data-id=\"7708b1d\" data-element_type=\"column\">\n\t\t\t<div class=\"elementor-widget-wrap elementor-element-populated\">\n\t\t\t\t\t\t<div class=\"elementor-element elementor-element-86ed277 elementor-widget elementor-widget-text-editor\" data-id=\"86ed277\" data-element_type=\"widget\" data-widget_type=\"text-editor.default\">\n\t\t\t\t<div class=\"elementor-widget-container\">\n\t\t\t\t\t\t\t\t\t<p>Per aumentare la qualit\u00e0 della superficie e la resistenza del fianco, possiamo fornire trattamenti superficiali come la pallinatura e i trattamenti isotropici.<\/p>\n<p>Possiamo produrre ingranaggi conici con diametro esterno fino a 1150 mm e Mn 23, raggiungendo gradi di alta precisione. Le nostre ispezioni comprendono la verifica della rugosit\u00e0 del fianco, l&#8217;analisi del burn-in, l&#8217;analisi delle particelle magnetiche, la verifica del contatto, la topografia dimensionale (gradi DIN\/AGMA) e la verifica del rumore mediante la procedura del singolo fianco e l&#8217;accelerometria strutturale. <\/p>\n\t\t\t\t\t\t\t\t<\/div>\n\t\t\t\t<\/div>\n\t\t\t\t\t<\/div>\n\t\t<\/div>\n\t\t\t\t\t<\/div>\n\t\t<\/section>\n\t\t\t\t<section class=\"elementor-section elementor-top-section elementor-element elementor-element-69b2945 elementor-section-boxed elementor-section-height-default elementor-section-height-default\" data-id=\"69b2945\" data-element_type=\"section\">\n\t\t\t\t\t\t<div class=\"elementor-container elementor-column-gap-default\">\n\t\t\t\t\t<div class=\"elementor-column elementor-col-100 elementor-top-column elementor-element elementor-element-e159001\" data-id=\"e159001\" data-element_type=\"column\">\n\t\t\t<div class=\"elementor-widget-wrap elementor-element-populated\">\n\t\t\t\t\t\t<div class=\"elementor-element elementor-element-8bb187e elementor-widget elementor-widget-video\" data-id=\"8bb187e\" data-element_type=\"widget\" data-settings=\"{&quot;video_type&quot;:&quot;hosted&quot;,&quot;controls&quot;:&quot;yes&quot;}\" data-widget_type=\"video.default\">\n\t\t\t\t<div class=\"elementor-widget-container\">\n\t\t\t\t\t\t\t<div class=\"e-hosted-video elementor-wrapper elementor-open-inline\">\n\t\t\t\t\t<video class=\"elementor-video\" src=\"https:\/\/www.gruposdiferenciales.es\/wp-content\/uploads\/2024\/04\/grupos-conicos.mp4\" controls=\"\" preload=\"metadata\" controlsList=\"nodownload\"><\/video>\n\t\t\t\t<\/div>\n\t\t\t\t\t\t<\/div>\n\t\t\t\t<\/div>\n\t\t\t\t\t<\/div>\n\t\t<\/div>\n\t\t\t\t\t<\/div>\n\t\t<\/section>\n\t\t\t\t<\/div>\n\t\t","protected":false},"excerpt":{"rendered":"<p>Ingranaggi conici Leader nella progettazione e produzione di ingranaggi La nostra specialit\u00e0 \u00e8 la produzione di ingranaggi conici a spirale e ipoidi nelle pi\u00f9 importanti tecnologie: Gleason, Klingelnberg e Oerlikon, sia in versione STAPED che HARD FINISHED. Per lo sviluppo dei calcoli utilizziamo algoritmi a elementi finiti nella fresatura frontale, nella dentatura frontale e nelle [&hellip;]<\/p>\n","protected":false},"author":1,"featured_media":0,"parent":3049,"menu_order":0,"comment_status":"closed","ping_status":"closed","template":"","meta":{"inline_featured_image":false,"footnotes":""},"class_list":["post-3051","page","type-page","status-publish","hentry"],"yoast_head":"<!-- This site is optimized with the Yoast SEO plugin v26.3 - https:\/\/yoast.com\/wordpress\/plugins\/seo\/ -->\n<title>Ingranaggi conici - Grupos Diferenciales<\/title>\n<meta name=\"description\" content=\"Produzione di ingranaggi conici spiroidali e ipoidi con tecnologie avanzate, con test di alta precisione e qualit\u00e0.\" \/>\n<meta name=\"robots\" content=\"index, follow, max-snippet:-1, max-image-preview:large, max-video-preview:-1\" \/>\n<link rel=\"canonical\" href=\"https:\/\/www.gruposdiferenciales.es\/it\/prodotti\/ingranaggi-conici\/\" \/>\n<meta property=\"og:locale\" content=\"it_IT\" \/>\n<meta property=\"og:type\" content=\"article\" \/>\n<meta property=\"og:title\" content=\"Ingranaggi conici - Grupos Diferenciales\" \/>\n<meta property=\"og:description\" content=\"Produzione di ingranaggi conici spiroidali e ipoidi con tecnologie avanzate, con test di alta precisione e qualit\u00e0.\" \/>\n<meta property=\"og:url\" content=\"https:\/\/www.gruposdiferenciales.es\/it\/prodotti\/ingranaggi-conici\/\" \/>\n<meta property=\"og:site_name\" content=\"Grupos Diferenciales\" \/>\n<meta property=\"article:modified_time\" content=\"2024-12-02T13:13:10+00:00\" \/>\n<meta name=\"twitter:card\" content=\"summary_large_image\" \/>\n<meta name=\"twitter:label1\" content=\"Tempo di lettura stimato\" \/>\n\t<meta name=\"twitter:data1\" content=\"1 minuto\" \/>\n<script type=\"application\/ld+json\" class=\"yoast-schema-graph\">{\"@context\":\"https:\/\/schema.org\",\"@graph\":[{\"@type\":\"WebPage\",\"@id\":\"https:\/\/www.gruposdiferenciales.es\/it\/prodotti\/ingranaggi-conici\/\",\"url\":\"https:\/\/www.gruposdiferenciales.es\/it\/prodotti\/ingranaggi-conici\/\",\"name\":\"Ingranaggi conici - Grupos Diferenciales\",\"isPartOf\":{\"@id\":\"https:\/\/www.gruposdiferenciales.es\/it\/#website\"},\"datePublished\":\"2024-04-18T20:57:36+00:00\",\"dateModified\":\"2024-12-02T13:13:10+00:00\",\"description\":\"Produzione di ingranaggi conici spiroidali e ipoidi con tecnologie avanzate, con test di alta precisione e qualit\u00e0.\",\"breadcrumb\":{\"@id\":\"https:\/\/www.gruposdiferenciales.es\/it\/prodotti\/ingranaggi-conici\/#breadcrumb\"},\"inLanguage\":\"it-IT\",\"potentialAction\":[{\"@type\":\"ReadAction\",\"target\":[\"https:\/\/www.gruposdiferenciales.es\/it\/prodotti\/ingranaggi-conici\/\"]}]},{\"@type\":\"BreadcrumbList\",\"@id\":\"https:\/\/www.gruposdiferenciales.es\/it\/prodotti\/ingranaggi-conici\/#breadcrumb\",\"itemListElement\":[{\"@type\":\"ListItem\",\"position\":1,\"name\":\"Portada\",\"item\":\"https:\/\/www.gruposdiferenciales.es\/it\/grupos-diferenciales-home-it\/\"},{\"@type\":\"ListItem\",\"position\":2,\"name\":\"Prodotti\",\"item\":\"https:\/\/www.gruposdiferenciales.es\/it\/prodotti\/\"},{\"@type\":\"ListItem\",\"position\":3,\"name\":\"Ingranaggi conici\"}]},{\"@type\":\"WebSite\",\"@id\":\"https:\/\/www.gruposdiferenciales.es\/it\/#website\",\"url\":\"https:\/\/www.gruposdiferenciales.es\/it\/\",\"name\":\"Grupos Diferenciales\",\"description\":\"Dise\u00f1o y fabricaci\u00f3n de engranajes y subconjuntos\",\"publisher\":{\"@id\":\"https:\/\/www.gruposdiferenciales.es\/it\/#organization\"},\"potentialAction\":[{\"@type\":\"SearchAction\",\"target\":{\"@type\":\"EntryPoint\",\"urlTemplate\":\"https:\/\/www.gruposdiferenciales.es\/it\/?s={search_term_string}\"},\"query-input\":{\"@type\":\"PropertyValueSpecification\",\"valueRequired\":true,\"valueName\":\"search_term_string\"}}],\"inLanguage\":\"it-IT\"},{\"@type\":\"Organization\",\"@id\":\"https:\/\/www.gruposdiferenciales.es\/it\/#organization\",\"name\":\"Grupos Diferenciales\",\"url\":\"https:\/\/www.gruposdiferenciales.es\/it\/\",\"logo\":{\"@type\":\"ImageObject\",\"inLanguage\":\"it-IT\",\"@id\":\"https:\/\/www.gruposdiferenciales.es\/it\/#\/schema\/logo\/image\/\",\"url\":\"https:\/\/www.gruposdiferenciales.es\/wp-content\/uploads\/2024\/05\/logo-grupos-diferenciales.svg\",\"contentUrl\":\"https:\/\/www.gruposdiferenciales.es\/wp-content\/uploads\/2024\/05\/logo-grupos-diferenciales.svg\",\"width\":170,\"height\":49,\"caption\":\"Grupos Diferenciales\"},\"image\":{\"@id\":\"https:\/\/www.gruposdiferenciales.es\/it\/#\/schema\/logo\/image\/\"}}]}<\/script>\n<!-- \/ Yoast SEO plugin. -->","yoast_head_json":{"title":"Ingranaggi conici - Grupos Diferenciales","description":"Produzione di ingranaggi conici spiroidali e ipoidi con tecnologie avanzate, con test di alta precisione e qualit\u00e0.","robots":{"index":"index","follow":"follow","max-snippet":"max-snippet:-1","max-image-preview":"max-image-preview:large","max-video-preview":"max-video-preview:-1"},"canonical":"https:\/\/www.gruposdiferenciales.es\/it\/prodotti\/ingranaggi-conici\/","og_locale":"it_IT","og_type":"article","og_title":"Ingranaggi conici - Grupos Diferenciales","og_description":"Produzione di ingranaggi conici spiroidali e ipoidi con tecnologie avanzate, con test di alta precisione e qualit\u00e0.","og_url":"https:\/\/www.gruposdiferenciales.es\/it\/prodotti\/ingranaggi-conici\/","og_site_name":"Grupos Diferenciales","article_modified_time":"2024-12-02T13:13:10+00:00","twitter_card":"summary_large_image","twitter_misc":{"Tempo di lettura stimato":"1 minuto"},"schema":{"@context":"https:\/\/schema.org","@graph":[{"@type":"WebPage","@id":"https:\/\/www.gruposdiferenciales.es\/it\/prodotti\/ingranaggi-conici\/","url":"https:\/\/www.gruposdiferenciales.es\/it\/prodotti\/ingranaggi-conici\/","name":"Ingranaggi conici - Grupos Diferenciales","isPartOf":{"@id":"https:\/\/www.gruposdiferenciales.es\/it\/#website"},"datePublished":"2024-04-18T20:57:36+00:00","dateModified":"2024-12-02T13:13:10+00:00","description":"Produzione di ingranaggi conici spiroidali e ipoidi con tecnologie avanzate, con test di alta precisione e qualit\u00e0.","breadcrumb":{"@id":"https:\/\/www.gruposdiferenciales.es\/it\/prodotti\/ingranaggi-conici\/#breadcrumb"},"inLanguage":"it-IT","potentialAction":[{"@type":"ReadAction","target":["https:\/\/www.gruposdiferenciales.es\/it\/prodotti\/ingranaggi-conici\/"]}]},{"@type":"BreadcrumbList","@id":"https:\/\/www.gruposdiferenciales.es\/it\/prodotti\/ingranaggi-conici\/#breadcrumb","itemListElement":[{"@type":"ListItem","position":1,"name":"Portada","item":"https:\/\/www.gruposdiferenciales.es\/it\/grupos-diferenciales-home-it\/"},{"@type":"ListItem","position":2,"name":"Prodotti","item":"https:\/\/www.gruposdiferenciales.es\/it\/prodotti\/"},{"@type":"ListItem","position":3,"name":"Ingranaggi conici"}]},{"@type":"WebSite","@id":"https:\/\/www.gruposdiferenciales.es\/it\/#website","url":"https:\/\/www.gruposdiferenciales.es\/it\/","name":"Grupos Diferenciales","description":"Dise\u00f1o y fabricaci\u00f3n de engranajes y subconjuntos","publisher":{"@id":"https:\/\/www.gruposdiferenciales.es\/it\/#organization"},"potentialAction":[{"@type":"SearchAction","target":{"@type":"EntryPoint","urlTemplate":"https:\/\/www.gruposdiferenciales.es\/it\/?s={search_term_string}"},"query-input":{"@type":"PropertyValueSpecification","valueRequired":true,"valueName":"search_term_string"}}],"inLanguage":"it-IT"},{"@type":"Organization","@id":"https:\/\/www.gruposdiferenciales.es\/it\/#organization","name":"Grupos Diferenciales","url":"https:\/\/www.gruposdiferenciales.es\/it\/","logo":{"@type":"ImageObject","inLanguage":"it-IT","@id":"https:\/\/www.gruposdiferenciales.es\/it\/#\/schema\/logo\/image\/","url":"https:\/\/www.gruposdiferenciales.es\/wp-content\/uploads\/2024\/05\/logo-grupos-diferenciales.svg","contentUrl":"https:\/\/www.gruposdiferenciales.es\/wp-content\/uploads\/2024\/05\/logo-grupos-diferenciales.svg","width":170,"height":49,"caption":"Grupos Diferenciales"},"image":{"@id":"https:\/\/www.gruposdiferenciales.es\/it\/#\/schema\/logo\/image\/"}}]}},"_links":{"self":[{"href":"https:\/\/www.gruposdiferenciales.es\/it\/wp-json\/wp\/v2\/pages\/3051","targetHints":{"allow":["GET"]}}],"collection":[{"href":"https:\/\/www.gruposdiferenciales.es\/it\/wp-json\/wp\/v2\/pages"}],"about":[{"href":"https:\/\/www.gruposdiferenciales.es\/it\/wp-json\/wp\/v2\/types\/page"}],"author":[{"embeddable":true,"href":"https:\/\/www.gruposdiferenciales.es\/it\/wp-json\/wp\/v2\/users\/1"}],"replies":[{"embeddable":true,"href":"https:\/\/www.gruposdiferenciales.es\/it\/wp-json\/wp\/v2\/comments?post=3051"}],"version-history":[{"count":2,"href":"https:\/\/www.gruposdiferenciales.es\/it\/wp-json\/wp\/v2\/pages\/3051\/revisions"}],"predecessor-version":[{"id":3594,"href":"https:\/\/www.gruposdiferenciales.es\/it\/wp-json\/wp\/v2\/pages\/3051\/revisions\/3594"}],"up":[{"embeddable":true,"href":"https:\/\/www.gruposdiferenciales.es\/it\/wp-json\/wp\/v2\/pages\/3049"}],"wp:attachment":[{"href":"https:\/\/www.gruposdiferenciales.es\/it\/wp-json\/wp\/v2\/media?parent=3051"}],"curies":[{"name":"wp","href":"https:\/\/api.w.org\/{rel}","templated":true}]}}